{"id":3828,"date":"2025-09-04T06:32:51","date_gmt":"2025-09-04T06:32:51","guid":{"rendered":"https:\/\/allin.online\/logaibh-a-steach\/"},"modified":"2026-03-20T17:24:20","modified_gmt":"2026-03-20T17:24:20","slug":"logaibh-a-steach","status":"publish","type":"page","link":"https:\/\/allin.online\/gd-gb\/logaibh-a-steach\/","title":{"rendered":"Logaibh a-steach no cl\u00e0raich a-steachccount"},"content":{"rendered":"\n<p>Are you having issues logging in?<a href=\"https:\/\/allin.zendesk.com\/hc\/en-gb\/articles\/4945585205023-How-To-Log-In-To-Your-Account\">  Visit our help centre<\/a><\/p>\n\n\n<div class=\"page-links wp-block-ace-subscription-page-link\">\n\t\t\n\t\t<div class=\"block bg-grey link-block inner-padding\">\n\t\t\t<h3><strong>A bheil a&#8217; bhuidheann agaibh suidhichte taobh a-muigh Shasainn?<\/strong><\/h3>\n\t\t\t<p>Tha Cunntasan rim faighinn do bhuidhnean ann an Sasainn a-mh\u00e0in aig an \u00e0m seo. Ma tha sibh st\u00e8idhichte ann an \u00e0ite eile, faodaidh sibh ur n-\u00f9idh a nochdadh, agus leigidh sibh fios cho luath \u2018s a dh\u2019fhosglas cunntasan san d\u00f9thaich agaibh.<\/p>\n\t\t\t<a href=https:\/\/allin.online\/sign-up\/ class=\"button decorative\"><strong>Cl\u00e0raich a-steach<\/strong><\/a>\n\t\t\t<p class=\"small\"><br><a target=\"_blank\" href=\"https:\/\/pilot.allin.online\/\"><\/a><\/p>\n\t\t<\/div>\n\t<\/div>","protected":false},"excerpt":{"rendered":"<p>Are you having issues logging in? Visit our help centre<\/p>\n","protected":false},"author":1,"featured_media":0,"parent":0,"menu_order":0,"comment_status":"closed","ping_status":"closed","template":"login.php","meta":{"_acf_changed":false,"bsl_video":false,"register_block":false,"footnotes":""},"class_list":["post-3828","page","type-page","status-publish","hentry"],"acf":{"enable_signapse":false},"yoast_head":"<!-- This site is optimized with the Yoast SEO plugin v27.4 - https:\/\/yoast.com\/product\/yoast-seo-wordpress\/ -->\n<title>Logaibh a-steach no cl\u00e0raich a-steachccount - All In<\/title>\n<meta name=\"description\" content=\"All In believes creativity and culture should be accessible to everyone. That\u2019s why we are developing a UK-wide access scheme.\" \/>\n<meta name=\"robots\" content=\"index, follow, max-snippet:-1, max-image-preview:large, max-video-preview:-1\" \/>\n<link rel=\"canonical\" href=\"https:\/\/allin.online\/gd-gb\/logaibh-a-steach\/\" \/>\n<meta property=\"og:locale\" content=\"en_US\" \/>\n<meta property=\"og:type\" content=\"article\" \/>\n<meta property=\"og:title\" content=\"Logaibh a-steach no cl\u00e0raich a-steachccount - All In\" \/>\n<meta property=\"og:description\" content=\"All In believes creativity and culture should be accessible to everyone. That\u2019s why we are developing a UK-wide access scheme.\" \/>\n<meta property=\"og:url\" content=\"https:\/\/allin.online\/gd-gb\/logaibh-a-steach\/\" \/>\n<meta property=\"og:site_name\" content=\"All In\" \/>\n<meta property=\"article:modified_time\" content=\"2026-03-20T17:24:20+00:00\" \/>\n<meta property=\"og:image\" content=\"https:\/\/allin.online\/wp-content\/uploads\/2023\/11\/All-In_OG-image.png\" \/>\n\t<meta property=\"og:image:width\" content=\"1200\" \/>\n\t<meta property=\"og:image:height\" content=\"675\" \/>\n\t<meta property=\"og:image:type\" content=\"image\/png\" \/>\n<meta name=\"twitter:card\" content=\"summary_large_image\" \/>\n<meta name=\"twitter:label1\" content=\"Est. reading time\" \/>\n\t<meta name=\"twitter:data1\" content=\"1 minute\" \/>\n<script type=\"application\/ld+json\" class=\"yoast-schema-graph\">{\"@context\":\"https:\\\/\\\/schema.org\",\"@graph\":[{\"@type\":\"WebPage\",\"@id\":\"https:\\\/\\\/allin.online\\\/gd-gb\\\/logaibh-a-steach\\\/\",\"url\":\"https:\\\/\\\/allin.online\\\/gd-gb\\\/logaibh-a-steach\\\/\",\"name\":\"Logaibh a-steach no cl\u00e0raich a-steachccount - All In\",\"isPartOf\":{\"@id\":\"https:\\\/\\\/allin.online\\\/gd-gb\\\/#website\"},\"datePublished\":\"2025-09-04T06:32:51+00:00\",\"dateModified\":\"2026-03-20T17:24:20+00:00\",\"description\":\"All In believes creativity and culture should be accessible to everyone. That\u2019s why we are developing a UK-wide access scheme.\",\"breadcrumb\":{\"@id\":\"https:\\\/\\\/allin.online\\\/gd-gb\\\/logaibh-a-steach\\\/#breadcrumb\"},\"inLanguage\":\"gd-GB\",\"potentialAction\":[{\"@type\":\"ReadAction\",\"target\":[\"https:\\\/\\\/allin.online\\\/gd-gb\\\/logaibh-a-steach\\\/\"]}]},{\"@type\":\"BreadcrumbList\",\"@id\":\"https:\\\/\\\/allin.online\\\/gd-gb\\\/logaibh-a-steach\\\/#breadcrumb\",\"itemListElement\":[{\"@type\":\"ListItem\",\"position\":1,\"name\":\"Duilleag-dhachaigh\",\"item\":\"https:\\\/\\\/allin.online\\\/gd-gb\\\/\"},{\"@type\":\"ListItem\",\"position\":2,\"name\":\"Logaibh a-steach no cl\u00e0raich a-steachccount\"}]},{\"@type\":\"WebSite\",\"@id\":\"https:\\\/\\\/allin.online\\\/gd-gb\\\/#website\",\"url\":\"https:\\\/\\\/allin.online\\\/gd-gb\\\/\",\"name\":\"All in\",\"description\":\"Tha f\u00e0ilte air a h-uile duine\",\"publisher\":{\"@id\":\"https:\\\/\\\/allin.online\\\/gd-gb\\\/#organization\"},\"potentialAction\":[{\"@type\":\"SearchAction\",\"target\":{\"@type\":\"EntryPoint\",\"urlTemplate\":\"https:\\\/\\\/allin.online\\\/gd-gb\\\/?s={search_term_string}\"},\"query-input\":{\"@type\":\"PropertyValueSpecification\",\"valueRequired\":true,\"valueName\":\"search_term_string\"}}],\"inLanguage\":\"gd-GB\"},{\"@type\":\"Organization\",\"@id\":\"https:\\\/\\\/allin.online\\\/gd-gb\\\/#organization\",\"name\":\"All in\",\"url\":\"https:\\\/\\\/allin.online\\\/gd-gb\\\/\",\"logo\":{\"@type\":\"ImageObject\",\"inLanguage\":\"gd-GB\",\"@id\":\"https:\\\/\\\/allin.online\\\/gd-gb\\\/#\\\/schema\\\/logo\\\/image\\\/\",\"url\":\"https:\\\/\\\/allin.online\\\/wp-content\\\/uploads\\\/2023\\\/11\\\/696x696.png\",\"contentUrl\":\"https:\\\/\\\/allin.online\\\/wp-content\\\/uploads\\\/2023\\\/11\\\/696x696.png\",\"width\":696,\"height\":696,\"caption\":\"All in\"},\"image\":{\"@id\":\"https:\\\/\\\/allin.online\\\/gd-gb\\\/#\\\/schema\\\/logo\\\/image\\\/\"}}]}<\/script>\n<!-- \/ Yoast SEO plugin. -->","yoast_head_json":{"title":"Logaibh a-steach no cl\u00e0raich a-steachccount - All In","description":"All In believes creativity and culture should be accessible to everyone. That\u2019s why we are developing a UK-wide access scheme.","robots":{"index":"index","follow":"follow","max-snippet":"max-snippet:-1","max-image-preview":"max-image-preview:large","max-video-preview":"max-video-preview:-1"},"canonical":"https:\/\/allin.online\/gd-gb\/logaibh-a-steach\/","og_locale":"en_US","og_type":"article","og_title":"Logaibh a-steach no cl\u00e0raich a-steachccount - All In","og_description":"All In believes creativity and culture should be accessible to everyone. That\u2019s why we are developing a UK-wide access scheme.","og_url":"https:\/\/allin.online\/gd-gb\/logaibh-a-steach\/","og_site_name":"All In","article_modified_time":"2026-03-20T17:24:20+00:00","og_image":[{"width":1200,"height":675,"url":"https:\/\/allin.online\/wp-content\/uploads\/2023\/11\/All-In_OG-image.png","type":"image\/png"}],"twitter_card":"summary_large_image","twitter_misc":{"Est. reading time":"1 minute"},"schema":{"@context":"https:\/\/schema.org","@graph":[{"@type":"WebPage","@id":"https:\/\/allin.online\/gd-gb\/logaibh-a-steach\/","url":"https:\/\/allin.online\/gd-gb\/logaibh-a-steach\/","name":"Logaibh a-steach no cl\u00e0raich a-steachccount - All In","isPartOf":{"@id":"https:\/\/allin.online\/gd-gb\/#website"},"datePublished":"2025-09-04T06:32:51+00:00","dateModified":"2026-03-20T17:24:20+00:00","description":"All In believes creativity and culture should be accessible to everyone. That\u2019s why we are developing a UK-wide access scheme.","breadcrumb":{"@id":"https:\/\/allin.online\/gd-gb\/logaibh-a-steach\/#breadcrumb"},"inLanguage":"gd-GB","potentialAction":[{"@type":"ReadAction","target":["https:\/\/allin.online\/gd-gb\/logaibh-a-steach\/"]}]},{"@type":"BreadcrumbList","@id":"https:\/\/allin.online\/gd-gb\/logaibh-a-steach\/#breadcrumb","itemListElement":[{"@type":"ListItem","position":1,"name":"Duilleag-dhachaigh","item":"https:\/\/allin.online\/gd-gb\/"},{"@type":"ListItem","position":2,"name":"Logaibh a-steach no cl\u00e0raich a-steachccount"}]},{"@type":"WebSite","@id":"https:\/\/allin.online\/gd-gb\/#website","url":"https:\/\/allin.online\/gd-gb\/","name":"All in","description":"Tha f\u00e0ilte air a h-uile duine","publisher":{"@id":"https:\/\/allin.online\/gd-gb\/#organization"},"potentialAction":[{"@type":"SearchAction","target":{"@type":"EntryPoint","urlTemplate":"https:\/\/allin.online\/gd-gb\/?s={search_term_string}"},"query-input":{"@type":"PropertyValueSpecification","valueRequired":true,"valueName":"search_term_string"}}],"inLanguage":"gd-GB"},{"@type":"Organization","@id":"https:\/\/allin.online\/gd-gb\/#organization","name":"All in","url":"https:\/\/allin.online\/gd-gb\/","logo":{"@type":"ImageObject","inLanguage":"gd-GB","@id":"https:\/\/allin.online\/gd-gb\/#\/schema\/logo\/image\/","url":"https:\/\/allin.online\/wp-content\/uploads\/2023\/11\/696x696.png","contentUrl":"https:\/\/allin.online\/wp-content\/uploads\/2023\/11\/696x696.png","width":696,"height":696,"caption":"All in"},"image":{"@id":"https:\/\/allin.online\/gd-gb\/#\/schema\/logo\/image\/"}}]}},"_links":{"self":[{"href":"https:\/\/allin.online\/gd-gb\/wp-json\/wp\/v2\/pages\/3828","targetHints":{"allow":["GET"]}}],"collection":[{"href":"https:\/\/allin.online\/gd-gb\/wp-json\/wp\/v2\/pages"}],"about":[{"href":"https:\/\/allin.online\/gd-gb\/wp-json\/wp\/v2\/types\/page"}],"author":[{"embeddable":true,"href":"https:\/\/allin.online\/gd-gb\/wp-json\/wp\/v2\/users\/1"}],"replies":[{"embeddable":true,"href":"https:\/\/allin.online\/gd-gb\/wp-json\/wp\/v2\/comments?post=3828"}],"version-history":[{"count":4,"href":"https:\/\/allin.online\/gd-gb\/wp-json\/wp\/v2\/pages\/3828\/revisions"}],"predecessor-version":[{"id":7713,"href":"https:\/\/allin.online\/gd-gb\/wp-json\/wp\/v2\/pages\/3828\/revisions\/7713"}],"wp:attachment":[{"href":"https:\/\/allin.online\/gd-gb\/wp-json\/wp\/v2\/media?parent=3828"}],"curies":[{"name":"wp","href":"https:\/\/api.w.org\/{rel}","templated":true}]}}