{"id":3808,"date":"2025-09-04T06:23:47","date_gmt":"2025-09-04T06:23:47","guid":{"rendered":"https:\/\/allin.online\/all-in-airson-na-roinne\/sign-up-for-a-free-taster-account\/"},"modified":"2025-09-04T12:53:14","modified_gmt":"2025-09-04T12:53:14","slug":"claraich-airson-cunntas-blasaid-an-asgaidh","status":"publish","type":"page","link":"https:\/\/allin.online\/gd-gb\/all-in-airson-na-roinne\/claraich-airson-cunntas-blasaid-an-asgaidh\/","title":{"rendered":"Cl\u00e0raich airson Cunntas Blasaid an-asgaidh"},"content":{"rendered":"\n<div class=\"wp-block-ace-content flex content-content bg_white padding indent two-column\"><div class=\"content_wrapper\"><h3 id=\"page_sub_nav\" class=\"mobile_only\">Rannsaich Goireasan Roinn<\/h3><select aria-labelledby=\"page_sub_nav\" class=\"mobile_only\" id=\"nav_select\"><option>Cl\u00e0raich airson Cunntas Blasaid an-asgaidh<\/option><option value=\"https:\/\/allin.online\/gd-gb\/all-in-airson-na-roinne\/\">All In airson na Roinne<\/option><option value=\"https:\/\/allin.online\/gd-gb\/all-in-airson-na-roinne\/ceistean-cumanta\/\">Ceistean Cumanta<\/option><option value=\"https:\/\/allin.online\/gd-gb\/all-in-airson-na-roinne\/eolaire-taic\/\">E\u00f2laire taic<\/option><option value=\"https:\/\/allin.online\/gd-gb\/fo-sgriobhadh-all-in\/\">Fo-sgr\u00ecobhadh All In<\/option><\/select>\n<div class=\"wp-block-ace-intro content-intro\"><p>Ag iarraidh barrachd fios mu All In? Seo cothrom dhuibh gus coimhead air eisimpleir de na h-innealan againn &#8211; agus tha e gu tur an-asgaidh! <\/p><\/div>\n\n\n\n<p>Is e All In an sgeama ruigsinneachd \u00f9r airson cruthachalachd agus cultar. Tha e air a dhealbhadh gus buidhnean, mar a bhuidheann agaibh fh\u00e8in, a chuideachadh gus bacaidhean a thoirt air falbh agus gus piseach a thoirt air c\u00f9isean do dhaoine air a bheil ciorram agus dhaibhsan aig a bheil feumalachdan ruigsinneachd. <\/p>\n\n\n\n<p>Mus sgaoil sinn na pasganan fo-sgr\u00ecobhaidh againn a-mach, tha sinn a\u2019 tabhann ro-shealladh de chuid de na pr\u00ecomh fheartan againn do bhuidhnean cruthachail is cultarach a tha <strong>st\u00e8idhichte ann an Sasainn<\/strong>. <\/p>\n\n\n\n<p><a href=\"https:\/\/allin.online\/gd-gb\/sign-up\/\">Cl\u00e0raichibh gus s\u00f9il a thoirt air na bhios ri faighinn tro l\u00e0n chunntas!<\/a><\/p>\n\n\n\n<p>Ma tha sibh st\u00e8idhichte ann an d\u00f9thaich eile anns an RA no ann an \u00c8irinn, <a href=\"https:\/\/allin.online\/#express_your_interest\">nochdaibh an \u00f9idh agaibh<\/a>, agus leigidh sibh fios thugaibh cho luath \u2018s a bhios Cunntasan Blasaid rim faighinn san d\u00f9thaich agaibh.<\/p>\n\n\n\n<div class=\"wp-block-ace-image content-image alt-block\"><figure class=\"fill block-image alt-block\"><img decoding=\"async\" src=\"https:\/\/allin.online\/wp-content\/uploads\/2023\/10\/Access-Scheme-v1.2-HRes-2981-LR--scaled.jpg\" alt=\"A black woman with a learning disability admires a grand theatre.\"\/><div class=\"alt_block\"><button class=\"alt_trigger\" aria-label=\"Open the Image Description\">Alt<\/button><div class=\"alt_modal\" id=\"image_block_317\" role=\"dialog\" aria-label=\"Image Description\" aria-describedby=\"desc_image_block_317\"><p id=\"desc_image_block_317\">A black woman with a learning disability admires a grand theatre.<\/p><button class=\"close\">Close <span class=\"screen-reader-text\">Image Description<\/span><\/button><\/div><\/div><\/figure><figcaption><p class=\"caption has-small-font-size\">Photos by Karol Wyszynski<\/p><\/figcaption><\/div>\n\n\n\n<h2 class=\"wp-block-ace-heading\"><strong>D\u00e8 a gheibh sibh sa Chunntas Blasaid agaibh?<\/strong><\/h2>\n\n\n\n<h4 class=\"wp-block-ace-heading\"><br><br>Togaibh am pr\u00f2ifil ruigsinneachd agaibh<\/h4>\n\n\n\n<p>Leanaibh am pr\u00f2iseas ceum-air-cheum soilleir againn gus l\u00e8irmheas a dh\u00e8anamh air na ceumannan ruigsinneachd a tha sibh air cur an s\u00e0s mar-th\u00e0. Le bhith a\u2019 cruthachadh pr\u00f2ifil ruigsinneachd, bheir seo cothrom dhuibh f\u00e8in-l\u00e8irmheas a dh\u00e8anamh air an ionad agaibh, a bhith a&#8217; tuigsinn nan ullachaidhean ruigsinneachd l\u00e0ithreach agus a bhith comharrachadh far a bheil sibh airson barrachd a dh\u00e8anamh. Gabhaibh a&#8217; chiad ceum gus obrachadh a-mach na tha ag obrachadh, d\u00e8 dh\u2019fhaodadh a bhith na b&#8217; fhe\u00e0rr, agus cruthaichibh plana gn\u00ecomh airson leasachadh.  <\/p>\n\n\n\n<h4 class=\"wp-block-ace-heading\">Faighibh ro-shealladh air na h-eisimpleirean againn de Bhun-inbhean Ruigsinneachd<\/h4>\n\n\n\n<p>Thoiribh s\u00f9il air na ciad sreathan de bhun-inbhean ruigsinneachd airson cruthachalachd is cultar san RA agus \u00c8irinn. Co-dhi\u00f9 a tha sibh airson na goireasan taigh-beag ruigsinneach agaibh \u00f9rachadh no a bhith a\u2019 tuigsinn mar as urrainn do thr\u00e8anadh luchd-obrach cur ri misneachd agus conaltradh le daoine le ciorraman, bheir na Bun-inbhean againn sti\u00f9ireadh soilleir is practaigeach dhuibh gus leasachaidhean a chur an s\u00e0s.<\/p>\n\n\n\n<p>Bidh na Bun-inbhean a&#8217; gabhail a-steach na leanas:<\/p>\n\n\n\n<ul class=\"wp-block-list\">\n<li>An \u00c0rainneachd Thogte<\/li>\n\n\n\n<li>Conaltradh Didseatach<\/li>\n\n\n\n<li>F\u00e8in-fhiosraichean Cruthachail is Cultarach<\/li>\n\n\n\n<li>Seirbheisean Custamair<\/li>\n<\/ul>\n\n\n\n<p>An uair &#8216;s gu bheil sibh air soidhneadh a-steach, faodaidh sibh Cunntas Blasaid na buidhne agaibh a chur air d\u00f2igh. Seo \u00e0ite far am bi e comasach dhuibh, agus dhan sgioba agaibh, a bhith ag obair c\u00f2mhla air All In. Nuair a tha seo air a chur a-steach, n\u00ec an sgioba againn l\u00e8irmheas air gus d\u00e8anamh cinnteach gu bheil a h-uile rud mar as c\u00f2ir.  <\/p>\n\n\n\n<p>Na gabhaibh dragh, leigidh sinn f\u00ecos thugaibh nuair a tha sibh ullamh agus an uair sin, is urrainn dhuibh cl\u00e0radh a-steach agus t\u00f2iseachadh!<\/p>\n<\/div><aside class=\"sidebar flex-item\"><h3 id=\"page_sub_nav\">Rannsaich Goireasan Roinn<\/h3><nav class=\"sub-nav\"><ul><li class=\"nav-item\"><a href=\"https:\/\/allin.online\/gd-gb\/all-in-airson-na-roinne\/\">All In airson na Roinne<\/a><\/li><li class=\"nav-item\"><a href=\"https:\/\/allin.online\/gd-gb\/all-in-airson-na-roinne\/ceistean-cumanta\/\">Ceistean Cumanta<\/a><\/li><li class=\"nav-item\"><a href=\"https:\/\/allin.online\/gd-gb\/all-in-airson-na-roinne\/eolaire-taic\/\">E\u00f2laire taic<\/a><\/li><li class=\"nav-item\"><a href=\"https:\/\/allin.online\/gd-gb\/fo-sgriobhadh-all-in\/\">Fo-sgr\u00ecobhadh All In<\/a><\/li><li class=\"active\" aria-current=\"true\">Cl\u00e0raich airson Cunntas Blasaid an-asgaidh<\/li><\/ul><\/nav><\/aside><\/div>\n\n\n<div class=\"wp-block-ace-support-footer\">\n\t\t<div class=\"block bg-primary-primary_sub padding\">\n\t\t<h2 class=\"secondary_sub\"><\/h2>\n\t\t\n\t\t<\/div>\n\t<\/div>\n\n<div class=\"wp-block-ace-support-footer\">\n\t\t<div class=\"block bg-primary-primary_sub padding\">\n\t\t<h2 class=\"secondary_sub\">Is sinne All In. Eil sibhse All In?<\/h2>\n\t\t<a href=https:\/\/allin.online\/gd-gb\/sign-up\/ class=\"button decorative\"><strong>Cruthaichibh an Cunntas Blasaid agaibh<\/strong><\/a>\n\t\t<\/div>\n\t<\/div>","protected":false},"excerpt":{"rendered":"","protected":false},"author":1,"featured_media":0,"parent":1270,"menu_order":0,"comment_status":"closed","ping_status":"closed","template":"","meta":{"_acf_changed":false,"bsl_video":false,"register_block":false,"footnotes":""},"class_list":["post-3808","page","type-page","status-publish","hentry"],"acf":{"enable_signapse":true},"yoast_head":"<!-- This site is optimized with the Yoast SEO plugin v27.3 - https:\/\/yoast.com\/product\/yoast-seo-wordpress\/ -->\n<title>Cl\u00e0raich airson Cunntas Blasaid an-asgaidh - All In<\/title>\n<meta name=\"description\" content=\"All In believes creativity and culture should be accessible to everyone. That\u2019s why we are developing a UK-wide access scheme.\" \/>\n<meta name=\"robots\" content=\"index, follow, max-snippet:-1, max-image-preview:large, max-video-preview:-1\" \/>\n<link rel=\"canonical\" href=\"https:\/\/allin.online\/gd-gb\/all-in-airson-na-roinne\/claraich-airson-cunntas-blasaid-an-asgaidh\/\" \/>\n<meta property=\"og:locale\" content=\"en_US\" \/>\n<meta property=\"og:type\" content=\"article\" \/>\n<meta property=\"og:title\" content=\"Cl\u00e0raich airson Cunntas Blasaid an-asgaidh - All In\" \/>\n<meta property=\"og:description\" content=\"All In believes creativity and culture should be accessible to everyone. That\u2019s why we are developing a UK-wide access scheme.\" \/>\n<meta property=\"og:url\" content=\"https:\/\/allin.online\/gd-gb\/all-in-airson-na-roinne\/claraich-airson-cunntas-blasaid-an-asgaidh\/\" \/>\n<meta property=\"og:site_name\" content=\"All In\" \/>\n<meta property=\"article:modified_time\" content=\"2025-09-04T12:53:14+00:00\" \/>\n<meta property=\"og:image\" content=\"https:\/\/allin.online\/wp-content\/uploads\/2023\/10\/Access-Scheme-v1.2-HRes-2981-LR--scaled.jpg\" \/>\n<meta name=\"twitter:card\" content=\"summary_large_image\" \/>\n<meta name=\"twitter:label1\" content=\"Est. reading time\" \/>\n\t<meta name=\"twitter:data1\" content=\"3 minutes\" \/>\n<script type=\"application\/ld+json\" class=\"yoast-schema-graph\">{\"@context\":\"https:\\\/\\\/schema.org\",\"@graph\":[{\"@type\":\"WebPage\",\"@id\":\"https:\\\/\\\/allin.online\\\/gd-gb\\\/all-in-airson-na-roinne\\\/claraich-airson-cunntas-blasaid-an-asgaidh\\\/\",\"url\":\"https:\\\/\\\/allin.online\\\/gd-gb\\\/all-in-airson-na-roinne\\\/claraich-airson-cunntas-blasaid-an-asgaidh\\\/\",\"name\":\"Cl\u00e0raich airson Cunntas Blasaid an-asgaidh - All In\",\"isPartOf\":{\"@id\":\"https:\\\/\\\/allin.online\\\/gd-gb\\\/#website\"},\"primaryImageOfPage\":{\"@id\":\"https:\\\/\\\/allin.online\\\/gd-gb\\\/all-in-airson-na-roinne\\\/claraich-airson-cunntas-blasaid-an-asgaidh\\\/#primaryimage\"},\"image\":{\"@id\":\"https:\\\/\\\/allin.online\\\/gd-gb\\\/all-in-airson-na-roinne\\\/claraich-airson-cunntas-blasaid-an-asgaidh\\\/#primaryimage\"},\"thumbnailUrl\":\"https:\\\/\\\/allin.online\\\/wp-content\\\/uploads\\\/2023\\\/10\\\/Access-Scheme-v1.2-HRes-2981-LR--scaled.jpg\",\"datePublished\":\"2025-09-04T06:23:47+00:00\",\"dateModified\":\"2025-09-04T12:53:14+00:00\",\"description\":\"All In believes creativity and culture should be accessible to everyone. That\u2019s why we are developing a UK-wide access scheme.\",\"breadcrumb\":{\"@id\":\"https:\\\/\\\/allin.online\\\/gd-gb\\\/all-in-airson-na-roinne\\\/claraich-airson-cunntas-blasaid-an-asgaidh\\\/#breadcrumb\"},\"inLanguage\":\"gd-GB\",\"potentialAction\":[{\"@type\":\"ReadAction\",\"target\":[\"https:\\\/\\\/allin.online\\\/gd-gb\\\/all-in-airson-na-roinne\\\/claraich-airson-cunntas-blasaid-an-asgaidh\\\/\"]}]},{\"@type\":\"ImageObject\",\"inLanguage\":\"gd-GB\",\"@id\":\"https:\\\/\\\/allin.online\\\/gd-gb\\\/all-in-airson-na-roinne\\\/claraich-airson-cunntas-blasaid-an-asgaidh\\\/#primaryimage\",\"url\":\"https:\\\/\\\/allin.online\\\/wp-content\\\/uploads\\\/2023\\\/10\\\/Access-Scheme-v1.2-HRes-2981-LR--scaled.jpg\",\"contentUrl\":\"https:\\\/\\\/allin.online\\\/wp-content\\\/uploads\\\/2023\\\/10\\\/Access-Scheme-v1.2-HRes-2981-LR--scaled.jpg\"},{\"@type\":\"BreadcrumbList\",\"@id\":\"https:\\\/\\\/allin.online\\\/gd-gb\\\/all-in-airson-na-roinne\\\/claraich-airson-cunntas-blasaid-an-asgaidh\\\/#breadcrumb\",\"itemListElement\":[{\"@type\":\"ListItem\",\"position\":1,\"name\":\"Duilleag-dhachaigh\",\"item\":\"https:\\\/\\\/allin.online\\\/gd-gb\\\/\"},{\"@type\":\"ListItem\",\"position\":2,\"name\":\"All In airson na Roinne\",\"item\":\"https:\\\/\\\/allin.online\\\/gd-gb\\\/all-in-airson-na-roinne\\\/\"},{\"@type\":\"ListItem\",\"position\":3,\"name\":\"Cl\u00e0raich airson Cunntas Blasaid an-asgaidh\"}]},{\"@type\":\"WebSite\",\"@id\":\"https:\\\/\\\/allin.online\\\/gd-gb\\\/#website\",\"url\":\"https:\\\/\\\/allin.online\\\/gd-gb\\\/\",\"name\":\"All in\",\"description\":\"Tha f\u00e0ilte air a h-uile duine\",\"publisher\":{\"@id\":\"https:\\\/\\\/allin.online\\\/gd-gb\\\/#organization\"},\"potentialAction\":[{\"@type\":\"SearchAction\",\"target\":{\"@type\":\"EntryPoint\",\"urlTemplate\":\"https:\\\/\\\/allin.online\\\/gd-gb\\\/?s={search_term_string}\"},\"query-input\":{\"@type\":\"PropertyValueSpecification\",\"valueRequired\":true,\"valueName\":\"search_term_string\"}}],\"inLanguage\":\"gd-GB\"},{\"@type\":\"Organization\",\"@id\":\"https:\\\/\\\/allin.online\\\/gd-gb\\\/#organization\",\"name\":\"All in\",\"url\":\"https:\\\/\\\/allin.online\\\/gd-gb\\\/\",\"logo\":{\"@type\":\"ImageObject\",\"inLanguage\":\"gd-GB\",\"@id\":\"https:\\\/\\\/allin.online\\\/gd-gb\\\/#\\\/schema\\\/logo\\\/image\\\/\",\"url\":\"https:\\\/\\\/allin.online\\\/wp-content\\\/uploads\\\/2023\\\/11\\\/696x696.png\",\"contentUrl\":\"https:\\\/\\\/allin.online\\\/wp-content\\\/uploads\\\/2023\\\/11\\\/696x696.png\",\"width\":696,\"height\":696,\"caption\":\"All in\"},\"image\":{\"@id\":\"https:\\\/\\\/allin.online\\\/gd-gb\\\/#\\\/schema\\\/logo\\\/image\\\/\"}}]}<\/script>\n<!-- \/ Yoast SEO plugin. -->","yoast_head_json":{"title":"Cl\u00e0raich airson Cunntas Blasaid an-asgaidh - All In","description":"All In believes creativity and culture should be accessible to everyone. That\u2019s why we are developing a UK-wide access scheme.","robots":{"index":"index","follow":"follow","max-snippet":"max-snippet:-1","max-image-preview":"max-image-preview:large","max-video-preview":"max-video-preview:-1"},"canonical":"https:\/\/allin.online\/gd-gb\/all-in-airson-na-roinne\/claraich-airson-cunntas-blasaid-an-asgaidh\/","og_locale":"en_US","og_type":"article","og_title":"Cl\u00e0raich airson Cunntas Blasaid an-asgaidh - All In","og_description":"All In believes creativity and culture should be accessible to everyone. That\u2019s why we are developing a UK-wide access scheme.","og_url":"https:\/\/allin.online\/gd-gb\/all-in-airson-na-roinne\/claraich-airson-cunntas-blasaid-an-asgaidh\/","og_site_name":"All In","article_modified_time":"2025-09-04T12:53:14+00:00","og_image":[{"url":"https:\/\/allin.online\/wp-content\/uploads\/2023\/10\/Access-Scheme-v1.2-HRes-2981-LR--scaled.jpg","type":"","width":"","height":""}],"twitter_card":"summary_large_image","twitter_misc":{"Est. reading time":"3 minutes"},"schema":{"@context":"https:\/\/schema.org","@graph":[{"@type":"WebPage","@id":"https:\/\/allin.online\/gd-gb\/all-in-airson-na-roinne\/claraich-airson-cunntas-blasaid-an-asgaidh\/","url":"https:\/\/allin.online\/gd-gb\/all-in-airson-na-roinne\/claraich-airson-cunntas-blasaid-an-asgaidh\/","name":"Cl\u00e0raich airson Cunntas Blasaid an-asgaidh - All In","isPartOf":{"@id":"https:\/\/allin.online\/gd-gb\/#website"},"primaryImageOfPage":{"@id":"https:\/\/allin.online\/gd-gb\/all-in-airson-na-roinne\/claraich-airson-cunntas-blasaid-an-asgaidh\/#primaryimage"},"image":{"@id":"https:\/\/allin.online\/gd-gb\/all-in-airson-na-roinne\/claraich-airson-cunntas-blasaid-an-asgaidh\/#primaryimage"},"thumbnailUrl":"https:\/\/allin.online\/wp-content\/uploads\/2023\/10\/Access-Scheme-v1.2-HRes-2981-LR--scaled.jpg","datePublished":"2025-09-04T06:23:47+00:00","dateModified":"2025-09-04T12:53:14+00:00","description":"All In believes creativity and culture should be accessible to everyone. That\u2019s why we are developing a UK-wide access scheme.","breadcrumb":{"@id":"https:\/\/allin.online\/gd-gb\/all-in-airson-na-roinne\/claraich-airson-cunntas-blasaid-an-asgaidh\/#breadcrumb"},"inLanguage":"gd-GB","potentialAction":[{"@type":"ReadAction","target":["https:\/\/allin.online\/gd-gb\/all-in-airson-na-roinne\/claraich-airson-cunntas-blasaid-an-asgaidh\/"]}]},{"@type":"ImageObject","inLanguage":"gd-GB","@id":"https:\/\/allin.online\/gd-gb\/all-in-airson-na-roinne\/claraich-airson-cunntas-blasaid-an-asgaidh\/#primaryimage","url":"https:\/\/allin.online\/wp-content\/uploads\/2023\/10\/Access-Scheme-v1.2-HRes-2981-LR--scaled.jpg","contentUrl":"https:\/\/allin.online\/wp-content\/uploads\/2023\/10\/Access-Scheme-v1.2-HRes-2981-LR--scaled.jpg"},{"@type":"BreadcrumbList","@id":"https:\/\/allin.online\/gd-gb\/all-in-airson-na-roinne\/claraich-airson-cunntas-blasaid-an-asgaidh\/#breadcrumb","itemListElement":[{"@type":"ListItem","position":1,"name":"Duilleag-dhachaigh","item":"https:\/\/allin.online\/gd-gb\/"},{"@type":"ListItem","position":2,"name":"All In airson na Roinne","item":"https:\/\/allin.online\/gd-gb\/all-in-airson-na-roinne\/"},{"@type":"ListItem","position":3,"name":"Cl\u00e0raich airson Cunntas Blasaid an-asgaidh"}]},{"@type":"WebSite","@id":"https:\/\/allin.online\/gd-gb\/#website","url":"https:\/\/allin.online\/gd-gb\/","name":"All in","description":"Tha f\u00e0ilte air a h-uile duine","publisher":{"@id":"https:\/\/allin.online\/gd-gb\/#organization"},"potentialAction":[{"@type":"SearchAction","target":{"@type":"EntryPoint","urlTemplate":"https:\/\/allin.online\/gd-gb\/?s={search_term_string}"},"query-input":{"@type":"PropertyValueSpecification","valueRequired":true,"valueName":"search_term_string"}}],"inLanguage":"gd-GB"},{"@type":"Organization","@id":"https:\/\/allin.online\/gd-gb\/#organization","name":"All in","url":"https:\/\/allin.online\/gd-gb\/","logo":{"@type":"ImageObject","inLanguage":"gd-GB","@id":"https:\/\/allin.online\/gd-gb\/#\/schema\/logo\/image\/","url":"https:\/\/allin.online\/wp-content\/uploads\/2023\/11\/696x696.png","contentUrl":"https:\/\/allin.online\/wp-content\/uploads\/2023\/11\/696x696.png","width":696,"height":696,"caption":"All in"},"image":{"@id":"https:\/\/allin.online\/gd-gb\/#\/schema\/logo\/image\/"}}]}},"_links":{"self":[{"href":"https:\/\/allin.online\/gd-gb\/wp-json\/wp\/v2\/pages\/3808","targetHints":{"allow":["GET"]}}],"collection":[{"href":"https:\/\/allin.online\/gd-gb\/wp-json\/wp\/v2\/pages"}],"about":[{"href":"https:\/\/allin.online\/gd-gb\/wp-json\/wp\/v2\/types\/page"}],"author":[{"embeddable":true,"href":"https:\/\/allin.online\/gd-gb\/wp-json\/wp\/v2\/users\/1"}],"replies":[{"embeddable":true,"href":"https:\/\/allin.online\/gd-gb\/wp-json\/wp\/v2\/comments?post=3808"}],"version-history":[{"count":8,"href":"https:\/\/allin.online\/gd-gb\/wp-json\/wp\/v2\/pages\/3808\/revisions"}],"predecessor-version":[{"id":3895,"href":"https:\/\/allin.online\/gd-gb\/wp-json\/wp\/v2\/pages\/3808\/revisions\/3895"}],"up":[{"embeddable":true,"href":"https:\/\/allin.online\/gd-gb\/wp-json\/wp\/v2\/pages\/1270"}],"wp:attachment":[{"href":"https:\/\/allin.online\/gd-gb\/wp-json\/wp\/v2\/media?parent=3808"}],"curies":[{"name":"wp","href":"https:\/\/api.w.org\/{rel}","templated":true}]}}