{"id":2443,"date":"2024-04-19T13:54:57","date_gmt":"2024-04-19T13:54:57","guid":{"rendered":"https:\/\/allin.online\/?page_id=2443"},"modified":"2025-07-01T08:58:01","modified_gmt":"2025-07-01T08:58:01","slug":"all-in-com-pairtichean","status":"publish","type":"page","link":"https:\/\/allin.online\/gd-gb\/all-in-com-pairtichean\/","title":{"rendered":"Com-p\u00e0irtichean All In"},"content":{"rendered":"\n<div class=\"wp-block-ace-content flex content-content bg_white padding indent two-column\"><div class=\"content_wrapper\"><h3 id=\"page_sub_nav\" class=\"mobile_only\">Rannsaich All In<\/h3><select aria-labelledby=\"page_sub_nav\" class=\"mobile_only\" id=\"nav_select\"><option>Com-p\u00e0irtichean All In<\/option><option value=\"https:\/\/allin.online\/gd-gb\/mu-all-in\/\">Mu All In<\/option><option value=\"https:\/\/allin.online\/gd-gb\/buidheann-comhairleachaidh-na-roinne\/\">Buidheann Comhairleachaidh na Roinne<\/option><option value=\"https:\/\/allin.online\/gd-gb\/buidheann-comhairleachaidh\/\">Buidheann Comhairleachaidh All In<\/option><option value=\"https:\/\/allin.online\/gd-gb\/coinnich-ris-an-sgioba\/\">Coinnich ris an Sgioba<\/option><\/select>\n<div class=\"wp-block-ace-intro content-intro\"><p>Is e a tha ann an All In com-p\u00e0irteachas eadar Comhairle Ealain Shasainn, Comhairle Ealain \u00c8irinn a Tuath, Comhairle Ealain na Cuimrigh, agus Alba Chruthachail.<br><br>Tha sinn a\u2019 togail air obair chudromach <a href=\"https:\/\/www.hynt.co.uk\/en\/\">Hynt<\/a>, an sgeama ruigsinneachd airson ealain agus t\u00e8atar sa Chuimrigh, a chuir ri cruthachadh All In. Cumaidh Hynt a\u2019 dol le a h-obair sa Chuimrigh, mar ph\u00e0irt den sgeama nas fharsainge All In. <\/p><\/div>\n<\/div><aside class=\"sidebar flex-item\"><h3 id=\"page_sub_nav\">Rannsaich All In<\/h3><nav class=\"sub-nav\"><ul><li class=\"nav-item\"><a href=\"https:\/\/allin.online\/gd-gb\/mu-all-in\/\">Mu All In<\/a><\/li><li class=\"nav-item\"><a href=\"https:\/\/allin.online\/gd-gb\/buidheann-comhairleachaidh-na-roinne\/\">Buidheann Comhairleachaidh na Roinne<\/a><\/li><li class=\"nav-item\"><a href=\"https:\/\/allin.online\/gd-gb\/buidheann-comhairleachaidh\/\">Buidheann Comhairleachaidh All In<\/a><\/li><li class=\"active\" aria-current=\"true\">Com-p\u00e0irtichean All In<\/li><li class=\"nav-item\"><a href=\"https:\/\/allin.online\/gd-gb\/coinnich-ris-an-sgioba\/\">Coinnich ris an Sgioba<\/a><\/li><\/ul><\/nav><\/aside><\/div>\n\n\n\n<div class=\"wp-block-ace-text-image-color full_width text_image\"><div class=\"block bg-secondary_sub grid grid--two-column\"><div class=\"contain block-image\"><img decoding=\"async\" src=\"https:\/\/allin.online\/wp-content\/uploads\/2023\/11\/Exp_Use_Blackweb.png\" alt=\"\"\/><\/div><div class=\"block-text padding-right\"><h3>Comhairle Ealain Shasainn<\/h3><p>\u2019S e Comhairle Ealain Shasainn a\u2019 bhuidheann leasachaidh n\u00e0iseanta airson cruthachalachd is cultar. Mh\u00ecnich sinn san l\u00e8irsinn ro-innleachdail againn, \u201cLet\u2019s Create\u201d, gu bheil sinn airson \u2019s gum bi Sasainn na d\u00f9thaich far a bheil meas air a\u2019 chomas chruthachaidh againn uile ro 2030, a\u2019 toirt cothrom soirbheis dhan a h-uile duine agus cothrom againn uile do raon farsaing de dh\u2019\u00e0rainneachdan cultarach aig \u00ecre \u00e0rd. Eadar 2023 agus 2026, cuiridh sinn an seilbh barrachd air \u00a3467 millean de dh\u2019airgead poblach on Riaghaltas agus mu thuaiream \u00a3250 millean on Chrannchur N\u00e0iseanta gach bliadhna mar thaic dhan roinn seo agus a thoirt na l\u00e8irsinn seo gu bith.<br><br>Tha na chuir sinn ri All In gar cuideachadh an l\u00e8irsinn sin a thoirt gu buil le taic a chur ris an roinn chruthachail agus chultarach gus am bi i na h-\u00e0ite far a bheil f\u00e0ilte air na h-uile.<\/p><a class=\"arrow_link\" href=\"https:\/\/www.artscouncil.org.uk\/ \">Thigibh gu l\u00e0rach-l\u00ecn Comhairle Ealain Shasainn<\/a><\/div><\/div><\/div>\n\n\n\n<div class=\"wp-block-ace-text-image-color full_width text_image\"><div class=\"block bg-primary_sub grid grid--two-column\"><div class=\"block-text padding-left\"><h3>Comhairle Ealain na h-\u00c8ireann<\/h3><p>Is i Comhairle nan Ealan a\u2019 bhuidhinn riaghaltas n\u00e0iseanta airson maoineachadh. leasachadh agus adhartachadh nan ealan ann an \u00c8irinn. Is e a dleastanas a bhith ri tagradh, comhairleachadh, tasgadh airgid agus obair ann an com-p\u00e0irteachas ri feadhainn eile, gus \u00e0rainneachd ealain beothail \u00e0rach aig cridhe muinntir na h-\u00c8ireann. Ga st\u00e8idheachadh gu laghail ann an 1951, tha Comhairle nan Ealan fo sti\u00f9ir Achd nan Ealan 2003, agus is e buidheann e\u00f2lach, neo-eisimeileach a tha innte.<br><br>Tha Comhairle nan Ealain ag aithneachadh gu bheil n\u00ec\u00a0 bunaiteach agus air leth air na h-ealainean ri thoirt do ar d\u00f9thaich agus i ga leasachadh. Thathas a\u2019 cuimseachadh gu ro-innleachdach san l\u00e0 a tha ann air taic do luchd-ealain, conaltradh ris an t-sluaigh, airgead a thasgadh gu ro-innleachdach, planadh togalaichean agus sluagh, agus comas a leasachadh.\u00a0<br><strong>\u00a0<\/strong><br>Fo obair Comhairle nan Ealan tha grunn luachan, nam measg saorsa smaoin agus barail, dealas do sh\u00e0r-mhathais, treibhdhireachd, cunntalachd agus soilleireachd, sp\u00e8is do iomadachd agus c\u00e0irdeas.<\/p><a class=\"arrow_link\" href=\"https:\/\/www.artscouncil.ie\/home\/\">Thigibh gu l\u00e0rach-l\u00ecn Comhairle Ealain na h-\u00c8ireann<\/a><\/div><div class=\"contain block-image\"><img decoding=\"async\" src=\"https:\/\/allin.online\/wp-content\/uploads\/2024\/11\/arts-council-logo-black.png\" alt=\"\"\/><\/div><\/div><\/div>\n\n\n\n<div class=\"wp-block-ace-text-image-color full_width text_image\"><div class=\"block bg-secondary_sub grid grid--two-column\"><div class=\"contain block-image\"><img decoding=\"async\" src=\"https:\/\/allin.online\/wp-content\/uploads\/2023\/10\/ACNI_W_RGB-1-e1729589406921.png\" alt=\"Arts Council of Northern Ireland\"\/><\/div><div class=\"block-text padding-right\"><h3>Comhairle Ealain \u00c8irinn a Tuath<\/h3><p>Is i Comhairle Ealain \u00c8irinn a Tuath a\u2019 bhuidheann maoineachaidh is leasachaidh oifigeil airson nan ealain ann an \u00c8irinn a Tuath, a\u2019 toirt seachad ionmhas bho ar pr\u00ecomh luchd-taic, Roinn nan Coimhearsnachd, agus bhon Chrannchur N\u00e0iseanta.\u00a0 Tha r\u00f9n againn cothrom a\u2019 phobaill air na h-ealainean agus gabhail p\u00e0irt annta \u00e0rdachadh agus tha dleastanas laghail againn d\u00e8iligeadh ri pr\u00ecomh m\u00ec-chothromachdan sluaigh agus deagh bhuaidh fhaicsinneach a nochdadh air beatha dhaoine a tha a\u2019 fuireach ann an \u00c8ireann a Tuath.<\/p><a class=\"arrow_link\" href=\"https:\/\/artscouncil-ni.org\/\">Thigibh gu l\u00e0rach-l\u00ecn Comhairle Ealain \u00c8irinn a Tuath<\/a><\/div><\/div><\/div>\n\n\n\n<div class=\"wp-block-ace-text-image-color full_width text_image\"><div class=\"block bg-primary_sub grid grid--two-column\"><div class=\"block-text padding-left\"><h3>Comhairle Ealain na Cuimrigh<\/h3><p>\u2019S e Comhairle Ealain na Chuimrigh a\u2019 bhuidheann phoblach oifigeach airson maoineachadh is leasachadh nan ealan sa Chuimrigh. Bidh sinn a\u2019 riaghladh agus a\u2019 tasgadh airgead poblach a gheibh sinn bho Riaghaltas na Cuimrigh, agus tha uallach oirnn cuideachd airson maoineachadh a\u2019 Chrannchuir N\u00e0iseanta a sgaoileadh sa Chuimrigh. Mar bhuidheann tha dealas leantainneach againn gus conaltradh a leudachadh agus cur \u00e0s do chnapan-starraidh a thaobh cothrom agus p\u00e0irt a ghabhail anns na h-ealain, agus tha sinn gu daingean a creidsinn ann an comas nan ealan piseach a thoirt air cor beatha dhaoine agus cur ri cor cultarach, s\u00f2isealta agus eaconomach na Cuimrigh.<\/p><a class=\"arrow_link\" href=\"https:\/\/arts.wales\/\">Thigibh gu l\u00e0rach-l\u00ecn Comhairle Ealain na Cuimrigh<\/a><\/div><div class=\"contain block-image\"><img decoding=\"async\" src=\"https:\/\/allin.online\/wp-content\/uploads\/2023\/10\/ACW-logo-portrait-mono.png\" alt=\"Arts Council of Wales\"\/><\/div><\/div><\/div>\n\n\n\n<div class=\"wp-block-ace-text-image-color full_width text_image\"><div class=\"block bg-secondary_sub grid grid--two-column\"><div class=\"contain block-image\"><img decoding=\"async\" src=\"https:\/\/allin.online\/wp-content\/uploads\/2025\/02\/TNL_CS_BLACK-PNG.png\" alt=\"\"\/><\/div><div class=\"block-text padding-right\"><h3>Alba Chruthachail<\/h3><p>\u2019S e Alba Chruthachail a\u2019 bhuidheann phoblach a bheir taic do chultar agus cruthachas air feadh gach p\u00e0irt de dh\u2019Alba, a\u2019 sgaoileadh maoineachadh air a thoirt seachad le Riaghaltas na h-Alba agus leis a\u2019 Chrannchur N\u00e0iseanta.<br>\u00a0<br>Is iad Co-ionannachdan, Iomadachd agus In-ghabhalachd cuid de na pr\u00ecomhachasan ro-innleachdail againn, agus tha sinn ag iarraidh cothrom a bhith air daoine \u00e0 gach p\u00e0irt de ar coimhearsnachdan a bhith a\u2019 gabhail p\u00e0irt ann am farsaingeachd gn\u00ecomhan ealain agus cruthachail. Tha All In f\u00ecor chudromach gus cothrom a leudachadh airson luchd-amhairc agus adhartas a sti\u00f9ireadh air feadh nan roinn cruthachail agus cultarach.<\/p><a class=\"arrow_link\" href=\"https:\/\/www.creativescotland.com\/\">Thigibh gu l\u00e0rach-l\u00ecn Alba Chruthachail<\/a><\/div><\/div><\/div>\n","protected":false},"excerpt":{"rendered":"","protected":false},"author":8,"featured_media":0,"parent":0,"menu_order":0,"comment_status":"closed","ping_status":"closed","template":"","meta":{"_acf_changed":false,"bsl_video":false,"register_block":false,"footnotes":""},"class_list":["post-2443","page","type-page","status-publish","hentry"],"acf":{"enable_signapse":true},"yoast_head":"<!-- This site is optimized with the Yoast SEO plugin v27.3 - https:\/\/yoast.com\/product\/yoast-seo-wordpress\/ -->\n<title>Com-p\u00e0irtichean All In - All In<\/title>\n<meta name=\"description\" content=\"All In believes creativity and culture should be accessible to everyone. That\u2019s why we are developing a UK-wide access scheme.\" \/>\n<meta name=\"robots\" content=\"index, follow, max-snippet:-1, max-image-preview:large, max-video-preview:-1\" \/>\n<link rel=\"canonical\" href=\"https:\/\/allin.online\/gd-gb\/all-in-com-pairtichean\/\" \/>\n<meta property=\"og:locale\" content=\"en_US\" \/>\n<meta property=\"og:type\" content=\"article\" \/>\n<meta property=\"og:title\" content=\"Com-p\u00e0irtichean All In - All In\" \/>\n<meta property=\"og:description\" content=\"All In believes creativity and culture should be accessible to everyone. That\u2019s why we are developing a UK-wide access scheme.\" \/>\n<meta property=\"og:url\" content=\"https:\/\/allin.online\/gd-gb\/all-in-com-pairtichean\/\" \/>\n<meta property=\"og:site_name\" content=\"All In\" \/>\n<meta property=\"article:modified_time\" content=\"2025-07-01T08:58:01+00:00\" \/>\n<meta property=\"og:image\" content=\"https:\/\/allin.online\/wp-content\/uploads\/2023\/11\/Exp_Use_Blackweb.png\" \/>\n<meta name=\"twitter:card\" content=\"summary_large_image\" \/>\n<meta name=\"twitter:label1\" content=\"Est. reading time\" \/>\n\t<meta name=\"twitter:data1\" content=\"5 minutes\" \/>\n<script type=\"application\/ld+json\" class=\"yoast-schema-graph\">{\"@context\":\"https:\\\/\\\/schema.org\",\"@graph\":[{\"@type\":\"WebPage\",\"@id\":\"https:\\\/\\\/allin.online\\\/gd-gb\\\/all-in-com-pairtichean\\\/\",\"url\":\"https:\\\/\\\/allin.online\\\/gd-gb\\\/all-in-com-pairtichean\\\/\",\"name\":\"Com-p\u00e0irtichean All In - All In\",\"isPartOf\":{\"@id\":\"https:\\\/\\\/allin.online\\\/gd-gb\\\/#website\"},\"primaryImageOfPage\":{\"@id\":\"https:\\\/\\\/allin.online\\\/gd-gb\\\/all-in-com-pairtichean\\\/#primaryimage\"},\"image\":{\"@id\":\"https:\\\/\\\/allin.online\\\/gd-gb\\\/all-in-com-pairtichean\\\/#primaryimage\"},\"thumbnailUrl\":\"https:\\\/\\\/allin.online\\\/wp-content\\\/uploads\\\/2023\\\/11\\\/Exp_Use_Blackweb.png\",\"datePublished\":\"2024-04-19T13:54:57+00:00\",\"dateModified\":\"2025-07-01T08:58:01+00:00\",\"description\":\"All In believes creativity and culture should be accessible to everyone. That\u2019s why we are developing a UK-wide access scheme.\",\"breadcrumb\":{\"@id\":\"https:\\\/\\\/allin.online\\\/gd-gb\\\/all-in-com-pairtichean\\\/#breadcrumb\"},\"inLanguage\":\"gd-GB\",\"potentialAction\":[{\"@type\":\"ReadAction\",\"target\":[\"https:\\\/\\\/allin.online\\\/gd-gb\\\/all-in-com-pairtichean\\\/\"]}]},{\"@type\":\"ImageObject\",\"inLanguage\":\"gd-GB\",\"@id\":\"https:\\\/\\\/allin.online\\\/gd-gb\\\/all-in-com-pairtichean\\\/#primaryimage\",\"url\":\"https:\\\/\\\/allin.online\\\/wp-content\\\/uploads\\\/2023\\\/11\\\/Exp_Use_Blackweb.png\",\"contentUrl\":\"https:\\\/\\\/allin.online\\\/wp-content\\\/uploads\\\/2023\\\/11\\\/Exp_Use_Blackweb.png\"},{\"@type\":\"BreadcrumbList\",\"@id\":\"https:\\\/\\\/allin.online\\\/gd-gb\\\/all-in-com-pairtichean\\\/#breadcrumb\",\"itemListElement\":[{\"@type\":\"ListItem\",\"position\":1,\"name\":\"Duilleag-dhachaigh\",\"item\":\"https:\\\/\\\/allin.online\\\/gd-gb\\\/\"},{\"@type\":\"ListItem\",\"position\":2,\"name\":\"Com-p\u00e0irtichean All In\"}]},{\"@type\":\"WebSite\",\"@id\":\"https:\\\/\\\/allin.online\\\/gd-gb\\\/#website\",\"url\":\"https:\\\/\\\/allin.online\\\/gd-gb\\\/\",\"name\":\"All in\",\"description\":\"Tha f\u00e0ilte air a h-uile duine\",\"publisher\":{\"@id\":\"https:\\\/\\\/allin.online\\\/gd-gb\\\/#organization\"},\"potentialAction\":[{\"@type\":\"SearchAction\",\"target\":{\"@type\":\"EntryPoint\",\"urlTemplate\":\"https:\\\/\\\/allin.online\\\/gd-gb\\\/?s={search_term_string}\"},\"query-input\":{\"@type\":\"PropertyValueSpecification\",\"valueRequired\":true,\"valueName\":\"search_term_string\"}}],\"inLanguage\":\"gd-GB\"},{\"@type\":\"Organization\",\"@id\":\"https:\\\/\\\/allin.online\\\/gd-gb\\\/#organization\",\"name\":\"All in\",\"url\":\"https:\\\/\\\/allin.online\\\/gd-gb\\\/\",\"logo\":{\"@type\":\"ImageObject\",\"inLanguage\":\"gd-GB\",\"@id\":\"https:\\\/\\\/allin.online\\\/gd-gb\\\/#\\\/schema\\\/logo\\\/image\\\/\",\"url\":\"https:\\\/\\\/allin.online\\\/wp-content\\\/uploads\\\/2023\\\/11\\\/696x696.png\",\"contentUrl\":\"https:\\\/\\\/allin.online\\\/wp-content\\\/uploads\\\/2023\\\/11\\\/696x696.png\",\"width\":696,\"height\":696,\"caption\":\"All in\"},\"image\":{\"@id\":\"https:\\\/\\\/allin.online\\\/gd-gb\\\/#\\\/schema\\\/logo\\\/image\\\/\"}}]}<\/script>\n<!-- \/ Yoast SEO plugin. -->","yoast_head_json":{"title":"Com-p\u00e0irtichean All In - All In","description":"All In believes creativity and culture should be accessible to everyone. That\u2019s why we are developing a UK-wide access scheme.","robots":{"index":"index","follow":"follow","max-snippet":"max-snippet:-1","max-image-preview":"max-image-preview:large","max-video-preview":"max-video-preview:-1"},"canonical":"https:\/\/allin.online\/gd-gb\/all-in-com-pairtichean\/","og_locale":"en_US","og_type":"article","og_title":"Com-p\u00e0irtichean All In - All In","og_description":"All In believes creativity and culture should be accessible to everyone. That\u2019s why we are developing a UK-wide access scheme.","og_url":"https:\/\/allin.online\/gd-gb\/all-in-com-pairtichean\/","og_site_name":"All In","article_modified_time":"2025-07-01T08:58:01+00:00","og_image":[{"url":"https:\/\/allin.online\/wp-content\/uploads\/2023\/11\/Exp_Use_Blackweb.png","type":"","width":"","height":""}],"twitter_card":"summary_large_image","twitter_misc":{"Est. reading time":"5 minutes"},"schema":{"@context":"https:\/\/schema.org","@graph":[{"@type":"WebPage","@id":"https:\/\/allin.online\/gd-gb\/all-in-com-pairtichean\/","url":"https:\/\/allin.online\/gd-gb\/all-in-com-pairtichean\/","name":"Com-p\u00e0irtichean All In - All In","isPartOf":{"@id":"https:\/\/allin.online\/gd-gb\/#website"},"primaryImageOfPage":{"@id":"https:\/\/allin.online\/gd-gb\/all-in-com-pairtichean\/#primaryimage"},"image":{"@id":"https:\/\/allin.online\/gd-gb\/all-in-com-pairtichean\/#primaryimage"},"thumbnailUrl":"https:\/\/allin.online\/wp-content\/uploads\/2023\/11\/Exp_Use_Blackweb.png","datePublished":"2024-04-19T13:54:57+00:00","dateModified":"2025-07-01T08:58:01+00:00","description":"All In believes creativity and culture should be accessible to everyone. That\u2019s why we are developing a UK-wide access scheme.","breadcrumb":{"@id":"https:\/\/allin.online\/gd-gb\/all-in-com-pairtichean\/#breadcrumb"},"inLanguage":"gd-GB","potentialAction":[{"@type":"ReadAction","target":["https:\/\/allin.online\/gd-gb\/all-in-com-pairtichean\/"]}]},{"@type":"ImageObject","inLanguage":"gd-GB","@id":"https:\/\/allin.online\/gd-gb\/all-in-com-pairtichean\/#primaryimage","url":"https:\/\/allin.online\/wp-content\/uploads\/2023\/11\/Exp_Use_Blackweb.png","contentUrl":"https:\/\/allin.online\/wp-content\/uploads\/2023\/11\/Exp_Use_Blackweb.png"},{"@type":"BreadcrumbList","@id":"https:\/\/allin.online\/gd-gb\/all-in-com-pairtichean\/#breadcrumb","itemListElement":[{"@type":"ListItem","position":1,"name":"Duilleag-dhachaigh","item":"https:\/\/allin.online\/gd-gb\/"},{"@type":"ListItem","position":2,"name":"Com-p\u00e0irtichean All In"}]},{"@type":"WebSite","@id":"https:\/\/allin.online\/gd-gb\/#website","url":"https:\/\/allin.online\/gd-gb\/","name":"All in","description":"Tha f\u00e0ilte air a h-uile duine","publisher":{"@id":"https:\/\/allin.online\/gd-gb\/#organization"},"potentialAction":[{"@type":"SearchAction","target":{"@type":"EntryPoint","urlTemplate":"https:\/\/allin.online\/gd-gb\/?s={search_term_string}"},"query-input":{"@type":"PropertyValueSpecification","valueRequired":true,"valueName":"search_term_string"}}],"inLanguage":"gd-GB"},{"@type":"Organization","@id":"https:\/\/allin.online\/gd-gb\/#organization","name":"All in","url":"https:\/\/allin.online\/gd-gb\/","logo":{"@type":"ImageObject","inLanguage":"gd-GB","@id":"https:\/\/allin.online\/gd-gb\/#\/schema\/logo\/image\/","url":"https:\/\/allin.online\/wp-content\/uploads\/2023\/11\/696x696.png","contentUrl":"https:\/\/allin.online\/wp-content\/uploads\/2023\/11\/696x696.png","width":696,"height":696,"caption":"All in"},"image":{"@id":"https:\/\/allin.online\/gd-gb\/#\/schema\/logo\/image\/"}}]}},"_links":{"self":[{"href":"https:\/\/allin.online\/gd-gb\/wp-json\/wp\/v2\/pages\/2443","targetHints":{"allow":["GET"]}}],"collection":[{"href":"https:\/\/allin.online\/gd-gb\/wp-json\/wp\/v2\/pages"}],"about":[{"href":"https:\/\/allin.online\/gd-gb\/wp-json\/wp\/v2\/types\/page"}],"author":[{"embeddable":true,"href":"https:\/\/allin.online\/gd-gb\/wp-json\/wp\/v2\/users\/8"}],"replies":[{"embeddable":true,"href":"https:\/\/allin.online\/gd-gb\/wp-json\/wp\/v2\/comments?post=2443"}],"version-history":[{"count":6,"href":"https:\/\/allin.online\/gd-gb\/wp-json\/wp\/v2\/pages\/2443\/revisions"}],"predecessor-version":[{"id":3023,"href":"https:\/\/allin.online\/gd-gb\/wp-json\/wp\/v2\/pages\/2443\/revisions\/3023"}],"wp:attachment":[{"href":"https:\/\/allin.online\/gd-gb\/wp-json\/wp\/v2\/media?parent=2443"}],"curies":[{"name":"wp","href":"https:\/\/api.w.org\/{rel}","templated":true}]}}