{"id":2221,"date":"2023-10-09T15:13:49","date_gmt":"2023-10-09T15:13:49","guid":{"rendered":"https:\/\/allin.online\/bloga\/"},"modified":"2025-03-23T16:51:03","modified_gmt":"2025-03-23T16:51:03","slug":"bloga","status":"publish","type":"page","link":"https:\/\/allin.online\/gd-gb\/bloga\/","title":{"rendered":"Bloga"},"content":{"rendered":"\t\n\t<div class=\"blog_list bg_white indent margins\">\t\n\t\t<div class=\"content content-blog\">\n\t\t\t\t\t\t\t<div id=\"blog_filters\" class=\"flex cats\"><p>Show:<\/p> \n\t\t\t\t\t<button class=\"tax_term active\" aria-pressed=\"true\" data-slug=\"all\">Uile<\/button>        <button class=\"tax_term \"  data-slug=\"bloga\">Bloga<\/button>    \n            <button class=\"tax_term \"  data-slug=\"naidheachdan\">Naidheachdan<\/button>    \n    \t\t\t\t<\/div>\n\t\t\t\t\t\t\n\t\t\t<div class=\"flex flex_33\" id=\"response\" data-action=\"https:\/\/allin.online\/wp-json\/ace\/v1\/filter_blog\" aria-live=\"polite\">\n\t\t\t\t<div class=\"flex_item post_item\">\n    <picture class=\"featured-img alt-block\">\n        <img loading=\"lazy\" decoding=\"async\" width=\"400\" height=\"400\" src=\"https:\/\/allin.online\/wp-content\/uploads\/2026\/03\/Blog-trio.png\" class=\"attachment-full size-full wp-post-image\" alt=\"Bidh buidheann dhaoine a\u2019 g\u00e0ireachdainn agus iad a\u2019 faighinn tlachd \u00e0 taisbeanadh dhealbhan ann an gailearaidh ealain.\" srcset=\"https:\/\/allin.online\/wp-content\/uploads\/2026\/03\/Blog-trio.png 400w, https:\/\/allin.online\/wp-content\/uploads\/2026\/03\/Blog-trio-300x300.png 300w, https:\/\/allin.online\/wp-content\/uploads\/2026\/03\/Blog-trio-150x150.png 150w\" sizes=\"auto, (max-width: 400px) 100vw, 400px\" \/>        <div class = \"alt_block\">\n            <button class=\"alt_trigger\" aria-controls=\"image_7671\" aria-expanded=\"false\" aria-label=\"Fosgail an Tuairisgeul \u00ccomhaigh\">\n                Eile            <\/button>\n            <div class=\"alt_modal\" id=\"image_7671\">\n                <p>Bidh buidheann dhaoine a\u2019 g\u00e0ireachdainn agus iad a\u2019 faighinn tlachd \u00e0 taisbeanadh dhealbhan ann an gailearaidh ealain.<\/p>\n                <button class=\"close\">D\u00f9in <span class=\"screen-reader-text\">Tuairisgeul Dealbh\n<\/span><\/button>\n            <\/div>\n        <\/div>\n    <\/picture>\n            <ul class=\"cat-list flex\">\n            <li><a href=\"\/blog?category=naidheachdan\" class=\"cat\">Naidheachdan<\/a><\/li>        <\/ul>\n        <h3><a href=\"https:\/\/allin.online\/gd-gb\/blog\/tha-all-in-a-cur-air-doigh-a-chiad-sreath-de-dhinbhean-ruigsinneachd-agus-fo-sgriobhaidhean-a-nis-beo\/\">Tha All In a\u2019 cur air d\u00f2igh a\u2019 chiad sreath de dh\u2019Inbhean Ruigsinneachd agus fo-sgr\u00ecobhaidhean a-nis be\u00f2<\/a><\/h3>\n    <time datetime=\"2026-03-19\">19 March 2026<\/time>\n<\/div><div class=\"flex_item post_item\">\n    <picture class=\"featured-img alt-block\">\n        <img loading=\"lazy\" decoding=\"async\" width=\"380\" height=\"380\" src=\"https:\/\/allin.online\/wp-content\/uploads\/2026\/02\/PeopleConnective.png\" class=\"attachment-full size-full wp-post-image\" alt=\"\" srcset=\"https:\/\/allin.online\/wp-content\/uploads\/2026\/02\/PeopleConnective.png 380w, https:\/\/allin.online\/wp-content\/uploads\/2026\/02\/PeopleConnective-300x300.png 300w, https:\/\/allin.online\/wp-content\/uploads\/2026\/02\/PeopleConnective-150x150.png 150w\" sizes=\"auto, (max-width: 380px) 100vw, 380px\" \/>        <div class = \"alt_block\">\n            <button class=\"alt_trigger\" aria-controls=\"image_7199\" aria-expanded=\"false\" aria-label=\"Fosgail an Tuairisgeul \u00ccomhaigh\">\n                Eile            <\/button>\n            <div class=\"alt_modal\" id=\"image_7199\">\n                <p>Sgeadachail<\/p>\n                <button class=\"close\">D\u00f9in <span class=\"screen-reader-text\">Tuairisgeul Dealbh\n<\/span><\/button>\n            <\/div>\n        <\/div>\n    <\/picture>\n            <ul class=\"cat-list flex\">\n            <li><a href=\"\/blog?category=naidheachdan\" class=\"cat\">Naidheachdan<\/a><\/li>        <\/ul>\n        <h3><a href=\"https:\/\/allin.online\/gd-gb\/blog\/fastadh-people-connective\/\">Tha All in a\u2019 fastadh People Collective, aig The Card Network gus taic s\u00f2nraichte a l\u00ecbhrigeadh do bhuill air a bheil ciorram<\/a><\/h3>\n    <time datetime=\"2026-02-09\">9 February 2026<\/time>\n<\/div><div class=\"flex_item post_item\">\n    <picture class=\"featured-img alt-block\">\n        <img loading=\"lazy\" decoding=\"async\" width=\"461\" height=\"460\" src=\"https:\/\/allin.online\/wp-content\/uploads\/2025\/09\/Taster-Accounts-e1756992189683.png\" class=\"attachment-full size-full wp-post-image\" alt=\"Dealbh-sgr\u00ecn a\u2019 sealltainn \u2018Is sinne All In. Eil sibhse All In?\u2019 leis a\u2019 phutan \u2018Cruthaichibh an Cunntas Blasaid agaibh\u2019.\" \/>        <div class = \"alt_block\">\n            <button class=\"alt_trigger\" aria-controls=\"image_3752\" aria-expanded=\"false\" aria-label=\"Fosgail an Tuairisgeul \u00ccomhaigh\">\n                Eile            <\/button>\n            <div class=\"alt_modal\" id=\"image_3752\">\n                <p>Dealbh-sgr\u00ecn a\u2019 sealltainn \u2018Is sinne All In. Eil sibhse All In?\u2019 leis a\u2019 phutan \u2018Cruthaichibh an Cunntas Blasaid agaibh\u2019.<\/p>\n                <button class=\"close\">D\u00f9in <span class=\"screen-reader-text\">Tuairisgeul Dealbh\n<\/span><\/button>\n            <\/div>\n        <\/div>\n    <\/picture>\n            <ul class=\"cat-list flex\">\n            <li><a href=\"\/blog?category=naidheachdan\" class=\"cat\">Naidheachdan<\/a><\/li>        <\/ul>\n        <h3><a href=\"https:\/\/allin.online\/gd-gb\/blog\/all-in-unveils-exciting-new-features-with-free-taster-accounts\/\">All In a&#8217; foillseachadh fheartan feumail \u00f9ra le cunntasan blasaid an-asgaidh<\/a><\/h3>\n    <time datetime=\"2025-09-04\">4 September 2025<\/time>\n<\/div><div class=\"flex_item post_item\">\n    <picture class=\"featured-img alt-block\">\n        <img loading=\"lazy\" decoding=\"async\" width=\"500\" height=\"500\" src=\"https:\/\/allin.online\/wp-content\/uploads\/2025\/08\/Supplier-day-thumbnail.png\" class=\"attachment-full size-full wp-post-image\" alt=\"Dealbh buidhne m\u00f2r, g\u00e0ireach den sgioba All In le buill den luchd-obrach bho na buidhnean p\u00ecleat agus solaraichean a tha ag obair air a\u2019 phr\u00f2iseact. Bidh iad a\u2019 cruinneachadh ann an talla Taigh-chluiche Leeds le soidhne neon dearg m\u00f2r crochte os an cionn.\" srcset=\"https:\/\/allin.online\/wp-content\/uploads\/2025\/08\/Supplier-day-thumbnail.png 500w, https:\/\/allin.online\/wp-content\/uploads\/2025\/08\/Supplier-day-thumbnail-300x300.png 300w, https:\/\/allin.online\/wp-content\/uploads\/2025\/08\/Supplier-day-thumbnail-150x150.png 150w\" sizes=\"auto, (max-width: 500px) 100vw, 500px\" \/>        <div class = \"alt_block\">\n            <button class=\"alt_trigger\" aria-controls=\"image_3061\" aria-expanded=\"false\" aria-label=\"Fosgail an Tuairisgeul \u00ccomhaigh\">\n                Eile            <\/button>\n            <div class=\"alt_modal\" id=\"image_3061\">\n                <p>Dealbh buidhne m\u00f2r, g\u00e0ireach den sgioba All In le buill den luchd-obrach bho na buidhnean p\u00ecleat agus solaraichean a tha ag obair air a\u2019 phr\u00f2iseact. Bidh iad a\u2019 cruinneachadh ann an talla Taigh-chluiche Leeds le soidhne neon dearg m\u00f2r crochte os an cionn.<\/p>\n                <button class=\"close\">D\u00f9in <span class=\"screen-reader-text\">Tuairisgeul Dealbh\n<\/span><\/button>\n            <\/div>\n        <\/div>\n    <\/picture>\n            <ul class=\"cat-list flex\">\n            <li><a href=\"\/blog?category=bloga\" class=\"cat\">Bloga<\/a><\/li>        <\/ul>\n        <h3><a href=\"https:\/\/allin.online\/gd-gb\/blog\/sealladh-air-cul-a-phileit\/\">Sealladh air c\u00f9l a\u2019 ph\u00ecleit<\/a><\/h3>\n    <time datetime=\"2025-08-05\">5 August 2025<\/time>\n<\/div><div class=\"flex_item post_item\">\n    <picture class=\"featured-img alt-block\">\n        <img loading=\"lazy\" decoding=\"async\" width=\"1517\" height=\"1012\" src=\"https:\/\/allin.online\/wp-content\/uploads\/2025\/06\/All-In-Team-Photo-e1754040933802.png\" class=\"attachment-full size-full wp-post-image\" alt=\"Bidh sgioba All In a\u2019 g\u00e0ireachdainn agus iad a\u2019 gabhail dealbh ann an \u00e0rainneachd shoilleir le lusan agus sgeadachadh \u00f9r-nodha.\" \/>        <div class = \"alt_block\">\n            <button class=\"alt_trigger\" aria-controls=\"image_2989\" aria-expanded=\"false\" aria-label=\"Fosgail an Tuairisgeul \u00ccomhaigh\">\n                Eile            <\/button>\n            <div class=\"alt_modal\" id=\"image_2989\">\n                <p>Bidh sgioba All In a\u2019 g\u00e0ireachdainn agus iad a\u2019 gabhail dealbh ann an \u00e0rainneachd shoilleir le lusan agus sgeadachadh \u00f9r-nodha.<\/p>\n                <button class=\"close\">D\u00f9in <span class=\"screen-reader-text\">Tuairisgeul Dealbh\n<\/span><\/button>\n            <\/div>\n        <\/div>\n    <\/picture>\n            <ul class=\"cat-list flex\">\n            <li><a href=\"\/blog?category=bloga\" class=\"cat\">Bloga<\/a><\/li>        <\/ul>\n        <h3><a href=\"https:\/\/allin.online\/gd-gb\/blog\/ga-dheanamh-le-daoine-le-ciorram-do-dhaoine-le-ciorram-ach-de-tha-sin-a-ciallachadh\/\">Ga dh\u00e8anamh le daoine le ciorram do dhaoine le ciorram \u2013 ach d\u00e8 tha sin a&#8217; ciallachadh?<\/a><\/h3>\n    <time datetime=\"2025-06-30\">30 June 2025<\/time>\n<\/div><div class=\"flex_item post_item\">\n    <picture class=\"featured-img alt-block\">\n        <img loading=\"lazy\" decoding=\"async\" width=\"380\" height=\"380\" src=\"https:\/\/allin.online\/wp-content\/uploads\/2025\/04\/Blog-Disability-Smart-Award.png\" class=\"attachment-full size-full wp-post-image\" alt=\"Tha an luchd-obrach Abid Hussain agus Roger Dennis a\u2019 riochdachadh All In agus Comhairle Ealain Shasainn agus iad a\u2019 togail duais Solarachaidh Disability Smart Procurement air \u00f9rlar le solais aig Duaisean Disability Smart 2025. Air an d\u00e0 thaobh, tha Diane Lightfoot, CEO an Business Disability Forum, agus Simon Minty, riochdaire Business Disability Forum.\" srcset=\"https:\/\/allin.online\/wp-content\/uploads\/2025\/04\/Blog-Disability-Smart-Award.png 380w, https:\/\/allin.online\/wp-content\/uploads\/2025\/04\/Blog-Disability-Smart-Award-300x300.png 300w, https:\/\/allin.online\/wp-content\/uploads\/2025\/04\/Blog-Disability-Smart-Award-150x150.png 150w\" sizes=\"auto, (max-width: 380px) 100vw, 380px\" \/>        <div class = \"alt_block\">\n            <button class=\"alt_trigger\" aria-controls=\"image_2844\" aria-expanded=\"false\" aria-label=\"Fosgail an Tuairisgeul \u00ccomhaigh\">\n                Eile            <\/button>\n            <div class=\"alt_modal\" id=\"image_2844\">\n                <p>Tha an luchd-obrach Abid Hussain agus Roger Dennis a\u2019 riochdachadh All In agus Comhairle Ealain Shasainn agus iad a\u2019 togail duais Solarachaidh Disability Smart Procurement air \u00f9rlar le solais aig Duaisean Disability Smart 2025. Air an d\u00e0 thaobh, tha Diane Lightfoot, CEO an Business Disability Forum, agus Simon Minty, riochdaire Business Disability Forum.<\/p>\n                <button class=\"close\">D\u00f9in <span class=\"screen-reader-text\">Tuairisgeul Dealbh\n<\/span><\/button>\n            <\/div>\n        <\/div>\n    <\/picture>\n            <ul class=\"cat-list flex\">\n            <li><a href=\"\/blog?category=naidheachdan\" class=\"cat\">Naidheachdan<\/a><\/li>        <\/ul>\n        <h3><a href=\"https:\/\/allin.online\/gd-gb\/blog\/all-in-agus-comhairle-ealain-shasainn-gan-ainmeachadh-mar-luchd-buannachaidh-duaisean-smart-disability\/\">All In agus Comhairle Ealain Shasainn gan ainmeachadh mar luchd-buannachaidh Duaisean Smart Disability<\/a><\/h3>\n    <time datetime=\"2025-04-30\">30 April 2025<\/time>\n<\/div><div class=\"flex_item post_item\">\n    <picture class=\"featured-img alt-block\">\n        <img loading=\"lazy\" decoding=\"async\" width=\"386\" height=\"386\" src=\"https:\/\/allin.online\/wp-content\/uploads\/2025\/03\/IndigoShare.png\" class=\"attachment-full size-full wp-post-image\" alt=\"\" srcset=\"https:\/\/allin.online\/wp-content\/uploads\/2025\/03\/IndigoShare.png 386w, https:\/\/allin.online\/wp-content\/uploads\/2025\/03\/IndigoShare-300x300.png 300w, https:\/\/allin.online\/wp-content\/uploads\/2025\/03\/IndigoShare-150x150.png 150w\" sizes=\"auto, (max-width: 386px) 100vw, 386px\" \/>        <div class = \"alt_block\">\n            <button class=\"alt_trigger\" aria-controls=\"image_2775\" aria-expanded=\"false\" aria-label=\"Fosgail an Tuairisgeul \u00ccomhaigh\">\n                Eile            <\/button>\n            <div class=\"alt_modal\" id=\"image_2775\">\n                <p>Sgeadachail<\/p>\n                <button class=\"close\">D\u00f9in <span class=\"screen-reader-text\">Tuairisgeul Dealbh\n<\/span><\/button>\n            <\/div>\n        <\/div>\n    <\/picture>\n            <ul class=\"cat-list flex\">\n            <li><a href=\"\/blog?category=naidheachdan\" class=\"cat\">Naidheachdan<\/a><\/li>        <\/ul>\n        <h3><a href=\"https:\/\/allin.online\/gd-gb\/blog\/dearbhadh-le-suirbhidh-access-culture-gu-bheil-priomh-bhacaidhean-ann-air-com-pairt-nan-ciorramach\/\">Dearbhadh le Suirbhidh Access Culture gu bheil pr\u00ecomh-bhacaidhean ann air com-p\u00e0irt nan ciorramach<\/a><\/h3>\n    <time datetime=\"2025-03-27\">27 March 2025<\/time>\n<\/div><div class=\"flex_item post_item\">\n    <picture class=\"featured-img alt-block\">\n        <img loading=\"lazy\" decoding=\"async\" width=\"630\" height=\"630\" src=\"https:\/\/allin.online\/wp-content\/uploads\/2025\/03\/ds2025-finalist-badge_social.png\" class=\"attachment-full size-full wp-post-image\" alt=\"Grafaic a tha ag r\u00e0dh: \u2018F\u00f2ram Ciorram Gn\u00ecomhachais. Duaisean Disability Smart 2025. Sa chuairt dheireannaich.\u2019 Air mullach rionnag gorm is purpaidh.\" srcset=\"https:\/\/allin.online\/wp-content\/uploads\/2025\/03\/ds2025-finalist-badge_social.png 630w, https:\/\/allin.online\/wp-content\/uploads\/2025\/03\/ds2025-finalist-badge_social-300x300.png 300w, https:\/\/allin.online\/wp-content\/uploads\/2025\/03\/ds2025-finalist-badge_social-150x150.png 150w\" sizes=\"auto, (max-width: 630px) 100vw, 630px\" \/>        <div class = \"alt_block\">\n            <button class=\"alt_trigger\" aria-controls=\"image_2738\" aria-expanded=\"false\" aria-label=\"Fosgail an Tuairisgeul \u00ccomhaigh\">\n                Eile            <\/button>\n            <div class=\"alt_modal\" id=\"image_2738\">\n                <p>Grafaic a tha ag r\u00e0dh: \u2018F\u00f2ram Ciorram Gn\u00ecomhachais. Duaisean Disability Smart 2025. Sa chuairt dheireannaich.\u2019 Air mullach rionnag gorm is purpaidh.<\/p>\n                <button class=\"close\">D\u00f9in <span class=\"screen-reader-text\">Tuairisgeul Dealbh\n<\/span><\/button>\n            <\/div>\n        <\/div>\n    <\/picture>\n            <ul class=\"cat-list flex\">\n            <li><a href=\"\/blog?category=naidheachdan\" class=\"cat\">Naidheachdan<\/a><\/li>        <\/ul>\n        <h3><a href=\"https:\/\/allin.online\/gd-gb\/blog\/all-in-and-arts-council-england-named-as-disability-smart-awards-2025-finalist\/\">All In agus Comhairle Ealain Shasainn air a\u2019 Ghe\u00e0rr-liosta airson Duaisean Smart Disability 2025<\/a><\/h3>\n    <time datetime=\"2025-03-20\">20 March 2025<\/time>\n<\/div><div class=\"flex_item post_item\">\n    <picture class=\"featured-img alt-block\">\n        <img loading=\"lazy\" decoding=\"async\" width=\"400\" height=\"400\" src=\"https:\/\/allin.online\/wp-content\/uploads\/2025\/02\/Resized-Access-Scheme-v1.2-HRes-2981-SQUARE.png\" class=\"attachment-full size-full wp-post-image\" alt=\"Tha boireannach dubh le ciorram ionnsachaidh a&#039; toirt meas air taigh-cluiche m\u00f2r.\" srcset=\"https:\/\/allin.online\/wp-content\/uploads\/2025\/02\/Resized-Access-Scheme-v1.2-HRes-2981-SQUARE.png 400w, https:\/\/allin.online\/wp-content\/uploads\/2025\/02\/Resized-Access-Scheme-v1.2-HRes-2981-SQUARE-300x300.png 300w, https:\/\/allin.online\/wp-content\/uploads\/2025\/02\/Resized-Access-Scheme-v1.2-HRes-2981-SQUARE-150x150.png 150w\" sizes=\"auto, (max-width: 400px) 100vw, 400px\" \/>        <div class = \"alt_block\">\n            <button class=\"alt_trigger\" aria-controls=\"image_2391\" aria-expanded=\"false\" aria-label=\"Fosgail an Tuairisgeul \u00ccomhaigh\">\n                Eile            <\/button>\n            <div class=\"alt_modal\" id=\"image_2391\">\n                <p>Tha boireannach dubh le ciorram ionnsachaidh a&#8217; toirt meas air taigh-cluiche m\u00f2r.<\/p>\n                <button class=\"close\">D\u00f9in <span class=\"screen-reader-text\">Tuairisgeul Dealbh\n<\/span><\/button>\n            <\/div>\n        <\/div>\n    <\/picture>\n            <ul class=\"cat-list flex\">\n            <li><a href=\"\/blog?category=naidheachdan\" class=\"cat\">Naidheachdan<\/a><\/li>        <\/ul>\n        <h3><a href=\"https:\/\/allin.online\/gd-gb\/blog\/all-in-ag-ainmeachadh-cosgaisean-fo-sgriobhaidh-mus-teid-a-sgaoileadh-gu-naiseanta\/\">All In ag ainmeachadh cosgaisean fo-sgr\u00ecobhaidh mus t\u00e8id a sgaoileadh gu n\u00e0iseanta<\/a><\/h3>\n    <time datetime=\"2025-02-27\">27 February 2025<\/time>\n<\/div><div class=\"flex_item flex_placeholder\"><\/div><nav aria-label=\"Tagh duilleag nan toraidhean\"><ol class=\"pagination\"><span aria-current=\"page\" class=\"page-numbers current\"><li class=\"page-num\"><span class=\"screen-reader-text\">Duilleag <\/span>1<span class=\"screen-reader-text\"> \u00e0 2<\/span><\/li><\/span>\n<a class=\"page-numbers\" href=\"https:\/\/allin.online\/gd-gb\/bloga\/?paged=2\"><li class=\"page-num\"><span class=\"screen-reader-text\">Duilleag <\/span>2<span class=\"screen-reader-text\"> \u00e0 2<\/span><\/li><\/a>\n<a class=\"next page-numbers\" href=\"https:\/\/allin.online\/gd-gb\/bloga\/?paged=2\"><span class=\"screen-reader-text\">Ath dhuilleag<\/span><span aria-hidden=\"true\">&raquo;<\/span><\/a><\/ol><\/nav>\t\t\t<\/div>\n\t\t<\/div>\n\t","protected":false},"excerpt":{"rendered":"","protected":false},"author":5,"featured_media":0,"parent":0,"menu_order":0,"comment_status":"closed","ping_status":"closed","template":"","meta":{"_acf_changed":false,"bsl_video":false,"register_block":false,"footnotes":""},"class_list":["post-2221","page","type-page","status-publish","hentry"],"acf":{"enable_signapse":true},"yoast_head":"<!-- This site is optimized with the Yoast SEO plugin v27.4 - https:\/\/yoast.com\/product\/yoast-seo-wordpress\/ -->\n<title>Bloga - All In<\/title>\n<meta name=\"description\" content=\"All In believes creativity and culture should be accessible to everyone. That\u2019s why we are developing a UK-wide access scheme.\" \/>\n<meta name=\"robots\" content=\"index, follow, max-snippet:-1, max-image-preview:large, max-video-preview:-1\" \/>\n<link rel=\"canonical\" href=\"https:\/\/allin.online\/gd-gb\/bloga\/\" \/>\n<meta property=\"og:locale\" content=\"en_US\" \/>\n<meta property=\"og:type\" content=\"article\" \/>\n<meta property=\"og:title\" content=\"Bloga - All In\" \/>\n<meta property=\"og:description\" content=\"All In believes creativity and culture should be accessible to everyone. That\u2019s why we are developing a UK-wide access scheme.\" \/>\n<meta property=\"og:url\" content=\"https:\/\/allin.online\/gd-gb\/bloga\/\" \/>\n<meta property=\"og:site_name\" content=\"All In\" \/>\n<meta property=\"article:modified_time\" content=\"2025-03-23T16:51:03+00:00\" \/>\n<meta property=\"og:image\" content=\"https:\/\/allin.online\/wp-content\/uploads\/2023\/11\/All-In_OG-image.png\" \/>\n\t<meta property=\"og:image:width\" content=\"1200\" \/>\n\t<meta property=\"og:image:height\" content=\"675\" \/>\n\t<meta property=\"og:image:type\" content=\"image\/png\" \/>\n<meta name=\"twitter:card\" content=\"summary_large_image\" \/>\n<script type=\"application\/ld+json\" class=\"yoast-schema-graph\">{\"@context\":\"https:\\\/\\\/schema.org\",\"@graph\":[{\"@type\":\"WebPage\",\"@id\":\"https:\\\/\\\/allin.online\\\/gd-gb\\\/bloga\\\/\",\"url\":\"https:\\\/\\\/allin.online\\\/gd-gb\\\/bloga\\\/\",\"name\":\"Bloga - All In\",\"isPartOf\":{\"@id\":\"https:\\\/\\\/allin.online\\\/gd-gb\\\/#website\"},\"datePublished\":\"2023-10-09T15:13:49+00:00\",\"dateModified\":\"2025-03-23T16:51:03+00:00\",\"description\":\"All In believes creativity and culture should be accessible to everyone. That\u2019s why we are developing a UK-wide access scheme.\",\"breadcrumb\":{\"@id\":\"https:\\\/\\\/allin.online\\\/gd-gb\\\/bloga\\\/#breadcrumb\"},\"inLanguage\":\"gd-GB\",\"potentialAction\":[{\"@type\":\"ReadAction\",\"target\":[\"https:\\\/\\\/allin.online\\\/gd-gb\\\/bloga\\\/\"]}]},{\"@type\":\"BreadcrumbList\",\"@id\":\"https:\\\/\\\/allin.online\\\/gd-gb\\\/bloga\\\/#breadcrumb\",\"itemListElement\":[{\"@type\":\"ListItem\",\"position\":1,\"name\":\"Duilleag-dhachaigh\",\"item\":\"https:\\\/\\\/allin.online\\\/gd-gb\\\/\"},{\"@type\":\"ListItem\",\"position\":2,\"name\":\"Bloga\"}]},{\"@type\":\"WebSite\",\"@id\":\"https:\\\/\\\/allin.online\\\/gd-gb\\\/#website\",\"url\":\"https:\\\/\\\/allin.online\\\/gd-gb\\\/\",\"name\":\"All in\",\"description\":\"Tha f\u00e0ilte air a h-uile duine\",\"publisher\":{\"@id\":\"https:\\\/\\\/allin.online\\\/gd-gb\\\/#organization\"},\"potentialAction\":[{\"@type\":\"SearchAction\",\"target\":{\"@type\":\"EntryPoint\",\"urlTemplate\":\"https:\\\/\\\/allin.online\\\/gd-gb\\\/?s={search_term_string}\"},\"query-input\":{\"@type\":\"PropertyValueSpecification\",\"valueRequired\":true,\"valueName\":\"search_term_string\"}}],\"inLanguage\":\"gd-GB\"},{\"@type\":\"Organization\",\"@id\":\"https:\\\/\\\/allin.online\\\/gd-gb\\\/#organization\",\"name\":\"All in\",\"url\":\"https:\\\/\\\/allin.online\\\/gd-gb\\\/\",\"logo\":{\"@type\":\"ImageObject\",\"inLanguage\":\"gd-GB\",\"@id\":\"https:\\\/\\\/allin.online\\\/gd-gb\\\/#\\\/schema\\\/logo\\\/image\\\/\",\"url\":\"https:\\\/\\\/allin.online\\\/wp-content\\\/uploads\\\/2023\\\/11\\\/696x696.png\",\"contentUrl\":\"https:\\\/\\\/allin.online\\\/wp-content\\\/uploads\\\/2023\\\/11\\\/696x696.png\",\"width\":696,\"height\":696,\"caption\":\"All in\"},\"image\":{\"@id\":\"https:\\\/\\\/allin.online\\\/gd-gb\\\/#\\\/schema\\\/logo\\\/image\\\/\"}}]}<\/script>\n<!-- \/ Yoast SEO plugin. -->","yoast_head_json":{"title":"Bloga - All In","description":"All In believes creativity and culture should be accessible to everyone. That\u2019s why we are developing a UK-wide access scheme.","robots":{"index":"index","follow":"follow","max-snippet":"max-snippet:-1","max-image-preview":"max-image-preview:large","max-video-preview":"max-video-preview:-1"},"canonical":"https:\/\/allin.online\/gd-gb\/bloga\/","og_locale":"en_US","og_type":"article","og_title":"Bloga - All In","og_description":"All In believes creativity and culture should be accessible to everyone. That\u2019s why we are developing a UK-wide access scheme.","og_url":"https:\/\/allin.online\/gd-gb\/bloga\/","og_site_name":"All In","article_modified_time":"2025-03-23T16:51:03+00:00","og_image":[{"width":1200,"height":675,"url":"https:\/\/allin.online\/wp-content\/uploads\/2023\/11\/All-In_OG-image.png","type":"image\/png"}],"twitter_card":"summary_large_image","schema":{"@context":"https:\/\/schema.org","@graph":[{"@type":"WebPage","@id":"https:\/\/allin.online\/gd-gb\/bloga\/","url":"https:\/\/allin.online\/gd-gb\/bloga\/","name":"Bloga - All In","isPartOf":{"@id":"https:\/\/allin.online\/gd-gb\/#website"},"datePublished":"2023-10-09T15:13:49+00:00","dateModified":"2025-03-23T16:51:03+00:00","description":"All In believes creativity and culture should be accessible to everyone. That\u2019s why we are developing a UK-wide access scheme.","breadcrumb":{"@id":"https:\/\/allin.online\/gd-gb\/bloga\/#breadcrumb"},"inLanguage":"gd-GB","potentialAction":[{"@type":"ReadAction","target":["https:\/\/allin.online\/gd-gb\/bloga\/"]}]},{"@type":"BreadcrumbList","@id":"https:\/\/allin.online\/gd-gb\/bloga\/#breadcrumb","itemListElement":[{"@type":"ListItem","position":1,"name":"Duilleag-dhachaigh","item":"https:\/\/allin.online\/gd-gb\/"},{"@type":"ListItem","position":2,"name":"Bloga"}]},{"@type":"WebSite","@id":"https:\/\/allin.online\/gd-gb\/#website","url":"https:\/\/allin.online\/gd-gb\/","name":"All in","description":"Tha f\u00e0ilte air a h-uile duine","publisher":{"@id":"https:\/\/allin.online\/gd-gb\/#organization"},"potentialAction":[{"@type":"SearchAction","target":{"@type":"EntryPoint","urlTemplate":"https:\/\/allin.online\/gd-gb\/?s={search_term_string}"},"query-input":{"@type":"PropertyValueSpecification","valueRequired":true,"valueName":"search_term_string"}}],"inLanguage":"gd-GB"},{"@type":"Organization","@id":"https:\/\/allin.online\/gd-gb\/#organization","name":"All in","url":"https:\/\/allin.online\/gd-gb\/","logo":{"@type":"ImageObject","inLanguage":"gd-GB","@id":"https:\/\/allin.online\/gd-gb\/#\/schema\/logo\/image\/","url":"https:\/\/allin.online\/wp-content\/uploads\/2023\/11\/696x696.png","contentUrl":"https:\/\/allin.online\/wp-content\/uploads\/2023\/11\/696x696.png","width":696,"height":696,"caption":"All in"},"image":{"@id":"https:\/\/allin.online\/gd-gb\/#\/schema\/logo\/image\/"}}]}},"_links":{"self":[{"href":"https:\/\/allin.online\/gd-gb\/wp-json\/wp\/v2\/pages\/2221","targetHints":{"allow":["GET"]}}],"collection":[{"href":"https:\/\/allin.online\/gd-gb\/wp-json\/wp\/v2\/pages"}],"about":[{"href":"https:\/\/allin.online\/gd-gb\/wp-json\/wp\/v2\/types\/page"}],"author":[{"embeddable":true,"href":"https:\/\/allin.online\/gd-gb\/wp-json\/wp\/v2\/users\/5"}],"replies":[{"embeddable":true,"href":"https:\/\/allin.online\/gd-gb\/wp-json\/wp\/v2\/comments?post=2221"}],"version-history":[{"count":1,"href":"https:\/\/allin.online\/gd-gb\/wp-json\/wp\/v2\/pages\/2221\/revisions"}],"predecessor-version":[{"id":2222,"href":"https:\/\/allin.online\/gd-gb\/wp-json\/wp\/v2\/pages\/2221\/revisions\/2222"}],"wp:attachment":[{"href":"https:\/\/allin.online\/gd-gb\/wp-json\/wp\/v2\/media?parent=2221"}],"curies":[{"name":"wp","href":"https:\/\/api.w.org\/{rel}","templated":true}]}}