{"id":1311,"date":"2023-10-10T11:08:47","date_gmt":"2023-10-10T11:08:47","guid":{"rendered":"https:\/\/allin.online\/cuir-fios-thugainn\/"},"modified":"2023-12-12T17:11:09","modified_gmt":"2023-12-12T17:11:09","slug":"cuir-fios-thugainn","status":"publish","type":"page","link":"https:\/\/allin.online\/gd-gb\/cuir-fios-thugainn\/","title":{"rendered":"Cuir fios thugainn"},"content":{"rendered":"\n<p><\/p>\n\n\n\n<p>Bhiodh e math cluinntinn bhuaibh. Ma tha ceist sam bith agad no ma tha thu airson bruidhinn rinn, cuir fios thugainn.<\/p>\n\n\n\n\n<div class=\"wpcf7 no-js\" id=\"wpcf7-f1376-o1\" lang=\"gd-GB\" dir=\"ltr\" data-wpcf7-id=\"1376\">\n<div class=\"screen-reader-response\"><p role=\"status\" aria-live=\"polite\" aria-atomic=\"true\"><\/p> <ul><\/ul><\/div>\n<form action=\"\/gd-gb\/wp-json\/wp\/v2\/pages\/1311#wpcf7-f1376-o1\" method=\"post\" class=\"wpcf7-form init\" aria-label=\"Contact form\" novalidate=\"novalidate\" data-status=\"init\">\n<fieldset class=\"hidden-fields-container\"><input type=\"hidden\" name=\"_wpcf7\" value=\"1376\" \/><input type=\"hidden\" name=\"_wpcf7_version\" value=\"6.1.5\" \/><input type=\"hidden\" name=\"_wpcf7_locale\" value=\"gd_GB\" \/><input type=\"hidden\" name=\"_wpcf7_unit_tag\" value=\"wpcf7-f1376-o1\" \/><input type=\"hidden\" name=\"_wpcf7_container_post\" value=\"0\" \/><input type=\"hidden\" name=\"_wpcf7_posted_data_hash\" value=\"\" \/><input type=\"hidden\" name=\"_wpcf7_recaptcha_response\" value=\"\" \/>\n<\/fieldset>\n<div class=\"form_name_fields\">\n\t<p><label> Ciad Ainm*<br \/>\n<span class=\"wpcf7-form-control-wrap\" data-name=\"first-name\"><input size=\"40\" maxlength=\"400\" class=\"wpcf7-form-control wpcf7-text wpcf7-validates-as-required\" autocomplete=\"name\" aria-required=\"true\" aria-invalid=\"false\" placeholder=\"Ciad Ainm\" value=\"\" type=\"text\" name=\"first-name\" \/><\/span> <\/label>\n\t<\/p>\n\t<p><label> Sloinneadh*<br \/>\n<span class=\"wpcf7-form-control-wrap\" data-name=\"last-name\"><input size=\"40\" maxlength=\"400\" class=\"wpcf7-form-control wpcf7-text wpcf7-validates-as-required\" autocomplete=\"name\" aria-required=\"true\" aria-invalid=\"false\" placeholder=\"Sloinneadh\" value=\"\" type=\"text\" name=\"last-name\" \/><\/span> <\/label>\n\t<\/p>\n<\/div>\n<p><label> Se\u00f2ladh puist-d*<br \/>\n<span class=\"wpcf7-form-control-wrap\" data-name=\"your-email\"><input size=\"40\" maxlength=\"400\" class=\"wpcf7-form-control wpcf7-email wpcf7-validates-as-required wpcf7-text wpcf7-validates-as-email\" autocomplete=\"email\" aria-required=\"true\" aria-invalid=\"false\" placeholder=\"Se\u00f2ladh puist-d\" value=\"\" type=\"email\" name=\"your-email\" \/><\/span> <\/label>\n<\/p>\n<p><span class=\"wpcf7-form-control-wrap\" data-name=\"checkbox-645\"><span class=\"wpcf7-form-control wpcf7-checkbox\"><span class=\"wpcf7-list-item first\"><label><input type=\"checkbox\" name=\"checkbox-645[]\" value=\"Bidh mi ag obair anns an roinn cruthchail agus cultarail.\" \/><span class=\"wpcf7-list-item-label\">Bidh mi ag obair anns an roinn cruthchail agus cultarail.<\/span><\/label><\/span><span class=\"wpcf7-list-item\"><label><input type=\"checkbox\" name=\"checkbox-645[]\" value=\"\u2019S e neach le feumalachdan ruigsinneachd a th\u2019 annam.\" \/><span class=\"wpcf7-list-item-label\">\u2019S e neach le feumalachdan ruigsinneachd a th\u2019 annam.<\/span><\/label><\/span><span class=\"wpcf7-list-item last\"><label><input type=\"checkbox\" name=\"checkbox-645[]\" value=\"Tha mi ag aontachadh puist-d fhaighinn.\" \/><span class=\"wpcf7-list-item-label\">Tha mi ag aontachadh puist-d fhaighinn.<\/span><\/label><\/span><\/span><\/span>\n<\/p>\n<p><label> Adhbhar airson fios a chur*<br \/>\n<span class=\"wpcf7-form-control-wrap\" data-name=\"menu-727\"><select class=\"wpcf7-form-control wpcf7-select wpcf7-validates-as-required\" id=\"contact_dropdown\" aria-required=\"true\" aria-invalid=\"false\" name=\"menu-727\"><option value=\"\">Tagh roghainn...<\/option><option value=\"Tha ceist agam mu All In\">Tha ceist agam mu All In<\/option><option value=\"Tha fios air ais agam mun l\u00e0rach-l\u00ecn All In no Ruigsinneachd\">Tha fios air ais agam mun l\u00e0rach-l\u00ecn All In no Ruigsinneachd<\/option><option value=\"Tha fios air ais coitcheann agam\">Tha fios air ais coitcheann agam<\/option><\/select><\/span><\/label>\n<\/p>\n<p><label> Do bheachd<br \/>\n<span class=\"wpcf7-form-control-wrap\" data-name=\"your-message\"><textarea cols=\"40\" rows=\"10\" maxlength=\"2000\" class=\"wpcf7-form-control wpcf7-textarea\" aria-invalid=\"false\" name=\"your-message\"><\/textarea><\/span> <\/label>\n<\/p>\n<p>*(raointean riatanach)\n<\/p>\n<p><input class=\"wpcf7-form-control wpcf7-submit has-spinner\" type=\"submit\" value=\"Submit\" \/>\n<\/p><div class=\"wpcf7-response-output\" aria-hidden=\"true\"><\/div>\n<\/form>\n<\/div>\n\n\n\n<div class=\"margins page-links wp-block-ace-page-links\">\n\t\t<div class=\"title_with_logo\">\n\t\t\t<svg xmlns=\"http:\/\/www.w3.org\/2000\/svg\" width=\"31.992\" height=\"32.342\" viewBox=\"0 0 31.992 32.342\" aria-hidden=\"true\">\n  <g id=\"pointer_device\" data-name=\"pointer device\" transform=\"translate(0 0.001)\">\n    <path id=\"Path_259\" data-name=\"Path 259\" d=\"M16,0V25.086L1.854,31.5,0,32.342V7.258L.126,7.2,15.694.138Z\" transform=\"translate(15.996 -0.002)\" fill=\"#472961\"\/>\n    <path id=\"Path_260\" data-name=\"Path 260\" d=\"M112.16,0l.3.137L128.031,7.2l.126.057V32.342L126.3,31.5,112.16,25.086Z\" transform=\"translate(-112.161 -0.002)\" fill=\"#5a347b\"\/>\n  <\/g>\n<\/svg>\n\n\t\t\t<h3>Is d\u00f2cha gu bheil \u00f9idh agad ann an&#8230;<\/h3>\n\t\t<\/div>\n\t\t<div class=\"flex flex_50 link_blocks\">\n\t\t\t<a href=\"https:\/\/allin.online\/gd-gb\/all-in-airson-na-roinne\/ceistean-cumanta\/\" class = \"block bg-grey link-block flex--item inner-padding\">\n\t\t\t\t<h3 class=\"secondary\">Ceistean Cumanta<\/h3>\n\t\t\t\t<p>A bheil ceist agad? Is d\u00f2cha gu bheil sinn air freagairt a thoirt dha mu thr\u00e0th. Thoir s\u00f9il air na ceistean cumanta againn gu h-\u00ecosal.<\/p>\n\t\t\t\t<svg xmlns=\"http:\/\/www.w3.org\/2000\/svg\" width=\"31.832\" height=\"24\" viewBox=\"0 0 31.832 24\">\n  <path id=\"arrow\" d=\"M33.728,24.848l-10.2-10.2a1.773,1.773,0,1,0-2.508,2.508l7.189,7.189H4.272a1.772,1.772,0,0,0,0,3.545H28.178L21.022,35.08a1.755,1.755,0,0,0,0,2.508,1.827,1.827,0,0,0,1.271.536,1.747,1.747,0,0,0,1.271-.536L33.8,27.355a1.827,1.827,0,0,0,.536-1.271,2.283,2.283,0,0,0-.6-1.237Z\" transform=\"translate(-2.499 -14.123)\" fill=\"#472961\"\/>\n<\/svg>\n\n\t\t\t\t\n\t\t\t<\/a><a href=\"https:\/\/allin.online\/gd-gb\/mu-all-in\/\" class = \"block bg-grey link-block flex--item inner-padding\">\n\t\t\t\t<h3 class=\"secondary\">Mu All In<\/h3>\n\t\t\t\t<p>Tha All In den bheachd gum bu ch\u00f2ir cruthachalachd agus cultar a bhith ruigsinneach don h-uile duine.<\/p>\n\t\t\t\t<svg xmlns=\"http:\/\/www.w3.org\/2000\/svg\" width=\"31.832\" height=\"24\" viewBox=\"0 0 31.832 24\">\n  <path id=\"arrow\" d=\"M33.728,24.848l-10.2-10.2a1.773,1.773,0,1,0-2.508,2.508l7.189,7.189H4.272a1.772,1.772,0,0,0,0,3.545H28.178L21.022,35.08a1.755,1.755,0,0,0,0,2.508,1.827,1.827,0,0,0,1.271.536,1.747,1.747,0,0,0,1.271-.536L33.8,27.355a1.827,1.827,0,0,0,.536-1.271,2.283,2.283,0,0,0-.6-1.237Z\" transform=\"translate(-2.499 -14.123)\" fill=\"#472961\"\/>\n<\/svg>\n\n\t\t\t\t\n\t\t\t<\/a>\n\t\t<\/div>\n\t<\/div>","protected":false},"excerpt":{"rendered":"<p>Bhiodh e math cluinntinn bhuaibh. Ma tha ceist sam bith agad no ma tha thu airson bruidhinn rinn, cuir fios thugainn.<\/p>\n","protected":false},"author":4,"featured_media":0,"parent":0,"menu_order":0,"comment_status":"closed","ping_status":"closed","template":"","meta":{"_acf_changed":false,"bsl_video":false,"register_block":false,"footnotes":""},"class_list":["post-1311","page","type-page","status-publish","hentry"],"acf":{"enable_signapse":true},"yoast_head":"<!-- This site is optimized with the Yoast SEO plugin v27.3 - https:\/\/yoast.com\/product\/yoast-seo-wordpress\/ -->\n<title>Cuir fios thugainn - All In<\/title>\n<meta name=\"description\" content=\"Tha All In den bheachd gum bu ch\u00f2ir cruthachalachd agus cultar a bhith ruigsinneach don h-uile duine. We\u2019d be happy to hear from you. If you have any questions or would like to speak to us, get in touch.\" \/>\n<meta name=\"robots\" content=\"index, follow, max-snippet:-1, max-image-preview:large, max-video-preview:-1\" \/>\n<link rel=\"canonical\" href=\"https:\/\/allin.online\/gd-gb\/cuir-fios-thugainn\/\" \/>\n<meta property=\"og:locale\" content=\"en_US\" \/>\n<meta property=\"og:type\" content=\"article\" \/>\n<meta property=\"og:title\" content=\"Cuir fios thugainn - All In\" \/>\n<meta property=\"og:description\" content=\"Tha All In den bheachd gum bu ch\u00f2ir cruthachalachd agus cultar a bhith ruigsinneach don h-uile duine. We\u2019d be happy to hear from you. If you have any questions or would like to speak to us, get in touch.\" \/>\n<meta property=\"og:url\" content=\"https:\/\/allin.online\/gd-gb\/cuir-fios-thugainn\/\" \/>\n<meta property=\"og:site_name\" content=\"All In\" \/>\n<meta property=\"article:modified_time\" content=\"2023-12-12T17:11:09+00:00\" \/>\n<meta property=\"og:image\" content=\"https:\/\/allin.online\/wp-content\/uploads\/2023\/11\/All-In_OG-image.png\" \/>\n\t<meta property=\"og:image:width\" content=\"1200\" \/>\n\t<meta property=\"og:image:height\" content=\"675\" \/>\n\t<meta property=\"og:image:type\" content=\"image\/png\" \/>\n<meta name=\"twitter:card\" content=\"summary_large_image\" \/>\n<meta name=\"twitter:label1\" content=\"Est. reading time\" \/>\n\t<meta name=\"twitter:data1\" content=\"1 minute\" \/>\n<script type=\"application\/ld+json\" class=\"yoast-schema-graph\">{\"@context\":\"https:\\\/\\\/schema.org\",\"@graph\":[{\"@type\":\"WebPage\",\"@id\":\"https:\\\/\\\/allin.online\\\/gd-gb\\\/cuir-fios-thugainn\\\/\",\"url\":\"https:\\\/\\\/allin.online\\\/gd-gb\\\/cuir-fios-thugainn\\\/\",\"name\":\"Cuir fios thugainn - All In\",\"isPartOf\":{\"@id\":\"https:\\\/\\\/allin.online\\\/gd-gb\\\/#website\"},\"datePublished\":\"2023-10-10T11:08:47+00:00\",\"dateModified\":\"2023-12-12T17:11:09+00:00\",\"description\":\"Tha All In den bheachd gum bu ch\u00f2ir cruthachalachd agus cultar a bhith ruigsinneach don h-uile duine. We\u2019d be happy to hear from you. If you have any questions or would like to speak to us, get in touch.\",\"breadcrumb\":{\"@id\":\"https:\\\/\\\/allin.online\\\/gd-gb\\\/cuir-fios-thugainn\\\/#breadcrumb\"},\"inLanguage\":\"gd-GB\",\"potentialAction\":[{\"@type\":\"ReadAction\",\"target\":[\"https:\\\/\\\/allin.online\\\/gd-gb\\\/cuir-fios-thugainn\\\/\"]}]},{\"@type\":\"BreadcrumbList\",\"@id\":\"https:\\\/\\\/allin.online\\\/gd-gb\\\/cuir-fios-thugainn\\\/#breadcrumb\",\"itemListElement\":[{\"@type\":\"ListItem\",\"position\":1,\"name\":\"Duilleag-dhachaigh\",\"item\":\"https:\\\/\\\/allin.online\\\/gd-gb\\\/\"},{\"@type\":\"ListItem\",\"position\":2,\"name\":\"Cuir fios thugainn\"}]},{\"@type\":\"WebSite\",\"@id\":\"https:\\\/\\\/allin.online\\\/gd-gb\\\/#website\",\"url\":\"https:\\\/\\\/allin.online\\\/gd-gb\\\/\",\"name\":\"All in\",\"description\":\"Tha f\u00e0ilte air a h-uile duine\",\"publisher\":{\"@id\":\"https:\\\/\\\/allin.online\\\/gd-gb\\\/#organization\"},\"potentialAction\":[{\"@type\":\"SearchAction\",\"target\":{\"@type\":\"EntryPoint\",\"urlTemplate\":\"https:\\\/\\\/allin.online\\\/gd-gb\\\/?s={search_term_string}\"},\"query-input\":{\"@type\":\"PropertyValueSpecification\",\"valueRequired\":true,\"valueName\":\"search_term_string\"}}],\"inLanguage\":\"gd-GB\"},{\"@type\":\"Organization\",\"@id\":\"https:\\\/\\\/allin.online\\\/gd-gb\\\/#organization\",\"name\":\"All in\",\"url\":\"https:\\\/\\\/allin.online\\\/gd-gb\\\/\",\"logo\":{\"@type\":\"ImageObject\",\"inLanguage\":\"gd-GB\",\"@id\":\"https:\\\/\\\/allin.online\\\/gd-gb\\\/#\\\/schema\\\/logo\\\/image\\\/\",\"url\":\"https:\\\/\\\/allin.online\\\/wp-content\\\/uploads\\\/2023\\\/11\\\/696x696.png\",\"contentUrl\":\"https:\\\/\\\/allin.online\\\/wp-content\\\/uploads\\\/2023\\\/11\\\/696x696.png\",\"width\":696,\"height\":696,\"caption\":\"All in\"},\"image\":{\"@id\":\"https:\\\/\\\/allin.online\\\/gd-gb\\\/#\\\/schema\\\/logo\\\/image\\\/\"}}]}<\/script>\n<!-- \/ Yoast SEO plugin. -->","yoast_head_json":{"title":"Cuir fios thugainn - All In","description":"Tha All In den bheachd gum bu ch\u00f2ir cruthachalachd agus cultar a bhith ruigsinneach don h-uile duine. We\u2019d be happy to hear from you. If you have any questions or would like to speak to us, get in touch.","robots":{"index":"index","follow":"follow","max-snippet":"max-snippet:-1","max-image-preview":"max-image-preview:large","max-video-preview":"max-video-preview:-1"},"canonical":"https:\/\/allin.online\/gd-gb\/cuir-fios-thugainn\/","og_locale":"en_US","og_type":"article","og_title":"Cuir fios thugainn - All In","og_description":"Tha All In den bheachd gum bu ch\u00f2ir cruthachalachd agus cultar a bhith ruigsinneach don h-uile duine. We\u2019d be happy to hear from you. If you have any questions or would like to speak to us, get in touch.","og_url":"https:\/\/allin.online\/gd-gb\/cuir-fios-thugainn\/","og_site_name":"All In","article_modified_time":"2023-12-12T17:11:09+00:00","og_image":[{"width":1200,"height":675,"url":"https:\/\/allin.online\/wp-content\/uploads\/2023\/11\/All-In_OG-image.png","type":"image\/png"}],"twitter_card":"summary_large_image","twitter_misc":{"Est. reading time":"1 minute"},"schema":{"@context":"https:\/\/schema.org","@graph":[{"@type":"WebPage","@id":"https:\/\/allin.online\/gd-gb\/cuir-fios-thugainn\/","url":"https:\/\/allin.online\/gd-gb\/cuir-fios-thugainn\/","name":"Cuir fios thugainn - All In","isPartOf":{"@id":"https:\/\/allin.online\/gd-gb\/#website"},"datePublished":"2023-10-10T11:08:47+00:00","dateModified":"2023-12-12T17:11:09+00:00","description":"Tha All In den bheachd gum bu ch\u00f2ir cruthachalachd agus cultar a bhith ruigsinneach don h-uile duine. We\u2019d be happy to hear from you. If you have any questions or would like to speak to us, get in touch.","breadcrumb":{"@id":"https:\/\/allin.online\/gd-gb\/cuir-fios-thugainn\/#breadcrumb"},"inLanguage":"gd-GB","potentialAction":[{"@type":"ReadAction","target":["https:\/\/allin.online\/gd-gb\/cuir-fios-thugainn\/"]}]},{"@type":"BreadcrumbList","@id":"https:\/\/allin.online\/gd-gb\/cuir-fios-thugainn\/#breadcrumb","itemListElement":[{"@type":"ListItem","position":1,"name":"Duilleag-dhachaigh","item":"https:\/\/allin.online\/gd-gb\/"},{"@type":"ListItem","position":2,"name":"Cuir fios thugainn"}]},{"@type":"WebSite","@id":"https:\/\/allin.online\/gd-gb\/#website","url":"https:\/\/allin.online\/gd-gb\/","name":"All in","description":"Tha f\u00e0ilte air a h-uile duine","publisher":{"@id":"https:\/\/allin.online\/gd-gb\/#organization"},"potentialAction":[{"@type":"SearchAction","target":{"@type":"EntryPoint","urlTemplate":"https:\/\/allin.online\/gd-gb\/?s={search_term_string}"},"query-input":{"@type":"PropertyValueSpecification","valueRequired":true,"valueName":"search_term_string"}}],"inLanguage":"gd-GB"},{"@type":"Organization","@id":"https:\/\/allin.online\/gd-gb\/#organization","name":"All in","url":"https:\/\/allin.online\/gd-gb\/","logo":{"@type":"ImageObject","inLanguage":"gd-GB","@id":"https:\/\/allin.online\/gd-gb\/#\/schema\/logo\/image\/","url":"https:\/\/allin.online\/wp-content\/uploads\/2023\/11\/696x696.png","contentUrl":"https:\/\/allin.online\/wp-content\/uploads\/2023\/11\/696x696.png","width":696,"height":696,"caption":"All in"},"image":{"@id":"https:\/\/allin.online\/gd-gb\/#\/schema\/logo\/image\/"}}]}},"_links":{"self":[{"href":"https:\/\/allin.online\/gd-gb\/wp-json\/wp\/v2\/pages\/1311","targetHints":{"allow":["GET"]}}],"collection":[{"href":"https:\/\/allin.online\/gd-gb\/wp-json\/wp\/v2\/pages"}],"about":[{"href":"https:\/\/allin.online\/gd-gb\/wp-json\/wp\/v2\/types\/page"}],"author":[{"embeddable":true,"href":"https:\/\/allin.online\/gd-gb\/wp-json\/wp\/v2\/users\/4"}],"replies":[{"embeddable":true,"href":"https:\/\/allin.online\/gd-gb\/wp-json\/wp\/v2\/comments?post=1311"}],"version-history":[{"count":4,"href":"https:\/\/allin.online\/gd-gb\/wp-json\/wp\/v2\/pages\/1311\/revisions"}],"predecessor-version":[{"id":1316,"href":"https:\/\/allin.online\/gd-gb\/wp-json\/wp\/v2\/pages\/1311\/revisions\/1316"}],"wp:attachment":[{"href":"https:\/\/allin.online\/gd-gb\/wp-json\/wp\/v2\/media?parent=1311"}],"curies":[{"name":"wp","href":"https:\/\/api.w.org\/{rel}","templated":true}]}}