{"id":1305,"date":"2023-10-10T11:07:52","date_gmt":"2023-10-10T11:07:52","guid":{"rendered":"https:\/\/allin.online\/teirmean-is-cumhaichean\/"},"modified":"2023-12-12T17:07:24","modified_gmt":"2023-12-12T17:07:24","slug":"teirmean-is-cumhaichean","status":"publish","type":"page","link":"https:\/\/allin.online\/gd-gb\/teirmean-is-cumhaichean\/","title":{"rendered":"Teirmean is Cumhaichean"},"content":{"rendered":"\n<p>Tha All In ga leasachadh le Comhairle Ealain Shasainn mar am pr\u00ecomh chom-p\u00e0irtiche l\u00ecbhrigidh, a tha na charthannas cl\u00e0raichte (\u00e0ireamh 1036733). Tha iomradh sam bith air All In anns na teirmean seo cuideachd a\u2019 toirt iomradh air Comhairle Ealain Sasainn, a tha na ainm malairt air Comhairle Ealain Sasainn. <\/p>\n\n\n\n<h2 class=\"wp-block-heading\"><strong><strong>1. Cleachdadh an L\u00e0rach-l\u00ecn All In\u00a0<\/strong><\/strong><\/h2>\n\n\n\n<p>1.1&nbsp;<\/p>\n\n\n\n<p>Le bhith a\u2019 cleachdadh agus\/no a\u2019 tadhal air an l\u00e0rach-l\u00ecn&nbsp;All In&nbsp;tha thu a\u2019 comharrachadh gu bheil thu ag aontachadh ris na teirmichean is cumhaichean seo.&nbsp;<\/p>\n\n\n\n<p>1.2&nbsp;<\/p>\n\n\n\n<p>Faodaidh All In, a r\u00e8ir a thoil fh\u00e8in, na teirmichean is cumhaichean seo agus poileasaidhean co-cheangailte sam bith atharrachadh no ath-sgr\u00f9dadh aig \u00e0m sam bith, agus tha thu ag aontachadh a bhith air do cheangal le atharraichean no m\u00f9thaidhean mar sin. Cha bhithear a\u2019 meas gu bheil dad san aonta seo a\u2019 toirt c\u00f2irichean no sochairean treas-ph\u00e0rtaidh sam bith.&nbsp;<\/p>\n\n\n\n<h2 class=\"wp-block-heading\"><strong><strong>2. A\u2019 D\u00e8anamh Ceanglaichean<\/strong><\/strong><\/h2>\n\n\n\n<p>2.1&nbsp;<\/p>\n\n\n\n<p>Dh\u2019fhaodadh gum bi ceanglaichean gu l\u00e0raich-l\u00ecn eile aig l\u00e0rach-l\u00ecn All In.&nbsp;<\/p>\n\n\n\n<p>Chan eil dleastanas aig All In airson susbaint sam bith, no cha bhi e a\u2019 toirt barantas air cruinneas nno earbsachd l\u00e0rach-l\u00ecn ceangailte sam bith.&nbsp;<\/p>\n\n\n\n<p>Tha All In, chun na h-\u00ecre a tha ceadaichte fun lagh, a\u2019 d\u00f9nach a-mach buailteachd sam bith a dh\u2019fhaodadh \u00e8irigh mar thoradh air do chleachdadh no a bhith an eisimeil an fhiosrachaidh no an susbaint anns an l\u00e0rach ceangailte.&nbsp;<\/p>\n\n\n\n<h2 class=\"wp-block-heading\"><strong><strong>3. C\u00f2ir-lethbhreac<\/strong><\/strong><\/h2>\n\n\n\n<p>\u2019S ann le&nbsp;All In&nbsp;no an luchd-ceadachaidh a tha an c\u00f2ir-lethbhreac ann an susbaint na l\u00e0raich-l\u00ecn seo.&nbsp; \u2019S ann le All In&nbsp;a tha an d\u00e0ta agus am fiosrachadh a tha ri fhaighinn tron&nbsp;l\u00e0rach-l\u00ecn agus mura h-eilear ag r\u00e0dh a chaochladh tha seo air a ruith fo Cheadachas Fosgailte an Riaghaltais.&nbsp;<\/p>\n\n\n\n<p>Feuch an cuir thu fios thugainn ma tha thu airson gin de na stuthan air an l\u00e0rach-l\u00ecn seo a chleachdadh.\u00a0<\/p>\n\n\n\n<h2 class=\"wp-block-heading\"><strong><strong>\u00a04. Dion D\u00e0ta<\/strong><\/strong><\/h2>\n\n\n\n<p>4.1 Gu coitcheann&nbsp;&nbsp;<\/p>\n\n\n\n<p>Tha All In&nbsp;gealladh airson do phr\u00ecobhaideachd a dh\u00econ.&nbsp;&nbsp;<\/p>\n\n\n\n<p>Tha an teacsa gu h-\u00ecosal a\u2019 toirt cunntas air na d\u00f2ighean anns am bi sinn a\u2019 cruinneachadh fiosrachadh bhuat nuair a chleachdas tu an t-seirbheis, agus airson na dh\u2019fhaodadh sinn a chleachdadh. Bu ch\u00f2ir a leughadh an co-bhonn ri teirmichean is cumhaichean cleachdaidh eile agus poileasaidh d\u00econ d\u00e0ta.&nbsp;&nbsp;&nbsp;&nbsp;<\/p>\n\n\n\n<p>Tha All In na p\u00e0irt de Chomhairle Ealain Shasainn, a tha na charthannas cl\u00e0raichte (\u00e0ireamh 1036733).&nbsp;Tha pr\u00ecomh oifis Comhairle Ealain Sasainn suidhichte aig 49 Lever St Manchester,&nbsp;M1&nbsp;1FN. Ma tha ceist sam bith eile agad mun phoileasaidh seo, faodaidh tu sgr\u00ecobhadh thugainn aig ar pr\u00ecomh oifis no ar foirm conaltraidh a chleachdadh.<\/p>\n\n\n\n<p>4.2 D\u00e8 an d\u00e0ta a bhios sinn a\u2019 cruinneachadh bhuat?&nbsp;&nbsp;<\/p>\n\n\n\n<p>Bidh sinn a\u2019 cruinneachadh d\u00e0ta bhuat (\u2018d\u00e0ta luchd-cleachdaidh\u2019) nuair a chl\u00e0ras tu gus \u00f9rachaidhean fhaighinn bhuainn. Uaireannan faodaidh an d\u00e0ta seo a bhith a\u2019 toirt a-steach d\u00e0ta pearsanta mu dhaoine fa-leth, ris a bheil laghan d\u00econ d\u00e0ta na RA a\u2019 buntainn.&nbsp;<\/p>\n\n\n\n<p>Tha na teirmichean is cumhaichean seo agus ar poileasaidh d\u00econ d\u00e0ta a\u2019 toirt cunntas air d\u00f2igh-obrach All Ina thaobh a bhith a\u2019 coileanadh a dhleastanasan fo na laghan d\u00econ d\u00e0ta sin.&nbsp;<\/p>\n\n\n\n<p>4.3 Ar cleachdadh de dh\u00e0ta luchd-cleachdaidh&nbsp;&nbsp;<\/p>\n\n\n\n<p>Cleachdaidh sinn d\u00e0ta luchd-cleachdaidh a chruinnicheas sinn bhuat a-mh\u00e0in a r\u00e8ir an sti\u00f9iridh a leanas:&nbsp;<\/p>\n\n\n\n<ul class=\"wp-block-list\">\n<li>gus na h-\u00f9rachaidhean a thoirt dhut\u00a0<\/li>\n\n\n\n<li>gus ar seirbheis a sholarachadh agus a leasachadh dhut, gus fios a chuir thugad mu atharrachaidhean sam bith air na teirmichean is cumhaichean cleachdaidh againn.\u00a0<\/li>\n\n\n\n<li>gus fiosrachadh a chuir thugad mu na toraidhean agus na seirbheisean eile againn ma thogras tu. Bho \u00e0m gu \u00e0m, is d\u00f2cha gum bi All In, Comhairle Ealain Shasainn, no treas ph\u00e0rtaidhean ag obair \u00e0s leth Comhairle Ealain Shasainn, airson fiosrachadh a chuir thugad mu sheirbheisean eile a tha sinn a\u2019 tabhann agus a tha sinn a\u2019 creidsinn a dh\u2019 fhaodadh \u00f9idh a bhith agad annta. \u2019S d\u00f2cha gun cleachd sinn d\u00e0ta luchd-cleachdaidh airson an adhbhair seo. Ma cho-dh\u00f9nas tu a-nis, no aig \u00e0m sam bith nas fhaide air adhart, nach eil thu airson am fiosrachadh seo fhaighinn, nach cuir thu fios thugainn tron fhoirm-conaltraidh againn.<\/li>\n<\/ul>\n\n\n\n<p>4.4 Anailis&nbsp;<\/p>\n\n\n\n<p>Tha Comhairle Ealain Shasainn air Google Analytics a chuir an gn\u00ecomh, a\u2019 toirt a-steach Aithris deamografaigs agus \u00f9idh.&nbsp; Th\u00e8id aithisgean deamografach sam bith a thig a-mach a\u2019 cleachdadh an d\u00e0ta seo a chleachdadh gus tuigse nas fhe\u00e0rr fhaighinn air trafaic ar l\u00e0rach-l\u00ecn agus gus e\u00f2las luchd-cleachdaidh adhartachadh.&nbsp;<\/p>\n\n\n\n<p>4.5 Taobh a-staigh Comhairle Ealain Shasainn&nbsp;<\/p>\n\n\n\n<p>Faodaidh Comhairle Ealain Shasainn d\u00e0ta luchd-cleachdaidh a thoirt do ph\u00e0irtean eile den bhuidheann, an d\u00e0rna cuid airson seirbheisean Comhairle Ealain Shasainn a choileanadh, no gus leigeil leotha fiosrachadh a thoirt dhut mu thoraidhean no sheirbheisean anns a bheil iad a\u2019 creidsinn gum biodh \u00f9idh agad.&nbsp;<\/p>\n\n\n\n<h2 class=\"wp-block-heading\">5. <strong><strong>Aithris-\u00e0ichidh<\/strong><\/strong><\/h2>\n\n\n\n<p>5.1&nbsp;<\/p>\n\n\n\n<p>Tha All In&nbsp;air feuchainn ri d\u00e8anamh cinnteach gu bheil an t-susbaint agus am fiosrachadh a bheir e seachad air an l\u00e0rach-l\u00ecn seo ceart nuair a chaidh a phostadh.&nbsp;Gu m\u00ec-fhortanach,&nbsp;chan urrainn dha gealltainn gu bheil susbaint no fiosrachadh anns na duilleagan aige ceart agus bidh neach sam bith a chleachdas am fiosrachadh a tha annta a\u2019 d\u00e8anamh sin gu tur air an cunnart fh\u00e8in.&nbsp; Air an l\u00e0rach-l\u00ecn seo tha earrann againn air a bheil&nbsp;E\u00f2laire Buidheann Taic&nbsp;a tha a\u2019 toirt a-steach ceanglaichean gu comhairle treas-ph\u00e0rtaidh a dh\u2019fhaodadh a bhith feumail don luchd-cleachdaidh againn. Chan eil sinn cunntachail airson na comhairle a bheir na buidhnean&nbsp;treas-ph\u00e0rtaidhean seachad.&nbsp;&nbsp;<\/p>\n\n\n\n<p>5.2&nbsp;<\/p>\n\n\n\n<p>Chan e seallaidhean agus beachdan All In a th\u2019 anns na seallaidhean is beachdan a tha air an cur an c\u00e8ill anns an t-susbaint cruthaichte le luchd-cleachdaidh air an l\u00e0rachdseo agus chan eil All In a\u2019 dearbhadh cruinneas no iomlanachd an t-susbaint. Cha bu ch\u00f2ir dhut a bhith an urra ris an t-susbaint.&nbsp;<\/p>\n\n\n\n<p>5.3&nbsp;<\/p>\n\n\n\n<p>Nuair chleachdas tu an l\u00e0rach, faodaidh tu faighinn gu l\u00e0raich-l\u00ecn eile tro bhith a\u2019 cleachdadh cheanglaichean no hypertext. Tha thu ag aontachadh nach eil&nbsp;All In&nbsp;an urra ri susbaint no gn\u00ecomhachd l\u00e0raich-l\u00ecn&nbsp;treas-ph\u00e0rtaidh&nbsp;mar sin agus nach bi&nbsp;All In&nbsp;uallach ort fh\u00e8in no air neach no buidheann sam bith eile airson an cleachdadh de l\u00e0raich-l\u00ecn treas-ph\u00e0rtaidh mar sin.&nbsp;<\/p>\n\n\n\n<p>5.4&nbsp;<\/p>\n\n\n\n<p>Tha All In ag \u00e0icheadh gach uallach a dh\u2019\u00e8irich dhut mar thoradh air mar a chleachdas tu an t-seirbheis.&nbsp;<\/p>\n\n\n\n<h2 class=\"wp-block-heading\"><strong><strong>6. Dion o Bh\u00ecoras<\/strong><\/strong><\/h2>\n\n\n\n<p>6.1&nbsp;<\/p>\n\n\n\n<p>Ged a thathar a\u2019 gabhail c\u00f9ram sgr\u00f9dadh agus deuchainn a dh\u00e8anamh air stuthan aig a h-uile \u00ecre de chinneasachadh, chan urrainn All In uallach sam bith a ghabhail airson call, buaireadh no milleadh sam bith air an d\u00e0ta agad no air an t-siostam coimpiutair agad a dh\u2019fhaodadh tachairt fhad \u2019s a tha thu a\u2019 cleachdadh stuthan a th\u00e0inig \u00e0s an l\u00e0rach-l\u00ecn seo.&nbsp;<\/p>\n\n\n\n<h2 class=\"wp-block-heading\"><strong><strong>7. Postachd<\/strong><\/strong><\/h2>\n\n\n\n<p>7.1&nbsp;<\/p>\n\n\n\n<p>Tha thu ag aontachadh nach post thu stuth anns a bheil susbaint a tha cronail, bagarrach, ana-cainteach, borb, drabasta, s\u00e0rachadh, m\u00ec-chli\u00f9iteach, oilbheumach (cinneadail, gn\u00e8itheach no cinnidh), a bhrosnaicheas sealladh poilitigeach no a tha m\u00ec-reusanta air dh\u00f2igh eile.&nbsp;&nbsp;<\/p>\n\n\n\n<p>7.2&nbsp;<\/p>\n\n\n\n<p>Cha bhith thu a\u2019 postadh no a\u2019 sgaoileadh litrichean slabhraidh, sgeamaichean pioramaid no airgid.&nbsp;<\/p>\n\n\n\n<p>7.3&nbsp;<\/p>\n\n\n\n<p>Cha chleachd thu do chunntas post-d gus:&nbsp;<\/p>\n\n\n\n<ul class=\"wp-block-list\">\n<li>neach sam bith a phearsanachadh; agus\/no&nbsp;<\/li>\n\n\n\n<li>\u2018spam\u2019 le bhith a\u2019 postadh teachdaireachdan tric agus\/no buaireanta.&nbsp;<\/li>\n<\/ul>\n\n\n\n<p>7.4&nbsp;<\/p>\n\n\n\n<p>Chan fhaod ceanglaichean a bhith ann an stuth a chuireas tu a-steach gu l\u00e0raichean a dh\u2019fhosglas&nbsp;ioma uinneagan no gu l\u00e0raichean anns a bheil stuth a thigeadh fo chl\u00e0s 6.1 gu h-\u00e0rd.&nbsp;<\/p>\n\n\n\n<p>7.5&nbsp;<\/p>\n\n\n\n<p>Tha thu ag aontachadh nach foillsich thu susbaint, agus bhiodh an taisbeanadh a\u2019 briseadh c\u00f2raichean seilbh inntleachdail treas-ph\u00e0rtaidh sam bith.&nbsp;Gu s\u00f2nraichte, bidh thu a\u2019 riochdachadh agus a\u2019 barantachadh gu bheil susbaint do phostadh t\u00f9sail agus nach deach a chopaigeadh bho threas ph\u00e0rtaidh sam bith.&nbsp;<\/p>\n\n\n\n<p>7.6&nbsp;<\/p>\n\n\n\n<p>Tha thu ag aontachadh nach cleachd thu postachd gus nithean no seirbheisean a thabhann airson an reic no gus sanasan a chuir airson bathar, toraidhean no seirbheisean treas ph\u00e0rtaidhean.&nbsp;<\/p>\n\n\n\n<p>7.7&nbsp;<\/p>\n\n\n\n<p>Ma bhristeas tu gin dhe na h-ullachaidhean a tha air am m\u00ecneachadh sa chl\u00e0s seo, faodaidh All In&nbsp;d\u2019 chleachdadh den t-seirbheis a thoirt gu cr\u00ecch sa bhad.&nbsp;<\/p>\n\n\n\n<p>7.8&nbsp;<\/p>\n\n\n\n<p>Tha All In&nbsp;a\u2019 gleidheadh na c\u00f2rach gun stuth sam bith a phostas tu fhoillseachadh a r\u00e8ir a thoil fh\u00e8in.&nbsp;<\/p>\n\n\n\n<p>7.9&nbsp;<\/p>\n\n\n\n<p>Tha thu a\u2019 toirt cead&nbsp;gu All In&nbsp;cumail s\u00f9il air a\u2019 phostadh agad mus t\u00e8id a sgaoileadh.&nbsp;<\/p>\n\n\n\n<p>7.10&nbsp;<\/p>\n\n\n\n<p>Tha thu a\u2019 toirt cead do All In&nbsp;deasachadh postadh sam bith a gheibh e bhuat airson f\u00f2rmatadh a-mh\u00e0in gus a dh\u00e8anamh furasta a leughadh.&nbsp;<\/p>\n\n\n\n<h2 class=\"wp-block-heading\"><strong><strong>8. An Lagh Riaghlaidh<\/strong><\/strong><\/h2>\n\n\n\n<p>8.1  <\/p>\n\n\n\n<p>Bidh na teirmichean is cumhaichean cleachdaidh seo agus do chleachdadh air na seirbheisean air an riaghladh agus air am m\u00ecneachadh a r\u00e8ir lagh Shasainn agus bidh uachdranas s\u00f2nraichte aig C\u00f9irtean Shasainn an co-cheangal ris a h-uile c\u00f9is co-cheangailte ris na teirmichean is cumhaichean cleachdaidh seo.\u00a0<\/p>\n","protected":false},"excerpt":{"rendered":"<p>Tha All In ga leasachadh le Comhairle Ealain Shasainn mar am pr\u00ecomh chom-p\u00e0irtiche l\u00ecbhrigidh, a tha na charthannas cl\u00e0raichte (\u00e0ireamh 1036733). Tha iomradh sam bith air All In anns na teirmean seo cuideachd a\u2019 toirt iomradh air Comhairle Ealain Sasainn, a tha na ainm malairt air Comhairle Ealain Sasainn. 1. Cleachdadh an L\u00e0rach-l\u00ecn All In\u00a0 [&hellip;]<\/p>\n","protected":false},"author":4,"featured_media":0,"parent":0,"menu_order":0,"comment_status":"closed","ping_status":"closed","template":"","meta":{"_acf_changed":false,"bsl_video":false,"register_block":false,"footnotes":""},"class_list":["post-1305","page","type-page","status-publish","hentry"],"acf":{"enable_signapse":true},"yoast_head":"<!-- This site is optimized with the Yoast SEO plugin v27.4 - https:\/\/yoast.com\/product\/yoast-seo-wordpress\/ -->\n<title>Teirmean is Cumhaichean - All In<\/title>\n<meta name=\"description\" content=\"Tha All In ga leasachadh le Comhairle Ealain Shasainn mar am pr\u00ecomh chom-p\u00e0irtiche l\u00ecbhrigidh, a tha na charthannas cl\u00e0raichte (\u00e0ireamh 1036733). Tha iomradh sam bith air All In anns na teirmean seo cuideachd a\u2019 toirt iomradh air Comhairle Ealain Sasainn, a tha na ainm malairt air Comhairle Ealain Sasainn.\" \/>\n<meta name=\"robots\" content=\"index, follow, max-snippet:-1, max-image-preview:large, max-video-preview:-1\" \/>\n<link rel=\"canonical\" href=\"https:\/\/allin.online\/gd-gb\/teirmean-is-cumhaichean\/\" \/>\n<meta property=\"og:locale\" content=\"en_US\" \/>\n<meta property=\"og:type\" content=\"article\" \/>\n<meta property=\"og:title\" content=\"Teirmean is Cumhaichean - All In\" \/>\n<meta property=\"og:description\" content=\"Tha All In ga leasachadh le Comhairle Ealain Shasainn mar am pr\u00ecomh chom-p\u00e0irtiche l\u00ecbhrigidh, a tha na charthannas cl\u00e0raichte (\u00e0ireamh 1036733). Tha iomradh sam bith air All In anns na teirmean seo cuideachd a\u2019 toirt iomradh air Comhairle Ealain Sasainn, a tha na ainm malairt air Comhairle Ealain Sasainn.\" \/>\n<meta property=\"og:url\" content=\"https:\/\/allin.online\/gd-gb\/teirmean-is-cumhaichean\/\" \/>\n<meta property=\"og:site_name\" content=\"All In\" \/>\n<meta property=\"article:modified_time\" content=\"2023-12-12T17:07:24+00:00\" \/>\n<meta property=\"og:image\" content=\"https:\/\/allin.online\/wp-content\/uploads\/2023\/11\/All-In_OG-image.png\" \/>\n\t<meta property=\"og:image:width\" content=\"1200\" \/>\n\t<meta property=\"og:image:height\" content=\"675\" \/>\n\t<meta property=\"og:image:type\" content=\"image\/png\" \/>\n<meta name=\"twitter:card\" content=\"summary_large_image\" \/>\n<meta name=\"twitter:label1\" content=\"Est. reading time\" \/>\n\t<meta name=\"twitter:data1\" content=\"7 minutes\" \/>\n<script type=\"application\/ld+json\" class=\"yoast-schema-graph\">{\"@context\":\"https:\\\/\\\/schema.org\",\"@graph\":[{\"@type\":\"WebPage\",\"@id\":\"https:\\\/\\\/allin.online\\\/gd-gb\\\/teirmean-is-cumhaichean\\\/\",\"url\":\"https:\\\/\\\/allin.online\\\/gd-gb\\\/teirmean-is-cumhaichean\\\/\",\"name\":\"Teirmean is Cumhaichean - All In\",\"isPartOf\":{\"@id\":\"https:\\\/\\\/allin.online\\\/gd-gb\\\/#website\"},\"datePublished\":\"2023-10-10T11:07:52+00:00\",\"dateModified\":\"2023-12-12T17:07:24+00:00\",\"description\":\"Tha All In ga leasachadh le Comhairle Ealain Shasainn mar am pr\u00ecomh chom-p\u00e0irtiche l\u00ecbhrigidh, a tha na charthannas cl\u00e0raichte (\u00e0ireamh 1036733). Tha iomradh sam bith air All In anns na teirmean seo cuideachd a\u2019 toirt iomradh air Comhairle Ealain Sasainn, a tha na ainm malairt air Comhairle Ealain Sasainn.\",\"breadcrumb\":{\"@id\":\"https:\\\/\\\/allin.online\\\/gd-gb\\\/teirmean-is-cumhaichean\\\/#breadcrumb\"},\"inLanguage\":\"gd-GB\",\"potentialAction\":[{\"@type\":\"ReadAction\",\"target\":[\"https:\\\/\\\/allin.online\\\/gd-gb\\\/teirmean-is-cumhaichean\\\/\"]}]},{\"@type\":\"BreadcrumbList\",\"@id\":\"https:\\\/\\\/allin.online\\\/gd-gb\\\/teirmean-is-cumhaichean\\\/#breadcrumb\",\"itemListElement\":[{\"@type\":\"ListItem\",\"position\":1,\"name\":\"Duilleag-dhachaigh\",\"item\":\"https:\\\/\\\/allin.online\\\/gd-gb\\\/\"},{\"@type\":\"ListItem\",\"position\":2,\"name\":\"Teirmean is Cumhaichean\"}]},{\"@type\":\"WebSite\",\"@id\":\"https:\\\/\\\/allin.online\\\/gd-gb\\\/#website\",\"url\":\"https:\\\/\\\/allin.online\\\/gd-gb\\\/\",\"name\":\"All in\",\"description\":\"Tha f\u00e0ilte air a h-uile duine\",\"publisher\":{\"@id\":\"https:\\\/\\\/allin.online\\\/gd-gb\\\/#organization\"},\"potentialAction\":[{\"@type\":\"SearchAction\",\"target\":{\"@type\":\"EntryPoint\",\"urlTemplate\":\"https:\\\/\\\/allin.online\\\/gd-gb\\\/?s={search_term_string}\"},\"query-input\":{\"@type\":\"PropertyValueSpecification\",\"valueRequired\":true,\"valueName\":\"search_term_string\"}}],\"inLanguage\":\"gd-GB\"},{\"@type\":\"Organization\",\"@id\":\"https:\\\/\\\/allin.online\\\/gd-gb\\\/#organization\",\"name\":\"All in\",\"url\":\"https:\\\/\\\/allin.online\\\/gd-gb\\\/\",\"logo\":{\"@type\":\"ImageObject\",\"inLanguage\":\"gd-GB\",\"@id\":\"https:\\\/\\\/allin.online\\\/gd-gb\\\/#\\\/schema\\\/logo\\\/image\\\/\",\"url\":\"https:\\\/\\\/allin.online\\\/wp-content\\\/uploads\\\/2023\\\/11\\\/696x696.png\",\"contentUrl\":\"https:\\\/\\\/allin.online\\\/wp-content\\\/uploads\\\/2023\\\/11\\\/696x696.png\",\"width\":696,\"height\":696,\"caption\":\"All in\"},\"image\":{\"@id\":\"https:\\\/\\\/allin.online\\\/gd-gb\\\/#\\\/schema\\\/logo\\\/image\\\/\"}}]}<\/script>\n<!-- \/ Yoast SEO plugin. -->","yoast_head_json":{"title":"Teirmean is Cumhaichean - All In","description":"Tha All In ga leasachadh le Comhairle Ealain Shasainn mar am pr\u00ecomh chom-p\u00e0irtiche l\u00ecbhrigidh, a tha na charthannas cl\u00e0raichte (\u00e0ireamh 1036733). Tha iomradh sam bith air All In anns na teirmean seo cuideachd a\u2019 toirt iomradh air Comhairle Ealain Sasainn, a tha na ainm malairt air Comhairle Ealain Sasainn.","robots":{"index":"index","follow":"follow","max-snippet":"max-snippet:-1","max-image-preview":"max-image-preview:large","max-video-preview":"max-video-preview:-1"},"canonical":"https:\/\/allin.online\/gd-gb\/teirmean-is-cumhaichean\/","og_locale":"en_US","og_type":"article","og_title":"Teirmean is Cumhaichean - All In","og_description":"Tha All In ga leasachadh le Comhairle Ealain Shasainn mar am pr\u00ecomh chom-p\u00e0irtiche l\u00ecbhrigidh, a tha na charthannas cl\u00e0raichte (\u00e0ireamh 1036733). Tha iomradh sam bith air All In anns na teirmean seo cuideachd a\u2019 toirt iomradh air Comhairle Ealain Sasainn, a tha na ainm malairt air Comhairle Ealain Sasainn.","og_url":"https:\/\/allin.online\/gd-gb\/teirmean-is-cumhaichean\/","og_site_name":"All In","article_modified_time":"2023-12-12T17:07:24+00:00","og_image":[{"width":1200,"height":675,"url":"https:\/\/allin.online\/wp-content\/uploads\/2023\/11\/All-In_OG-image.png","type":"image\/png"}],"twitter_card":"summary_large_image","twitter_misc":{"Est. reading time":"7 minutes"},"schema":{"@context":"https:\/\/schema.org","@graph":[{"@type":"WebPage","@id":"https:\/\/allin.online\/gd-gb\/teirmean-is-cumhaichean\/","url":"https:\/\/allin.online\/gd-gb\/teirmean-is-cumhaichean\/","name":"Teirmean is Cumhaichean - All In","isPartOf":{"@id":"https:\/\/allin.online\/gd-gb\/#website"},"datePublished":"2023-10-10T11:07:52+00:00","dateModified":"2023-12-12T17:07:24+00:00","description":"Tha All In ga leasachadh le Comhairle Ealain Shasainn mar am pr\u00ecomh chom-p\u00e0irtiche l\u00ecbhrigidh, a tha na charthannas cl\u00e0raichte (\u00e0ireamh 1036733). Tha iomradh sam bith air All In anns na teirmean seo cuideachd a\u2019 toirt iomradh air Comhairle Ealain Sasainn, a tha na ainm malairt air Comhairle Ealain Sasainn.","breadcrumb":{"@id":"https:\/\/allin.online\/gd-gb\/teirmean-is-cumhaichean\/#breadcrumb"},"inLanguage":"gd-GB","potentialAction":[{"@type":"ReadAction","target":["https:\/\/allin.online\/gd-gb\/teirmean-is-cumhaichean\/"]}]},{"@type":"BreadcrumbList","@id":"https:\/\/allin.online\/gd-gb\/teirmean-is-cumhaichean\/#breadcrumb","itemListElement":[{"@type":"ListItem","position":1,"name":"Duilleag-dhachaigh","item":"https:\/\/allin.online\/gd-gb\/"},{"@type":"ListItem","position":2,"name":"Teirmean is Cumhaichean"}]},{"@type":"WebSite","@id":"https:\/\/allin.online\/gd-gb\/#website","url":"https:\/\/allin.online\/gd-gb\/","name":"All in","description":"Tha f\u00e0ilte air a h-uile duine","publisher":{"@id":"https:\/\/allin.online\/gd-gb\/#organization"},"potentialAction":[{"@type":"SearchAction","target":{"@type":"EntryPoint","urlTemplate":"https:\/\/allin.online\/gd-gb\/?s={search_term_string}"},"query-input":{"@type":"PropertyValueSpecification","valueRequired":true,"valueName":"search_term_string"}}],"inLanguage":"gd-GB"},{"@type":"Organization","@id":"https:\/\/allin.online\/gd-gb\/#organization","name":"All in","url":"https:\/\/allin.online\/gd-gb\/","logo":{"@type":"ImageObject","inLanguage":"gd-GB","@id":"https:\/\/allin.online\/gd-gb\/#\/schema\/logo\/image\/","url":"https:\/\/allin.online\/wp-content\/uploads\/2023\/11\/696x696.png","contentUrl":"https:\/\/allin.online\/wp-content\/uploads\/2023\/11\/696x696.png","width":696,"height":696,"caption":"All in"},"image":{"@id":"https:\/\/allin.online\/gd-gb\/#\/schema\/logo\/image\/"}}]}},"_links":{"self":[{"href":"https:\/\/allin.online\/gd-gb\/wp-json\/wp\/v2\/pages\/1305","targetHints":{"allow":["GET"]}}],"collection":[{"href":"https:\/\/allin.online\/gd-gb\/wp-json\/wp\/v2\/pages"}],"about":[{"href":"https:\/\/allin.online\/gd-gb\/wp-json\/wp\/v2\/types\/page"}],"author":[{"embeddable":true,"href":"https:\/\/allin.online\/gd-gb\/wp-json\/wp\/v2\/users\/4"}],"replies":[{"embeddable":true,"href":"https:\/\/allin.online\/gd-gb\/wp-json\/wp\/v2\/comments?post=1305"}],"version-history":[{"count":4,"href":"https:\/\/allin.online\/gd-gb\/wp-json\/wp\/v2\/pages\/1305\/revisions"}],"predecessor-version":[{"id":1310,"href":"https:\/\/allin.online\/gd-gb\/wp-json\/wp\/v2\/pages\/1305\/revisions\/1310"}],"wp:attachment":[{"href":"https:\/\/allin.online\/gd-gb\/wp-json\/wp\/v2\/media?parent=1305"}],"curies":[{"name":"wp","href":"https:\/\/api.w.org\/{rel}","templated":true}]}}