{"id":1299,"date":"2023-10-10T11:07:07","date_gmt":"2023-10-10T11:07:07","guid":{"rendered":"https:\/\/allin.online\/poileasaidh-briosgaidean\/"},"modified":"2023-12-12T17:00:55","modified_gmt":"2023-12-12T17:00:55","slug":"poileasaidh-briosgaidean","status":"publish","type":"page","link":"https:\/\/allin.online\/gd-gb\/poileasaidh-briosgaidean\/","title":{"rendered":"Poileasaidh Briosgaidean"},"content":{"rendered":"\n<p> <\/p>\n\n\n\n<p><div style=\"margin: auto; width: 75%;\"> <style>     a.cky-banner-element {         padding: 8px 30px;         background: #F8F9FA;         color: #858A8F;         border: 1px solid #DEE2E6;         box-sizing: border-box;         border-radius: 2px;         cursor: pointer; } <\/style> <h1 class=\"cookie-policy-h1\">Cookie Policy<\/h1> <p>  Ceann-latha \u00c8ifeachdach: 03-Samh-2023<br>  Air \u00f9rachadh mu dheireadh: 03-Samh-2023 <\/p> \u00a0 <\/div><\/p>\n\n\n\n<p><strong>D\u00e8 th\u2019 ann am briosgaidean?<\/strong><\/p>\n\n\n\n<p>Tha am Poileasaidh Briosgaidean seo a\u2019 m\u00ecneachadh d\u00e8 a th\u2019 ann am briosgaidean agus mar a bhios sinn gan cleachdadh, na se\u00f2rsaichean bhriosgaidean a bhios sinn a\u2019 cleachdadh i.e, am fiosrachadh a bhios sinn a\u2019 tional a\u2019 cleachdadh bhriosgaidean agus mar a tha am fiosrachadh sin air a chleachdadh, agus mar a l\u00e0imhsicheas sinn na roghainnean briosgaidean.<\/p>\n\n\n\n<p class=\"has-text-align-left\">Is e faidhlichean teacsa beaga a th\u2019 ann am briosgaidean a thathas a\u2019 cleachdadh gus p\u00ecosan beaga fiosrachaidh a st\u00f2radh. Bidh iad air an st\u00f2radh air an inneal agad nuair a th\u00e8id an l\u00e0rach-l\u00ecn a luchdachadh air do bhrobhsair. Bidh na briosgaidean sin gar cuideachadh gus an l\u00e0rach-l\u00ecn obrachadh mar bu ch\u00f2ir, ga dh\u00e8anamh nas t\u00e8arainte, a\u2019 toirt seachad e\u00f2las cleachdaiche nas fhe\u00e0rr, agus a\u2019 tuigsinn mar a tha an l\u00e0rach-l\u00ecn a\u2019 coileanadh agus gus mion-sgr\u00f9dadh a dh\u00e8anamh air na tha ag obair agus far a bheil feum air leasachadh.<\/p>\n\n\n\n<p><strong>Ciamar a chleachdas sinn briosgaidean?<\/strong><strong><\/strong><\/p>\n\n\n\n<p>Mar a\u2019 mh\u00f2r-chuid de sheirbheisean air-loidhne, bidh an l\u00e0rach-l\u00ecn againn a\u2019 cleachdadh briosgaidean ciad-ph\u00e0rtaidh agus treas-ph\u00e0rtaidh airson grunn adhbharan. Tha briosgaidean ciad-ph\u00e0rtaidh riatanach sa mh\u00f2r-chuid gus an obraich an l\u00e0rach-l\u00ecn san d\u00f2igh cheart, agus cha bhith iad a\u2019 tional gin den d\u00e0ta a dh\u2019aithnicheas tu gu pearsanta.<\/p>\n\n\n\n<p>Tha na briosgaidean treas-ph\u00e0rtaidh a thathar a\u2019 cleachdadh air an l\u00e0rach-l\u00ecn againn gu \u00ecre mh\u00f2r airson tuigse fhaighinn air mar a tha an l\u00e0rach-l\u00ecn ag obair, mar a bhios tu ag eadar-obrachadh leis an l\u00e0rach-l\u00ecn againn, a\u2019 cumail ar seirbheisean t\u00e8arainte, a\u2019 toirt seachad sanasan a tha buntainneach dhut fh\u00e8in agus gu All In, uile a\u2019 toirt dhut e\u00f2las cleachdaiche nas fhe\u00e0rr agus nas fhe\u00e0rr agus a\u2019 cuideachadh le bhith ag \u00e0rdachadh do eadar-obrachadh leis an l\u00e0rach-l\u00ecn againn san \u00e0m ri teachd.<\/p>\n\n\n\n<p><strong>Se\u00f2rsa briosgaidean a chleachdas sinn<\/strong><\/p>\n\n\n\n<p>Riatanach<\/p>\n\n\n\n<p>Tha feum air briosgaidean riatanach gus feartan bunaiteach na l\u00e0raich seo a chomasachadh, leithid a bhith a\u2019 toirt seachad logadh a-steach t\u00e8arainte no ag atharrachadh do roghainnean cead. Cha bhith na briosgaidean sin a\u2019 st\u00f2radh d\u00e0ta a dh\u2019aithnichear gu pearsanta.<\/p>\n\n\n\n<p><strong>Briosgaid:<\/strong> __cf_bm<br><strong>Fad:<\/strong> 29 mionaidean<br><strong>M\u00ecneachadh:<\/strong> Tha a\u2019 bhriosgaid seo, a tha air a shuidheachadh le Cloudflare, air a chleachdadh gus taic a thoirt do Cloudflare Bot Management.<\/p>\n\n\n\n<p>Briosgaid: cookieyes-consent<br><strong>Fad:<\/strong> 1 bliadhna<br><strong>M\u00ecneachadh: <\/strong>Tha CookieYes a\u2019 suidheachadh a\u2019 bhriosgaid seo gus cuimhne a chumail air roghainnean cead luchd-cleachdaidh gus an t\u00e8id sp\u00e8is a thoirt dha na roghainnean aca nuair a bhios tu a\u2019 tadhal air an l\u00e0rach seo \u00e0s d\u00e8idh l\u00e0imh. Chan eil e a\u2019 cruinneachadh no a\u2019 st\u00f2radh fiosrachadh pearsanta sam bith mu luchd-tadhail na l\u00e0raich.<\/p>\n\n\n\n<p><strong>Gn\u00ecomhach<\/strong><\/p>\n\n\n\n<p>Bidh briosgaidean gn\u00ecomh a\u2019 cuideachadh le bhith a\u2019 coileanadh gn\u00ecomhan s\u00f2nraichte leithid a bhith a\u2019 roinneadh susbaint na l\u00e0raich-l\u00ecn air \u00e0rd-\u00f9rlaran meadhanan s\u00f2isealta, a\u2019 cruinneachadh fios air ais, agus feartan treas-ph\u00e0rtaidh eile.<\/p>\n\n\n\n<p><strong>Briosgaid<\/strong>: wp-wpml_current_language<br><strong>Fad<\/strong>: seisean<br><strong>M\u00ecneachadh<\/strong>: Bidh am plugin ioma-ch\u00e0nanach WordPress a\u2019 suidheachadh a\u2019 bhriosgaid seo gus na roghainnean c\u00e0nain\/c\u00e0nain l\u00e0ithreach a st\u00f2radh.<\/p>\n\n\n\n<p><strong>&nbsp;Anailis<\/strong><\/p>\n\n\n\n<p>Bithear a\u2019 cleachdadh briosgaidean anailis gus tuigse fhaighinn air mar a bhios luchd-tadhail ag eadar-obrachadh leis an l\u00e0rach-l\u00ecn. Bidh na briosgaidean sin a\u2019 cuideachadh le bhith a\u2019 toirt seachad fiosrachadh mu mheatairean leithid an \u00e0ireamh de luchd-tadhail, \u00ecre breab, st\u00f2r trafaic, msaa.<\/p>\n\n\n\n<p><strong>Briosgaid:<\/strong> <strong><br>Fad:<\/strong> 1 bliadhna 1 m\u00ecos 4 l\u00e0ithean<strong><br>M\u00ecneachadh:<\/strong> Suidhichidh Google Analytics a\u2019 bhriosgaid seo gus seallaidhean duilleag a st\u00f2radh is a chunntadh.<\/p>\n\n\n\n<p><strong>Briosgaid:<br>Fad: <\/strong>1 bliadhna 1 m\u00ecos 4 l\u00e0ithean<strong><br>M\u00ecneachadh:<\/strong> Suidhichidh Google Analytics a\u2019 bhriosgaid seo gus d\u00e0ta luchd-tadhail, seisean is iomairt obrachadh a-mach agus s\u00f9il a chumail air cleachdadh na l\u00e0raich airson aithisg anailis na l\u00e0raich. Bidh a\u2019 bhriosgaid a\u2019 st\u00f2radh fiosrachadh gun urra agus a\u2019 s\u00f2nrachadh \u00e0ireamh air thuaiream gus luchd-tadhail gun samhail aithneachadh.<\/p>\n\n\n\n<p><strong>Sti\u00f9irich roghainnean briosgaid<\/strong><\/p>\n\n\n\n<p>Faodaidh tu na roghainnean cookie agad atharrachadh uair sam bith le bhith a\u2019 briogadh air a\u2019 phutan \u201cSti\u00f9irich do roghainnean briosgaid\u201d san oisean gu h-\u00ecosal air an taobh chl\u00ec den sgrion. Leigidh seo leat tadhal a-rithist air a\u2019 bhratach cead cookie agus do roghainnean atharrachadh no do chead a tharraing air ais sa bhad.<\/p>\n\n\n\n<p>A bharrachd air an seo, tha diofar bhrobhsairean a\u2019 toirt seachad diofar dh\u00f2ighean gus briosgaidean a bhios l\u00e0raich-l\u00ecn a bhacadh agus a dhubhadh \u00e0s. \u2019S urrainn dhut roghainnean do bhrobhsair atharrachadh gus na briosgaidean a bhacadh\/sguabadh \u00e0s. Air an liostadh gu h-\u00ecosal tha na ceanglaichean gu na sgr\u00ecobhainnean taice air mar a l\u00e0imhsicheas tu agus a sguabas tu \u00e0s briosgaidean bho na pr\u00ecomh bhrobhsairean l\u00ecn.<\/p>\n\n\n\n<p>Chrome: <a href=\"https:\/\/support.google.com\/accounts\/answer\/32050\" target=\"_blank\" rel=\"noopener\">https:\/\/support.google.com\/accounts\/answer\/32050<\/a><\/p>\n\n\n\n<p>Safari: <a href=\"https:\/\/support.apple.com\/en-in\/guide\/safari\/sfri11471\/mac\" target=\"_blank\" rel=\"noopener\">https:\/\/support.apple.com\/en-in\/guide\/safari\/sfri11471\/mac<\/a><\/p>\n\n\n\n<p>Firefox: <a href=\"https:\/\/support.mozilla.org\/en-US\/kb\/clear-cookies-and-site-data-firefox?redirectslug=delete-cookies-remove-info-websites-stored&amp;redirectlocale=en-US\" target=\"_blank\" rel=\"noopener\">https:\/\/support.mozilla.org\/en-US\/kb\/clear-cookies-and-site-data-firefox?redirectslug=delete-cookies-remove-info-websites-stored&amp;redirectlocale=en-US<\/a><\/p>\n\n\n\n<p>Internet Explorer: <a href=\"https:\/\/support.microsoft.com\/en-us\/topic\/how-to-delete-cookie-files-in-internet-explorer-bca9446f-d873-78de-77ba-d42645fa52fc\" target=\"_blank\" rel=\"noopener\">https:\/\/support.microsoft.com\/en-us\/topic\/how-to-delete-cookie-files-in-internet-explorer-bca9446f-d873-78de-77ba-d42645fa52fc<\/a><\/p>\n\n\n\n<p>Ma tha thu a\u2019 cleachdadh brobhsair l\u00ecn sam bith eile, feuch an tadhal thu air sgr\u00ecobhainnean taic oifigeil do bhrobhsair.<\/p>\n\n\n\n<p>Poileasaidh briosgaid air a Chruthachadh Le <a href=\"https:\/\/www.cookieyes.com\/?utm_source=CP&amp;utm_medium=footer&amp;utm_campaign=UW\" target=\"_blank\" rel=\"noreferrer noopener\">CookieYes \u2013 Gineadair Poileasaidh Briosgaidean<\/a>.<\/p>\n\n\n\n<p><\/p>\n","protected":false},"excerpt":{"rendered":"<p>Cookie Policy Ceann-latha \u00c8ifeachdach: 03-Samh-2023 Air \u00f9rachadh mu dheireadh: 03-Samh-2023 \u00a0 D\u00e8 th\u2019 ann am briosgaidean? Tha am Poileasaidh Briosgaidean seo a\u2019 m\u00ecneachadh d\u00e8 a th\u2019 ann am briosgaidean agus mar a bhios sinn gan cleachdadh, na se\u00f2rsaichean bhriosgaidean a bhios sinn a\u2019 cleachdadh i.e, am fiosrachadh a bhios sinn a\u2019 tional a\u2019 cleachdadh bhriosgaidean [&hellip;]<\/p>\n","protected":false},"author":4,"featured_media":0,"parent":0,"menu_order":0,"comment_status":"closed","ping_status":"closed","template":"","meta":{"_acf_changed":false,"bsl_video":false,"register_block":false,"footnotes":""},"class_list":["post-1299","page","type-page","status-publish","hentry"],"acf":{"enable_signapse":true},"yoast_head":"<!-- This site is optimized with the Yoast SEO plugin v27.4 - https:\/\/yoast.com\/product\/yoast-seo-wordpress\/ -->\n<title>Poileasaidh Briosgaidean - All In<\/title>\n<meta name=\"description\" content=\"All In believes creativity and culture should be accessible to everyone. That\u2019s why we are developing a UK-wide access scheme.\" \/>\n<meta name=\"robots\" content=\"index, follow, max-snippet:-1, max-image-preview:large, max-video-preview:-1\" \/>\n<link rel=\"canonical\" href=\"https:\/\/allin.online\/gd-gb\/poileasaidh-briosgaidean\/\" \/>\n<meta property=\"og:locale\" content=\"en_US\" \/>\n<meta property=\"og:type\" content=\"article\" \/>\n<meta property=\"og:title\" content=\"Poileasaidh Briosgaidean - All In\" \/>\n<meta property=\"og:description\" content=\"All In believes creativity and culture should be accessible to everyone. That\u2019s why we are developing a UK-wide access scheme.\" \/>\n<meta property=\"og:url\" content=\"https:\/\/allin.online\/gd-gb\/poileasaidh-briosgaidean\/\" \/>\n<meta property=\"og:site_name\" content=\"All In\" \/>\n<meta property=\"article:modified_time\" content=\"2023-12-12T17:00:55+00:00\" \/>\n<meta property=\"og:image\" content=\"https:\/\/allin.online\/wp-content\/uploads\/2023\/11\/All-In_OG-image.png\" \/>\n\t<meta property=\"og:image:width\" content=\"1200\" \/>\n\t<meta property=\"og:image:height\" content=\"675\" \/>\n\t<meta property=\"og:image:type\" content=\"image\/png\" \/>\n<meta name=\"twitter:card\" content=\"summary_large_image\" \/>\n<meta name=\"twitter:label1\" content=\"Est. reading time\" \/>\n\t<meta name=\"twitter:data1\" content=\"4 minutes\" \/>\n<script type=\"application\/ld+json\" class=\"yoast-schema-graph\">{\"@context\":\"https:\\\/\\\/schema.org\",\"@graph\":[{\"@type\":\"WebPage\",\"@id\":\"https:\\\/\\\/allin.online\\\/gd-gb\\\/poileasaidh-briosgaidean\\\/\",\"url\":\"https:\\\/\\\/allin.online\\\/gd-gb\\\/poileasaidh-briosgaidean\\\/\",\"name\":\"Poileasaidh Briosgaidean - All In\",\"isPartOf\":{\"@id\":\"https:\\\/\\\/allin.online\\\/gd-gb\\\/#website\"},\"datePublished\":\"2023-10-10T11:07:07+00:00\",\"dateModified\":\"2023-12-12T17:00:55+00:00\",\"description\":\"All In believes creativity and culture should be accessible to everyone. That\u2019s why we are developing a UK-wide access scheme.\",\"breadcrumb\":{\"@id\":\"https:\\\/\\\/allin.online\\\/gd-gb\\\/poileasaidh-briosgaidean\\\/#breadcrumb\"},\"inLanguage\":\"gd-GB\",\"potentialAction\":[{\"@type\":\"ReadAction\",\"target\":[\"https:\\\/\\\/allin.online\\\/gd-gb\\\/poileasaidh-briosgaidean\\\/\"]}]},{\"@type\":\"BreadcrumbList\",\"@id\":\"https:\\\/\\\/allin.online\\\/gd-gb\\\/poileasaidh-briosgaidean\\\/#breadcrumb\",\"itemListElement\":[{\"@type\":\"ListItem\",\"position\":1,\"name\":\"Duilleag-dhachaigh\",\"item\":\"https:\\\/\\\/allin.online\\\/gd-gb\\\/\"},{\"@type\":\"ListItem\",\"position\":2,\"name\":\"Poileasaidh Briosgaidean\"}]},{\"@type\":\"WebSite\",\"@id\":\"https:\\\/\\\/allin.online\\\/gd-gb\\\/#website\",\"url\":\"https:\\\/\\\/allin.online\\\/gd-gb\\\/\",\"name\":\"All in\",\"description\":\"Tha f\u00e0ilte air a h-uile duine\",\"publisher\":{\"@id\":\"https:\\\/\\\/allin.online\\\/gd-gb\\\/#organization\"},\"potentialAction\":[{\"@type\":\"SearchAction\",\"target\":{\"@type\":\"EntryPoint\",\"urlTemplate\":\"https:\\\/\\\/allin.online\\\/gd-gb\\\/?s={search_term_string}\"},\"query-input\":{\"@type\":\"PropertyValueSpecification\",\"valueRequired\":true,\"valueName\":\"search_term_string\"}}],\"inLanguage\":\"gd-GB\"},{\"@type\":\"Organization\",\"@id\":\"https:\\\/\\\/allin.online\\\/gd-gb\\\/#organization\",\"name\":\"All in\",\"url\":\"https:\\\/\\\/allin.online\\\/gd-gb\\\/\",\"logo\":{\"@type\":\"ImageObject\",\"inLanguage\":\"gd-GB\",\"@id\":\"https:\\\/\\\/allin.online\\\/gd-gb\\\/#\\\/schema\\\/logo\\\/image\\\/\",\"url\":\"https:\\\/\\\/allin.online\\\/wp-content\\\/uploads\\\/2023\\\/11\\\/696x696.png\",\"contentUrl\":\"https:\\\/\\\/allin.online\\\/wp-content\\\/uploads\\\/2023\\\/11\\\/696x696.png\",\"width\":696,\"height\":696,\"caption\":\"All in\"},\"image\":{\"@id\":\"https:\\\/\\\/allin.online\\\/gd-gb\\\/#\\\/schema\\\/logo\\\/image\\\/\"}}]}<\/script>\n<!-- \/ Yoast SEO plugin. -->","yoast_head_json":{"title":"Poileasaidh Briosgaidean - All In","description":"All In believes creativity and culture should be accessible to everyone. That\u2019s why we are developing a UK-wide access scheme.","robots":{"index":"index","follow":"follow","max-snippet":"max-snippet:-1","max-image-preview":"max-image-preview:large","max-video-preview":"max-video-preview:-1"},"canonical":"https:\/\/allin.online\/gd-gb\/poileasaidh-briosgaidean\/","og_locale":"en_US","og_type":"article","og_title":"Poileasaidh Briosgaidean - All In","og_description":"All In believes creativity and culture should be accessible to everyone. That\u2019s why we are developing a UK-wide access scheme.","og_url":"https:\/\/allin.online\/gd-gb\/poileasaidh-briosgaidean\/","og_site_name":"All In","article_modified_time":"2023-12-12T17:00:55+00:00","og_image":[{"width":1200,"height":675,"url":"https:\/\/allin.online\/wp-content\/uploads\/2023\/11\/All-In_OG-image.png","type":"image\/png"}],"twitter_card":"summary_large_image","twitter_misc":{"Est. reading time":"4 minutes"},"schema":{"@context":"https:\/\/schema.org","@graph":[{"@type":"WebPage","@id":"https:\/\/allin.online\/gd-gb\/poileasaidh-briosgaidean\/","url":"https:\/\/allin.online\/gd-gb\/poileasaidh-briosgaidean\/","name":"Poileasaidh Briosgaidean - All In","isPartOf":{"@id":"https:\/\/allin.online\/gd-gb\/#website"},"datePublished":"2023-10-10T11:07:07+00:00","dateModified":"2023-12-12T17:00:55+00:00","description":"All In believes creativity and culture should be accessible to everyone. That\u2019s why we are developing a UK-wide access scheme.","breadcrumb":{"@id":"https:\/\/allin.online\/gd-gb\/poileasaidh-briosgaidean\/#breadcrumb"},"inLanguage":"gd-GB","potentialAction":[{"@type":"ReadAction","target":["https:\/\/allin.online\/gd-gb\/poileasaidh-briosgaidean\/"]}]},{"@type":"BreadcrumbList","@id":"https:\/\/allin.online\/gd-gb\/poileasaidh-briosgaidean\/#breadcrumb","itemListElement":[{"@type":"ListItem","position":1,"name":"Duilleag-dhachaigh","item":"https:\/\/allin.online\/gd-gb\/"},{"@type":"ListItem","position":2,"name":"Poileasaidh Briosgaidean"}]},{"@type":"WebSite","@id":"https:\/\/allin.online\/gd-gb\/#website","url":"https:\/\/allin.online\/gd-gb\/","name":"All in","description":"Tha f\u00e0ilte air a h-uile duine","publisher":{"@id":"https:\/\/allin.online\/gd-gb\/#organization"},"potentialAction":[{"@type":"SearchAction","target":{"@type":"EntryPoint","urlTemplate":"https:\/\/allin.online\/gd-gb\/?s={search_term_string}"},"query-input":{"@type":"PropertyValueSpecification","valueRequired":true,"valueName":"search_term_string"}}],"inLanguage":"gd-GB"},{"@type":"Organization","@id":"https:\/\/allin.online\/gd-gb\/#organization","name":"All in","url":"https:\/\/allin.online\/gd-gb\/","logo":{"@type":"ImageObject","inLanguage":"gd-GB","@id":"https:\/\/allin.online\/gd-gb\/#\/schema\/logo\/image\/","url":"https:\/\/allin.online\/wp-content\/uploads\/2023\/11\/696x696.png","contentUrl":"https:\/\/allin.online\/wp-content\/uploads\/2023\/11\/696x696.png","width":696,"height":696,"caption":"All in"},"image":{"@id":"https:\/\/allin.online\/gd-gb\/#\/schema\/logo\/image\/"}}]}},"_links":{"self":[{"href":"https:\/\/allin.online\/gd-gb\/wp-json\/wp\/v2\/pages\/1299","targetHints":{"allow":["GET"]}}],"collection":[{"href":"https:\/\/allin.online\/gd-gb\/wp-json\/wp\/v2\/pages"}],"about":[{"href":"https:\/\/allin.online\/gd-gb\/wp-json\/wp\/v2\/types\/page"}],"author":[{"embeddable":true,"href":"https:\/\/allin.online\/gd-gb\/wp-json\/wp\/v2\/users\/4"}],"replies":[{"embeddable":true,"href":"https:\/\/allin.online\/gd-gb\/wp-json\/wp\/v2\/comments?post=1299"}],"version-history":[{"count":4,"href":"https:\/\/allin.online\/gd-gb\/wp-json\/wp\/v2\/pages\/1299\/revisions"}],"predecessor-version":[{"id":1304,"href":"https:\/\/allin.online\/gd-gb\/wp-json\/wp\/v2\/pages\/1299\/revisions\/1304"}],"wp:attachment":[{"href":"https:\/\/allin.online\/gd-gb\/wp-json\/wp\/v2\/media?parent=1299"}],"curies":[{"name":"wp","href":"https:\/\/api.w.org\/{rel}","templated":true}]}}