{"id":1293,"date":"2023-10-10T11:08:21","date_gmt":"2023-10-10T11:08:21","guid":{"rendered":"https:\/\/allin.online\/aithris-trailleachd-ur-nodha\/"},"modified":"2023-12-12T16:46:27","modified_gmt":"2023-12-12T16:46:27","slug":"aithris-trailleachd-ur-nodha","status":"publish","type":"page","link":"https:\/\/allin.online\/gd-gb\/aithris-trailleachd-ur-nodha\/","title":{"rendered":"Aithris Tr\u00e0illeachd \u00d9r-nodha"},"content":{"rendered":"\n<p>Tha tr\u00e0illeachd \u00f9r-nodha a\u2019 gabhail a-steach raon farsaing de dh\u2019eucoirean uamhasach leithid malairt dhaoine, tr\u00e0illeachd, seirbheiseachadh agus saothair \u00e8ignichte. &nbsp;Chan eil fulangas sam bith aig Comhairle Ealain Shasainn ri tr\u00e0illeachd \u00f9r-nodha.&nbsp;<\/p>\n\n\n\n<p>Tha sinn dealasach a thaobh ar cleachdaidhean a leasachadh gus casg a chuir air tr\u00e0illeachd \u00f9r-nodha taobh a-staigh ar gn\u00ecomhachas fh\u00e8in agus ar slabhraidhean solair. Tha an aithris seo a\u2019 m\u00ecneachadh nan ceumannan a chaidh a ghabhail gus tr\u00e0illeachd \u00f9r-nodha a chomharrachadh, a chasg agus a lasachadh.\u00a0 <\/p>\n\n\n\n<p>Tha All In ga leasachadh le Comhairle Ealain Shasainn mar am pr\u00ecomh chom-p\u00e0irtiche l\u00ecbhrigidh. <a href=\"https:\/\/www.artscouncil.org.uk\/modern-slavery-statement\">Cliog an seo gus Aithris Tr\u00e0illeachd \u00d9r-nodha Comhairle Ealain Shasainn a leughadh.<\/a><\/p>\n","protected":false},"excerpt":{"rendered":"<p>Tha tr\u00e0illeachd \u00f9r-nodha a\u2019 gabhail a-steach raon farsaing de dh\u2019eucoirean uamhasach leithid malairt dhaoine, tr\u00e0illeachd, seirbheiseachadh agus saothair \u00e8ignichte. &nbsp;Chan eil fulangas sam bith aig Comhairle Ealain Shasainn ri tr\u00e0illeachd \u00f9r-nodha.&nbsp; Tha sinn dealasach a thaobh ar cleachdaidhean a leasachadh gus casg a chuir air tr\u00e0illeachd \u00f9r-nodha taobh a-staigh ar gn\u00ecomhachas fh\u00e8in agus ar slabhraidhean [&hellip;]<\/p>\n","protected":false},"author":4,"featured_media":0,"parent":0,"menu_order":0,"comment_status":"closed","ping_status":"closed","template":"","meta":{"_acf_changed":false,"bsl_video":false,"register_block":false,"footnotes":""},"class_list":["post-1293","page","type-page","status-publish","hentry"],"acf":{"enable_signapse":true},"yoast_head":"<!-- This site is optimized with the Yoast SEO plugin v27.3 - https:\/\/yoast.com\/product\/yoast-seo-wordpress\/ -->\n<title>Aithris Tr\u00e0illeachd \u00d9r-nodha - All In<\/title>\n<meta name=\"description\" content=\"Tha tr\u00e0illeachd \u00f9r-nodha a\u2019 gabhail a-steach raon farsaing de dh\u2019eucoirean uamhasach leithid malairt dhaoine, tr\u00e0illeachd, seirbheiseachadh agus saothair \u00e8ignichte. Chan eil fulangas sam bith aig Comhairle Ealain Shasainn ri tr\u00e0illeachd \u00f9r-nodha.\" \/>\n<meta name=\"robots\" content=\"index, follow, max-snippet:-1, max-image-preview:large, max-video-preview:-1\" \/>\n<link rel=\"canonical\" href=\"https:\/\/allin.online\/gd-gb\/aithris-trailleachd-ur-nodha\/\" \/>\n<meta property=\"og:locale\" content=\"en_US\" \/>\n<meta property=\"og:type\" content=\"article\" \/>\n<meta property=\"og:title\" content=\"Aithris Tr\u00e0illeachd \u00d9r-nodha - All In\" \/>\n<meta property=\"og:description\" content=\"Tha tr\u00e0illeachd \u00f9r-nodha a\u2019 gabhail a-steach raon farsaing de dh\u2019eucoirean uamhasach leithid malairt dhaoine, tr\u00e0illeachd, seirbheiseachadh agus saothair \u00e8ignichte. Chan eil fulangas sam bith aig Comhairle Ealain Shasainn ri tr\u00e0illeachd \u00f9r-nodha.\" \/>\n<meta property=\"og:url\" content=\"https:\/\/allin.online\/gd-gb\/aithris-trailleachd-ur-nodha\/\" \/>\n<meta property=\"og:site_name\" content=\"All In\" \/>\n<meta property=\"article:modified_time\" content=\"2023-12-12T16:46:27+00:00\" \/>\n<meta property=\"og:image\" content=\"https:\/\/allin.online\/wp-content\/uploads\/2023\/11\/All-In_OG-image.png\" \/>\n\t<meta property=\"og:image:width\" content=\"1200\" \/>\n\t<meta property=\"og:image:height\" content=\"675\" \/>\n\t<meta property=\"og:image:type\" content=\"image\/png\" \/>\n<meta name=\"twitter:card\" content=\"summary_large_image\" \/>\n<meta name=\"twitter:label1\" content=\"Est. reading time\" \/>\n\t<meta name=\"twitter:data1\" content=\"1 minute\" \/>\n<script type=\"application\/ld+json\" class=\"yoast-schema-graph\">{\"@context\":\"https:\\\/\\\/schema.org\",\"@graph\":[{\"@type\":\"WebPage\",\"@id\":\"https:\\\/\\\/allin.online\\\/gd-gb\\\/aithris-trailleachd-ur-nodha\\\/\",\"url\":\"https:\\\/\\\/allin.online\\\/gd-gb\\\/aithris-trailleachd-ur-nodha\\\/\",\"name\":\"Aithris Tr\u00e0illeachd \u00d9r-nodha - All In\",\"isPartOf\":{\"@id\":\"https:\\\/\\\/allin.online\\\/gd-gb\\\/#website\"},\"datePublished\":\"2023-10-10T11:08:21+00:00\",\"dateModified\":\"2023-12-12T16:46:27+00:00\",\"description\":\"Tha tr\u00e0illeachd \u00f9r-nodha a\u2019 gabhail a-steach raon farsaing de dh\u2019eucoirean uamhasach leithid malairt dhaoine, tr\u00e0illeachd, seirbheiseachadh agus saothair \u00e8ignichte. Chan eil fulangas sam bith aig Comhairle Ealain Shasainn ri tr\u00e0illeachd \u00f9r-nodha.\",\"breadcrumb\":{\"@id\":\"https:\\\/\\\/allin.online\\\/gd-gb\\\/aithris-trailleachd-ur-nodha\\\/#breadcrumb\"},\"inLanguage\":\"gd-GB\",\"potentialAction\":[{\"@type\":\"ReadAction\",\"target\":[\"https:\\\/\\\/allin.online\\\/gd-gb\\\/aithris-trailleachd-ur-nodha\\\/\"]}]},{\"@type\":\"BreadcrumbList\",\"@id\":\"https:\\\/\\\/allin.online\\\/gd-gb\\\/aithris-trailleachd-ur-nodha\\\/#breadcrumb\",\"itemListElement\":[{\"@type\":\"ListItem\",\"position\":1,\"name\":\"Duilleag-dhachaigh\",\"item\":\"https:\\\/\\\/allin.online\\\/gd-gb\\\/\"},{\"@type\":\"ListItem\",\"position\":2,\"name\":\"Aithris Tr\u00e0illeachd \u00d9r-nodha\"}]},{\"@type\":\"WebSite\",\"@id\":\"https:\\\/\\\/allin.online\\\/gd-gb\\\/#website\",\"url\":\"https:\\\/\\\/allin.online\\\/gd-gb\\\/\",\"name\":\"All in\",\"description\":\"Tha f\u00e0ilte air a h-uile duine\",\"publisher\":{\"@id\":\"https:\\\/\\\/allin.online\\\/gd-gb\\\/#organization\"},\"potentialAction\":[{\"@type\":\"SearchAction\",\"target\":{\"@type\":\"EntryPoint\",\"urlTemplate\":\"https:\\\/\\\/allin.online\\\/gd-gb\\\/?s={search_term_string}\"},\"query-input\":{\"@type\":\"PropertyValueSpecification\",\"valueRequired\":true,\"valueName\":\"search_term_string\"}}],\"inLanguage\":\"gd-GB\"},{\"@type\":\"Organization\",\"@id\":\"https:\\\/\\\/allin.online\\\/gd-gb\\\/#organization\",\"name\":\"All in\",\"url\":\"https:\\\/\\\/allin.online\\\/gd-gb\\\/\",\"logo\":{\"@type\":\"ImageObject\",\"inLanguage\":\"gd-GB\",\"@id\":\"https:\\\/\\\/allin.online\\\/gd-gb\\\/#\\\/schema\\\/logo\\\/image\\\/\",\"url\":\"https:\\\/\\\/allin.online\\\/wp-content\\\/uploads\\\/2023\\\/11\\\/696x696.png\",\"contentUrl\":\"https:\\\/\\\/allin.online\\\/wp-content\\\/uploads\\\/2023\\\/11\\\/696x696.png\",\"width\":696,\"height\":696,\"caption\":\"All in\"},\"image\":{\"@id\":\"https:\\\/\\\/allin.online\\\/gd-gb\\\/#\\\/schema\\\/logo\\\/image\\\/\"}}]}<\/script>\n<!-- \/ Yoast SEO plugin. -->","yoast_head_json":{"title":"Aithris Tr\u00e0illeachd \u00d9r-nodha - All In","description":"Tha tr\u00e0illeachd \u00f9r-nodha a\u2019 gabhail a-steach raon farsaing de dh\u2019eucoirean uamhasach leithid malairt dhaoine, tr\u00e0illeachd, seirbheiseachadh agus saothair \u00e8ignichte. Chan eil fulangas sam bith aig Comhairle Ealain Shasainn ri tr\u00e0illeachd \u00f9r-nodha.","robots":{"index":"index","follow":"follow","max-snippet":"max-snippet:-1","max-image-preview":"max-image-preview:large","max-video-preview":"max-video-preview:-1"},"canonical":"https:\/\/allin.online\/gd-gb\/aithris-trailleachd-ur-nodha\/","og_locale":"en_US","og_type":"article","og_title":"Aithris Tr\u00e0illeachd \u00d9r-nodha - All In","og_description":"Tha tr\u00e0illeachd \u00f9r-nodha a\u2019 gabhail a-steach raon farsaing de dh\u2019eucoirean uamhasach leithid malairt dhaoine, tr\u00e0illeachd, seirbheiseachadh agus saothair \u00e8ignichte. Chan eil fulangas sam bith aig Comhairle Ealain Shasainn ri tr\u00e0illeachd \u00f9r-nodha.","og_url":"https:\/\/allin.online\/gd-gb\/aithris-trailleachd-ur-nodha\/","og_site_name":"All In","article_modified_time":"2023-12-12T16:46:27+00:00","og_image":[{"width":1200,"height":675,"url":"https:\/\/allin.online\/wp-content\/uploads\/2023\/11\/All-In_OG-image.png","type":"image\/png"}],"twitter_card":"summary_large_image","twitter_misc":{"Est. reading time":"1 minute"},"schema":{"@context":"https:\/\/schema.org","@graph":[{"@type":"WebPage","@id":"https:\/\/allin.online\/gd-gb\/aithris-trailleachd-ur-nodha\/","url":"https:\/\/allin.online\/gd-gb\/aithris-trailleachd-ur-nodha\/","name":"Aithris Tr\u00e0illeachd \u00d9r-nodha - All In","isPartOf":{"@id":"https:\/\/allin.online\/gd-gb\/#website"},"datePublished":"2023-10-10T11:08:21+00:00","dateModified":"2023-12-12T16:46:27+00:00","description":"Tha tr\u00e0illeachd \u00f9r-nodha a\u2019 gabhail a-steach raon farsaing de dh\u2019eucoirean uamhasach leithid malairt dhaoine, tr\u00e0illeachd, seirbheiseachadh agus saothair \u00e8ignichte. Chan eil fulangas sam bith aig Comhairle Ealain Shasainn ri tr\u00e0illeachd \u00f9r-nodha.","breadcrumb":{"@id":"https:\/\/allin.online\/gd-gb\/aithris-trailleachd-ur-nodha\/#breadcrumb"},"inLanguage":"gd-GB","potentialAction":[{"@type":"ReadAction","target":["https:\/\/allin.online\/gd-gb\/aithris-trailleachd-ur-nodha\/"]}]},{"@type":"BreadcrumbList","@id":"https:\/\/allin.online\/gd-gb\/aithris-trailleachd-ur-nodha\/#breadcrumb","itemListElement":[{"@type":"ListItem","position":1,"name":"Duilleag-dhachaigh","item":"https:\/\/allin.online\/gd-gb\/"},{"@type":"ListItem","position":2,"name":"Aithris Tr\u00e0illeachd \u00d9r-nodha"}]},{"@type":"WebSite","@id":"https:\/\/allin.online\/gd-gb\/#website","url":"https:\/\/allin.online\/gd-gb\/","name":"All in","description":"Tha f\u00e0ilte air a h-uile duine","publisher":{"@id":"https:\/\/allin.online\/gd-gb\/#organization"},"potentialAction":[{"@type":"SearchAction","target":{"@type":"EntryPoint","urlTemplate":"https:\/\/allin.online\/gd-gb\/?s={search_term_string}"},"query-input":{"@type":"PropertyValueSpecification","valueRequired":true,"valueName":"search_term_string"}}],"inLanguage":"gd-GB"},{"@type":"Organization","@id":"https:\/\/allin.online\/gd-gb\/#organization","name":"All in","url":"https:\/\/allin.online\/gd-gb\/","logo":{"@type":"ImageObject","inLanguage":"gd-GB","@id":"https:\/\/allin.online\/gd-gb\/#\/schema\/logo\/image\/","url":"https:\/\/allin.online\/wp-content\/uploads\/2023\/11\/696x696.png","contentUrl":"https:\/\/allin.online\/wp-content\/uploads\/2023\/11\/696x696.png","width":696,"height":696,"caption":"All in"},"image":{"@id":"https:\/\/allin.online\/gd-gb\/#\/schema\/logo\/image\/"}}]}},"_links":{"self":[{"href":"https:\/\/allin.online\/gd-gb\/wp-json\/wp\/v2\/pages\/1293","targetHints":{"allow":["GET"]}}],"collection":[{"href":"https:\/\/allin.online\/gd-gb\/wp-json\/wp\/v2\/pages"}],"about":[{"href":"https:\/\/allin.online\/gd-gb\/wp-json\/wp\/v2\/types\/page"}],"author":[{"embeddable":true,"href":"https:\/\/allin.online\/gd-gb\/wp-json\/wp\/v2\/users\/4"}],"replies":[{"embeddable":true,"href":"https:\/\/allin.online\/gd-gb\/wp-json\/wp\/v2\/comments?post=1293"}],"version-history":[{"count":4,"href":"https:\/\/allin.online\/gd-gb\/wp-json\/wp\/v2\/pages\/1293\/revisions"}],"predecessor-version":[{"id":1298,"href":"https:\/\/allin.online\/gd-gb\/wp-json\/wp\/v2\/pages\/1293\/revisions\/1298"}],"wp:attachment":[{"href":"https:\/\/allin.online\/gd-gb\/wp-json\/wp\/v2\/media?parent=1293"}],"curies":[{"name":"wp","href":"https:\/\/api.w.org\/{rel}","templated":true}]}}