{"id":1288,"date":"2023-10-09T15:01:42","date_gmt":"2023-10-09T15:01:42","guid":{"rendered":"https:\/\/allin.online\/mu-all-in\/"},"modified":"2025-07-01T08:56:53","modified_gmt":"2025-07-01T08:56:53","slug":"mu-all-in","status":"publish","type":"page","link":"https:\/\/allin.online\/gd-gb\/mu-all-in\/","title":{"rendered":"Mu All In"},"content":{"rendered":"\n<div class=\"wp-block-ace-content flex content-content bg_white padding indent two-column\"><div class=\"content_wrapper\"><h3 id=\"page_sub_nav\" class=\"mobile_only\">Rannsaich All In<\/h3><select aria-labelledby=\"page_sub_nav\" class=\"mobile_only\" id=\"nav_select\"><option>Mu All In<\/option><option value=\"https:\/\/allin.online\/gd-gb\/buidheann-comhairleachaidh-na-roinne\/\">Buidheann Comhairleachaidh na Roinne<\/option><option value=\"https:\/\/allin.online\/gd-gb\/buidheann-comhairleachaidh\/\">Buidheann Comhairleachaidh All In<\/option><option value=\"https:\/\/allin.online\/gd-gb\/all-in-com-pairtichean\/\">Com-p\u00e0irtichean All In<\/option><option value=\"https:\/\/allin.online\/gd-gb\/coinnich-ris-an-sgioba\/\">Coinnich ris an Sgioba<\/option><\/select>\n<div class=\"wp-block-ace-intro content-intro\"><p>Is sinn All In. <br><br>Tha e nar r\u00f9n piseach a thoirt air f\u00e8in-fhiosraichidhean cruthachail is cultarach do dhaoine bodhar, ciorramach agus ni\u00f9ro-iomsgarach.<\/p><\/div>\n\n\n\n<p>Bhon a thoisich sinn, tha All In air f\u00e0ilte a chur air c\u00f2mhradh eadar feadhainn le ciorram, agus an roinn chruthachail is chultarach. Ag obair c\u00f2mhla, tha sinn airson ruigsinneachd a thuigsinn nas fhe\u00e0rr, cur as do cnapan-starraidh, agus f\u00e0ilte a chur air barrachd dhaoine le ciorram do thaighean-cluiche, taighean-tasgaidh, gailearaidhean, f\u00e8isean, leabharlannan, agus barrachd. <\/p>\n\n\n\n<p>Mar sgioba fo sti\u00f9ir feadhainn le ciorram, bheir sinne ar f\u00e8in-fhiosraichidhean fh\u00e8in gu All In, a bharrachd air e\u00f2las \u00e0s a ghn\u00ecomhachas air ruigsinneachd agus in-ghabhaltachd. Tha sinn cuideachd a\u2019 faighinn fiosrachaidh bho ar <a href=\"https:\/\/allin.online\/gd-gb\/buidheann-comhairleachaidh\/\">Buidheann Comhairleachaidh All In<\/a>, le daoine le ciorram le farsaingeachd e\u00f2las air beatha, agus ar <a href=\"https:\/\/allin.online\/gd-gb\/buidheann-comhairleachaidh-na-roinne\/\">Buidheann Comhairleachaidh Roinne<\/a>, de bhuidhnean de gach cruth is meud air feadh na roinne chruthachail is chultarach. <\/p>\n\n\n\n<p>Tha All In ga riochdachadh le Andrew Miller MBE, co-chomhairliche agus neach-iomraidh cultarach le aithne mar fear de an luchd-tagraidh ciorraim as buadhmhor san RA.<\/p>\n\n\n\n<p>Is e a tha ann an All In com-p\u00e0irteachas eadar Comhairle Ealain Shasainn, Comhairle Ealain \u00c8irinn a Tuath, Comhairle Ealain na Cuimrigh, agus Alba Chruthachail. Ionnsaichibh sibh barrachd mun ghealladh bho na comhairlean ealain agus buidhnean poblach ealain, cruthachalachd, agus cultar n\u00e0iseanta air duilleig <a href=\"https:\/\/allin.online\/gd-gb\/all-in-com-pairtichean\/\">Com-p\u00e0irtichean All In<\/a>.<\/p>\n<\/div><aside class=\"sidebar flex-item\"><h3 id=\"page_sub_nav\">Rannsaich All In<\/h3><nav class=\"sub-nav\"><ul><li class=\"active\" aria-current=\"true\">Mu All In<\/li><li class=\"nav-item\"><a href=\"https:\/\/allin.online\/gd-gb\/buidheann-comhairleachaidh-na-roinne\/\">Buidheann Comhairleachaidh na Roinne<\/a><\/li><li class=\"nav-item\"><a href=\"https:\/\/allin.online\/gd-gb\/buidheann-comhairleachaidh\/\">Buidheann Comhairleachaidh All In<\/a><\/li><li class=\"nav-item\"><a href=\"https:\/\/allin.online\/gd-gb\/all-in-com-pairtichean\/\">Com-p\u00e0irtichean All In<\/a><\/li><li class=\"nav-item\"><a href=\"https:\/\/allin.online\/gd-gb\/coinnich-ris-an-sgioba\/\">Coinnich ris an Sgioba<\/a><\/li><\/ul><\/nav><\/aside><\/div>\n\n\n<div class=\"margins page-links wp-block-ace-page-links\">\n\t\t<div class=\"title_with_logo\">\n\t\t\t<svg xmlns=\"http:\/\/www.w3.org\/2000\/svg\" width=\"31.992\" height=\"32.342\" viewBox=\"0 0 31.992 32.342\" aria-hidden=\"true\">\n  <g id=\"pointer_device\" data-name=\"pointer device\" transform=\"translate(0 0.001)\">\n    <path id=\"Path_259\" data-name=\"Path 259\" d=\"M16,0V25.086L1.854,31.5,0,32.342V7.258L.126,7.2,15.694.138Z\" transform=\"translate(15.996 -0.002)\" fill=\"#472961\"\/>\n    <path id=\"Path_260\" data-name=\"Path 260\" d=\"M112.16,0l.3.137L128.031,7.2l.126.057V32.342L126.3,31.5,112.16,25.086Z\" transform=\"translate(-112.161 -0.002)\" fill=\"#5a347b\"\/>\n  <\/g>\n<\/svg>\n\n\t\t\t<h3><\/h3>\n\t\t<\/div>\n\t\t<div class=\"flex flex_50 link_blocks\">\n\t\t\t<a href=\"https:\/\/allin.online\/gd-gb\/all-in-airson-na-roinne\/\" class = \"block bg-grey link-block flex--item inner-padding\">\n\t\t\t\t<h3 class=\"secondary\">All In airson na Roinne<\/h3>\n\t\t\t\t<p>Faighibh a-mach mar a bheir sinn piseach air ur ruigsinneachd.<\/p>\n\t\t\t\t<svg xmlns=\"http:\/\/www.w3.org\/2000\/svg\" width=\"31.832\" height=\"24\" viewBox=\"0 0 31.832 24\">\n  <path id=\"arrow\" d=\"M33.728,24.848l-10.2-10.2a1.773,1.773,0,1,0-2.508,2.508l7.189,7.189H4.272a1.772,1.772,0,0,0,0,3.545H28.178L21.022,35.08a1.755,1.755,0,0,0,0,2.508,1.827,1.827,0,0,0,1.271.536,1.747,1.747,0,0,0,1.271-.536L33.8,27.355a1.827,1.827,0,0,0,.536-1.271,2.283,2.283,0,0,0-.6-1.237Z\" transform=\"translate(-2.499 -14.123)\" fill=\"#472961\"\/>\n<\/svg>\n\n\t\t\t\t\n\t\t\t<\/a><a href=\"https:\/\/allin.online\/gd-gb\/all-in-airson-daoine-le-feumalachdan-ruigsinneachd\/\" class = \"block bg-grey link-block flex--item inner-padding\">\n\t\t\t\t<h3 class=\"secondary\">All In do Dhaoine le Ciorram<\/h3>\n\t\t\t\t<p>Faighibh a-mach ciamar a tha sinn ag obair le buidhnean cruthachail agus cultarach gus piseach a thoirt air ur f\u00e8in-fhiosrachadh.<\/p>\n\t\t\t\t<svg xmlns=\"http:\/\/www.w3.org\/2000\/svg\" width=\"31.832\" height=\"24\" viewBox=\"0 0 31.832 24\">\n  <path id=\"arrow\" d=\"M33.728,24.848l-10.2-10.2a1.773,1.773,0,1,0-2.508,2.508l7.189,7.189H4.272a1.772,1.772,0,0,0,0,3.545H28.178L21.022,35.08a1.755,1.755,0,0,0,0,2.508,1.827,1.827,0,0,0,1.271.536,1.747,1.747,0,0,0,1.271-.536L33.8,27.355a1.827,1.827,0,0,0,.536-1.271,2.283,2.283,0,0,0-.6-1.237Z\" transform=\"translate(-2.499 -14.123)\" fill=\"#472961\"\/>\n<\/svg>\n\n\t\t\t\t\n\t\t\t<\/a>\n\t\t<\/div>\n\t<\/div>\n\n\n<div class=\"wp-block-ace-partners-block padding bg_grey_sub indent\"><h2>Our Partners<\/h2><div class=\"grid\"><img decoding=\"async\" class=\"partners_logo\" src=\"https:\/\/allin.online\/wp-content\/uploads\/2023\/11\/Exp_Use_Blackweb.png\" alt=\"\"\/><img decoding=\"async\" class=\"partners_logo\" src=\"https:\/\/allin.online\/wp-content\/uploads\/2024\/10\/ACI-Logo.gif\" alt=\"Arts Council Ireland\"\/><img decoding=\"async\" class=\"partners_logo\" src=\"https:\/\/allin.online\/wp-content\/uploads\/2023\/10\/ACNI_W_RGB-1.png\" alt=\"Arts Council of Northern Ireland\"\/><img decoding=\"async\" class=\"partners_logo\" src=\"https:\/\/allin.online\/wp-content\/uploads\/2023\/10\/ACW-logo-portrait-mono.png\" alt=\"Arts Council of Wales\"\/><img decoding=\"async\" class=\"partners_logo\" src=\"https:\/\/allin.online\/wp-content\/uploads\/2023\/10\/Creative_Scotland_REV-1.png\" alt=\"Creative Scotland\"\/><\/div><\/div>\n\n\n\n<div class=\"wp-block-ace-bsl-video bsl-video\" id=\"bsl\"><div class=\"block bg-undefined grid grid--two-column\"><div class=\"block-text padding-left\"><h3><strong>Ruigsinneachd<\/strong><\/h3><p>Tha f\u00e0ilte air a h-uile duine air an l\u00e0rach-l\u00ecn againn Tha sinn airson d\u00e8anamh cinnteach gu bheil an susbaint againn ruigsinneach dhut.<\/p><a class=\"arrow_link\" href=\"https:\/\/allin.online\/gd-gb\/ruigsinneachd\/\">Find out about accessibility at All In<\/a><\/div><div class=\"container container--sixteennine block-video\">\n\t\t\t\t\t<img decoding=\"async\" src=\"https:\/\/i.vimeocdn.com\/video\/1748209103-3dc3a5c89c252e4db07bd11af7340c2763d6b623fee14c715d617af4e0c01f87-d?region=us\" alt=\"Poster image for the video About All In - BSL Introduction to All In's development process\">\n\t\t\t\t\t<button class=\"play bsl-video-tracking-class\">\n\t\t\t\t\t\t<svg id=\"play-video\" xmlns=\"http:\/\/www.w3.org\/2000\/svg\" width=\"115.736\" height=\"115.736\" viewBox=\"0 0 115.736 115.736\">\n  <circle id=\"Ellipse_1\" data-name=\"Ellipse 1\" cx=\"57.868\" cy=\"57.868\" r=\"57.868\" fill=\"#fff\" class=\"has_white\"  opacity=\"0.646\"\/>\n  <path id=\"play\" d=\"M35,66.929a4.524,4.524,0,0,0,6.742,4.056L66.757,56.272a4.627,4.627,0,0,0,0-7.984L41.742,33.6A4.515,4.515,0,0,0,35,37.636Z\" transform=\"translate(10.812 5.578)\" fill=\"#fff\" class=\"has_white\" \/>\n<\/svg>\n\n\t\t\t\t\t\t<span class=\"screen-reader-text\">Play About All In &#8211; BSL Introduction to All In&#8217;s development process<\/span>\n\t\t\t\t\t<\/button>\n\t\t\t\t\t<div class=\"player vimeo\" data-id=\"880934909\"><\/div>\n\t\t\t\t<\/div><\/div><\/div>\n","protected":false},"excerpt":{"rendered":"","protected":false},"author":5,"featured_media":0,"parent":0,"menu_order":0,"comment_status":"closed","ping_status":"closed","template":"","meta":{"_acf_changed":false,"bsl_video":true,"register_block":false,"footnotes":""},"class_list":["post-1288","page","type-page","status-publish","hentry"],"acf":{"enable_signapse":true},"yoast_head":"<!-- This site is optimized with the Yoast SEO plugin v27.4 - https:\/\/yoast.com\/product\/yoast-seo-wordpress\/ -->\n<title>Mu All In - All In<\/title>\n<meta name=\"description\" content=\"Is sinn All In. Tha e nar r\u00f9n piseach a thoirt air f\u00e8in-fhiosraichidhean cruthachail is cultarach do dhaoine bodhar, ciorramach agus ni\u00f9ro-iomsgarach.\" \/>\n<meta name=\"robots\" content=\"index, follow, max-snippet:-1, max-image-preview:large, max-video-preview:-1\" \/>\n<link rel=\"canonical\" href=\"https:\/\/allin.online\/gd-gb\/mu-all-in\/\" \/>\n<meta property=\"og:locale\" content=\"en_US\" \/>\n<meta property=\"og:type\" content=\"article\" \/>\n<meta property=\"og:title\" content=\"Mu All In - All In\" \/>\n<meta property=\"og:description\" content=\"Is sinn All In. Tha e nar r\u00f9n piseach a thoirt air f\u00e8in-fhiosraichidhean cruthachail is cultarach do dhaoine bodhar, ciorramach agus ni\u00f9ro-iomsgarach.\" \/>\n<meta property=\"og:url\" content=\"https:\/\/allin.online\/gd-gb\/mu-all-in\/\" \/>\n<meta property=\"og:site_name\" content=\"All In\" \/>\n<meta property=\"article:modified_time\" content=\"2025-07-01T08:56:53+00:00\" \/>\n<meta property=\"og:image\" content=\"https:\/\/allin.online\/wp-content\/uploads\/2023\/11\/Exp_Use_Blackweb.png\" \/>\n<meta name=\"twitter:card\" content=\"summary_large_image\" \/>\n<meta name=\"twitter:label1\" content=\"Est. reading time\" \/>\n\t<meta name=\"twitter:data1\" content=\"3 minutes\" \/>\n<script type=\"application\/ld+json\" class=\"yoast-schema-graph\">{\"@context\":\"https:\\\/\\\/schema.org\",\"@graph\":[{\"@type\":\"WebPage\",\"@id\":\"https:\\\/\\\/allin.online\\\/gd-gb\\\/mu-all-in\\\/\",\"url\":\"https:\\\/\\\/allin.online\\\/gd-gb\\\/mu-all-in\\\/\",\"name\":\"Mu All In - All In\",\"isPartOf\":{\"@id\":\"https:\\\/\\\/allin.online\\\/gd-gb\\\/#website\"},\"primaryImageOfPage\":{\"@id\":\"https:\\\/\\\/allin.online\\\/gd-gb\\\/mu-all-in\\\/#primaryimage\"},\"image\":{\"@id\":\"https:\\\/\\\/allin.online\\\/gd-gb\\\/mu-all-in\\\/#primaryimage\"},\"thumbnailUrl\":\"https:\\\/\\\/allin.online\\\/wp-content\\\/uploads\\\/2023\\\/11\\\/Exp_Use_Blackweb.png\",\"datePublished\":\"2023-10-09T15:01:42+00:00\",\"dateModified\":\"2025-07-01T08:56:53+00:00\",\"description\":\"Is sinn All In. Tha e nar r\u00f9n piseach a thoirt air f\u00e8in-fhiosraichidhean cruthachail is cultarach do dhaoine bodhar, ciorramach agus ni\u00f9ro-iomsgarach.\",\"breadcrumb\":{\"@id\":\"https:\\\/\\\/allin.online\\\/gd-gb\\\/mu-all-in\\\/#breadcrumb\"},\"inLanguage\":\"gd-GB\",\"potentialAction\":[{\"@type\":\"ReadAction\",\"target\":[\"https:\\\/\\\/allin.online\\\/gd-gb\\\/mu-all-in\\\/\"]}]},{\"@type\":\"ImageObject\",\"inLanguage\":\"gd-GB\",\"@id\":\"https:\\\/\\\/allin.online\\\/gd-gb\\\/mu-all-in\\\/#primaryimage\",\"url\":\"https:\\\/\\\/allin.online\\\/wp-content\\\/uploads\\\/2023\\\/11\\\/Exp_Use_Blackweb.png\",\"contentUrl\":\"https:\\\/\\\/allin.online\\\/wp-content\\\/uploads\\\/2023\\\/11\\\/Exp_Use_Blackweb.png\"},{\"@type\":\"BreadcrumbList\",\"@id\":\"https:\\\/\\\/allin.online\\\/gd-gb\\\/mu-all-in\\\/#breadcrumb\",\"itemListElement\":[{\"@type\":\"ListItem\",\"position\":1,\"name\":\"Duilleag-dhachaigh\",\"item\":\"https:\\\/\\\/allin.online\\\/gd-gb\\\/\"},{\"@type\":\"ListItem\",\"position\":2,\"name\":\"Mu All In\"}]},{\"@type\":\"WebSite\",\"@id\":\"https:\\\/\\\/allin.online\\\/gd-gb\\\/#website\",\"url\":\"https:\\\/\\\/allin.online\\\/gd-gb\\\/\",\"name\":\"All in\",\"description\":\"Tha f\u00e0ilte air a h-uile duine\",\"publisher\":{\"@id\":\"https:\\\/\\\/allin.online\\\/gd-gb\\\/#organization\"},\"potentialAction\":[{\"@type\":\"SearchAction\",\"target\":{\"@type\":\"EntryPoint\",\"urlTemplate\":\"https:\\\/\\\/allin.online\\\/gd-gb\\\/?s={search_term_string}\"},\"query-input\":{\"@type\":\"PropertyValueSpecification\",\"valueRequired\":true,\"valueName\":\"search_term_string\"}}],\"inLanguage\":\"gd-GB\"},{\"@type\":\"Organization\",\"@id\":\"https:\\\/\\\/allin.online\\\/gd-gb\\\/#organization\",\"name\":\"All in\",\"url\":\"https:\\\/\\\/allin.online\\\/gd-gb\\\/\",\"logo\":{\"@type\":\"ImageObject\",\"inLanguage\":\"gd-GB\",\"@id\":\"https:\\\/\\\/allin.online\\\/gd-gb\\\/#\\\/schema\\\/logo\\\/image\\\/\",\"url\":\"https:\\\/\\\/allin.online\\\/wp-content\\\/uploads\\\/2023\\\/11\\\/696x696.png\",\"contentUrl\":\"https:\\\/\\\/allin.online\\\/wp-content\\\/uploads\\\/2023\\\/11\\\/696x696.png\",\"width\":696,\"height\":696,\"caption\":\"All in\"},\"image\":{\"@id\":\"https:\\\/\\\/allin.online\\\/gd-gb\\\/#\\\/schema\\\/logo\\\/image\\\/\"}}]}<\/script>\n<!-- \/ Yoast SEO plugin. -->","yoast_head_json":{"title":"Mu All In - All In","description":"Is sinn All In. Tha e nar r\u00f9n piseach a thoirt air f\u00e8in-fhiosraichidhean cruthachail is cultarach do dhaoine bodhar, ciorramach agus ni\u00f9ro-iomsgarach.","robots":{"index":"index","follow":"follow","max-snippet":"max-snippet:-1","max-image-preview":"max-image-preview:large","max-video-preview":"max-video-preview:-1"},"canonical":"https:\/\/allin.online\/gd-gb\/mu-all-in\/","og_locale":"en_US","og_type":"article","og_title":"Mu All In - All In","og_description":"Is sinn All In. Tha e nar r\u00f9n piseach a thoirt air f\u00e8in-fhiosraichidhean cruthachail is cultarach do dhaoine bodhar, ciorramach agus ni\u00f9ro-iomsgarach.","og_url":"https:\/\/allin.online\/gd-gb\/mu-all-in\/","og_site_name":"All In","article_modified_time":"2025-07-01T08:56:53+00:00","og_image":[{"url":"https:\/\/allin.online\/wp-content\/uploads\/2023\/11\/Exp_Use_Blackweb.png","type":"","width":"","height":""}],"twitter_card":"summary_large_image","twitter_misc":{"Est. reading time":"3 minutes"},"schema":{"@context":"https:\/\/schema.org","@graph":[{"@type":"WebPage","@id":"https:\/\/allin.online\/gd-gb\/mu-all-in\/","url":"https:\/\/allin.online\/gd-gb\/mu-all-in\/","name":"Mu All In - All In","isPartOf":{"@id":"https:\/\/allin.online\/gd-gb\/#website"},"primaryImageOfPage":{"@id":"https:\/\/allin.online\/gd-gb\/mu-all-in\/#primaryimage"},"image":{"@id":"https:\/\/allin.online\/gd-gb\/mu-all-in\/#primaryimage"},"thumbnailUrl":"https:\/\/allin.online\/wp-content\/uploads\/2023\/11\/Exp_Use_Blackweb.png","datePublished":"2023-10-09T15:01:42+00:00","dateModified":"2025-07-01T08:56:53+00:00","description":"Is sinn All In. Tha e nar r\u00f9n piseach a thoirt air f\u00e8in-fhiosraichidhean cruthachail is cultarach do dhaoine bodhar, ciorramach agus ni\u00f9ro-iomsgarach.","breadcrumb":{"@id":"https:\/\/allin.online\/gd-gb\/mu-all-in\/#breadcrumb"},"inLanguage":"gd-GB","potentialAction":[{"@type":"ReadAction","target":["https:\/\/allin.online\/gd-gb\/mu-all-in\/"]}]},{"@type":"ImageObject","inLanguage":"gd-GB","@id":"https:\/\/allin.online\/gd-gb\/mu-all-in\/#primaryimage","url":"https:\/\/allin.online\/wp-content\/uploads\/2023\/11\/Exp_Use_Blackweb.png","contentUrl":"https:\/\/allin.online\/wp-content\/uploads\/2023\/11\/Exp_Use_Blackweb.png"},{"@type":"BreadcrumbList","@id":"https:\/\/allin.online\/gd-gb\/mu-all-in\/#breadcrumb","itemListElement":[{"@type":"ListItem","position":1,"name":"Duilleag-dhachaigh","item":"https:\/\/allin.online\/gd-gb\/"},{"@type":"ListItem","position":2,"name":"Mu All In"}]},{"@type":"WebSite","@id":"https:\/\/allin.online\/gd-gb\/#website","url":"https:\/\/allin.online\/gd-gb\/","name":"All in","description":"Tha f\u00e0ilte air a h-uile duine","publisher":{"@id":"https:\/\/allin.online\/gd-gb\/#organization"},"potentialAction":[{"@type":"SearchAction","target":{"@type":"EntryPoint","urlTemplate":"https:\/\/allin.online\/gd-gb\/?s={search_term_string}"},"query-input":{"@type":"PropertyValueSpecification","valueRequired":true,"valueName":"search_term_string"}}],"inLanguage":"gd-GB"},{"@type":"Organization","@id":"https:\/\/allin.online\/gd-gb\/#organization","name":"All in","url":"https:\/\/allin.online\/gd-gb\/","logo":{"@type":"ImageObject","inLanguage":"gd-GB","@id":"https:\/\/allin.online\/gd-gb\/#\/schema\/logo\/image\/","url":"https:\/\/allin.online\/wp-content\/uploads\/2023\/11\/696x696.png","contentUrl":"https:\/\/allin.online\/wp-content\/uploads\/2023\/11\/696x696.png","width":696,"height":696,"caption":"All in"},"image":{"@id":"https:\/\/allin.online\/gd-gb\/#\/schema\/logo\/image\/"}}]}},"_links":{"self":[{"href":"https:\/\/allin.online\/gd-gb\/wp-json\/wp\/v2\/pages\/1288","targetHints":{"allow":["GET"]}}],"collection":[{"href":"https:\/\/allin.online\/gd-gb\/wp-json\/wp\/v2\/pages"}],"about":[{"href":"https:\/\/allin.online\/gd-gb\/wp-json\/wp\/v2\/types\/page"}],"author":[{"embeddable":true,"href":"https:\/\/allin.online\/gd-gb\/wp-json\/wp\/v2\/users\/5"}],"replies":[{"embeddable":true,"href":"https:\/\/allin.online\/gd-gb\/wp-json\/wp\/v2\/comments?post=1288"}],"version-history":[{"count":16,"href":"https:\/\/allin.online\/gd-gb\/wp-json\/wp\/v2\/pages\/1288\/revisions"}],"predecessor-version":[{"id":3020,"href":"https:\/\/allin.online\/gd-gb\/wp-json\/wp\/v2\/pages\/1288\/revisions\/3020"}],"wp:attachment":[{"href":"https:\/\/allin.online\/gd-gb\/wp-json\/wp\/v2\/media?parent=1288"}],"curies":[{"name":"wp","href":"https:\/\/api.w.org\/{rel}","templated":true}]}}