{"id":1284,"date":"2023-10-10T11:08:09","date_gmt":"2023-10-10T11:08:09","guid":{"rendered":"https:\/\/allin.online\/aithris-ruigsinneachd\/"},"modified":"2025-03-13T11:19:50","modified_gmt":"2025-03-13T11:19:50","slug":"aithris-ruigsinneachd","status":"publish","type":"page","link":"https:\/\/allin.online\/gd-gb\/aithris-ruigsinneachd\/","title":{"rendered":"Aithris Ruigsinneachd"},"content":{"rendered":"\n<h3 class=\"wp-block-heading\"><strong>Ar Gealltanas a Thaobh Ruigsinneachd<\/strong><\/h3>\n\n\n\n<p>Aig All In, tha sinn ag iarraidh gum faigh na h-uile cothrom is tlachd \u00e0s ar l\u00e0rach-l\u00ecn. Gu h-\u00ecosal, gheibh sibh fiosrachadh ciamar a dh\u2019ullaich sinn an l\u00e0rach gus am faigh gach neach cothrom oirre, luchd-cleachdaidh le ciorram nam measg.<\/p>\n\n\n\n<p>Tha sinn ag amas air ar l\u00e0rach-l\u00ecn a dh\u00e8anamh freagarrach do uiread de dhaoine is a ghabhas; le sin, bu ch\u00f2ir gum faigh sibh air:<\/p>\n\n\n\n<ul class=\"wp-block-list\">\n<li>Faighinn tron mh\u00f2r-chuid den l\u00e0rach le meur-chl\u00e0r a-mh\u00e0in.<\/li>\n\n\n\n<li>Bathar-bog aithneachadh gutha a chleachdadh gus obrachadh leis an l\u00e0rach.<\/li>\n\n\n\n<li>\u00c8isteachd ris a\u2019 mh\u00f2r-chuid den t-susbaint le leughadair sgr\u00ecn (JAWS, NVDA, no VoiceOver).<\/li>\n<\/ul>\n\n\n\n<p>Cuideachd, tha sinn a\u2019 d\u00e8anamh ar d\u00eccheall gus ar cuid sgr\u00ecobhadh a dh\u00e8anamh cho soilleir is cho simplidh is a ghabhas. Ma bhios comhairle a dh\u00ecth oirbh gus ur n-uidheam a dh\u00e8anamh nas simplidh, thigibh gu <a href=\"https:\/\/abilitynet.org.uk\/\">AbilityNet<\/a> far am faigh sibh goireasan cuideachail.<\/p>\n\n\n\n<h3 class=\"wp-block-heading\"><strong>Trioblaidean aithnichte aig ar l\u00e0rach-l\u00ecn:<\/strong><\/h3>\n\n\n\n<ul class=\"wp-block-list\">\n<li>Chan eil ceanglaichean a dh\u2019fhosglas ann an taba ag innse gun d\u00e8an iad an leithid. Tha sinn ag obair air teacsa a chur ris gus d\u00e8anamh soilleir gun tachair seo.<\/li>\n\n\n\n<li>Teachdaireachdan mearachd air foirmichean nach innis d\u00e8 chaidh ce\u00e0rr agus ciamar a chuireas daoine ceart e. Tha sinn ag obair air an teacsa a chur ceart.<\/li>\n\n\n\n<li>Cha leugh leughadairean sgr\u00ecn an tionndaidh Cuimris den t-susbaint. Tha seo air sg\u00e0th uireasbhuidhean ann an teicneolas leughadairean sgr\u00ecn.<\/li>\n\n\n\n<li>Is d\u00f2cha gum bi e duilich a dhol tro na bhideothan Vimeo air ar l\u00e0rach-l\u00ecn leis a\u2019 mheur-chl\u00e0r. Tha sinn a\u2019 rannsachadh d\u00f2ighean eile ar bhidiothan a nochdadh.<\/li>\n\n\n\n<li>Nuair a chleachdar meur-chl\u00e0r, feumar a dhol tro thabaichean na duilleige gu l\u00e8ir mus ruigear a\u2019 bhratach cead criomaig. Tha sinn ag obair air seo a chur air thoiseachd san \u00f2rdugh taba.<\/li>\n<\/ul>\n\n\n\n<h3 class=\"wp-block-heading\"><strong>Fios air ais:<\/strong><\/h3>\n\n\n\n<p>Tha sinn toilichte beachdan fhaotainn mu ar l\u00e0rach-l\u00ecn. <a href=\"https:\/\/allin.online\/contact-us\/\">Ma dh\u2019fhiosraicheas sibh trioblaidean le ar l\u00e0rach-l\u00ecn, no ma tha beachdan agaibh gus piseach a thoirt oirre, cuiribh fios thugainn<\/a>.<\/p>\n\n\n\n<h3 class=\"wp-block-heading\"><strong>Na rinn sinn gus piseach a thoirt air ruigsinneachd:<\/strong><\/h3>\n\n\n\n<p>Gus \u00e0rd \u00ecre ruigsinneachd fhaighinn, tha sinn ag obair gu d\u00eccheallach le ar com-p\u00e0irtichean <a href=\"https:\/\/accessiblebydesign.co.uk\/\">Accessible by Design<\/a> gus sti\u00f9ireadh ruigsinneachd eadar-n\u00e0iseanta bho Cho-bhanntachd L\u00econ na Cruinne a leantainn (W3C WCAG 2).<\/p>\n\n\n\n<p>Cuideachd, agus le aithne gur e leantainn sti\u00f9iridh p\u00e0irt de ruigsinneachd a thomhais, bithear ag obair le luchd-cleachdaidh dha-r\u00ecreabh gus faighinn a-mach ciamar a chleachdas daoine ar l\u00e0rach-l\u00ecn agus d\u00e8 eile a n\u00ec sinn gus a dh\u00e8anamh nas fhasa a chleachdadh.&nbsp;&nbsp;<\/p>\n\n\n\n<p>Is e pr\u00ecomhachas a tha ann dhuinn beachdan fhaighinn bho ar luchd-cleachdaidh agus tha e riatanach do ar ro-innleachd l\u00e0rach is didseatach.<\/p>\n\n\n\n<h3 class=\"wp-block-heading\"><strong>Feartan Ruigsinneachd:<\/strong><\/h3>\n\n\n\n<ul class=\"wp-block-list\">\n<li><strong>Leum gu Susbaint:<\/strong> Gheibhear ceangal \u201cLeum gu susbaint\u201d do luchd-cleachdaidh leughadair sgr\u00ecn agus meur-chl\u00e0r gus am faigh iad don phr\u00ecomh susbaint gu sgiobalta.<\/li>\n\n\n\n<li><strong>Roghainnean Modh Datha:<\/strong> Gheibhear roghainnean eadar sgeama dathan De\u00e0rrsach agus M\u00f9chta a r\u00e8ir ur miann.<\/li>\n\n\n\n<li><strong>Meud Teacsa Atharrachadh:<\/strong> Gabhaidh meud an teacsa atharrachadh le ar b\u00e0r-inneal ruigsinneachd (barrachd fiosrachaidh gu h-\u00ecosal).<\/li>\n\n\n\n<li><strong>Cothrom Sgiobalta air Susbaint BSL:<\/strong> Gheibhear ceangal d\u00ecreach gu susbaint C\u00e0nan-soidhnidh Bhreatainn (BSL) gu h-\u00e0rd air an taobh deas de dhuilleig sam bith le tionndaidh BSL.<\/li>\n\n\n\n<li><strong>Ceangalaichean Soilleir:<\/strong> Chaidh ar ceanglaichean uile a sgr\u00ecobhadh gus an d\u00e8an iad ciall, ged a leughar iad air falbh bhon co-theacsa.<\/li>\n\n\n\n<li><strong>Roghainnean seach Teacsa:<\/strong> Far an cleachd sinn bhidio no fuaim, gheibhear roghainn teacsa.<\/li>\n\n\n\n<li><strong>M\u00ecneachaidhean ARIA:<\/strong> Tha sinn air m\u00ecneachaidhean ARIA fhighe a-steach gus cuideachadh le leughadairean sgr\u00ecn ar susbaint a thuigsinn agus a dhol a troimhe.<\/li>\n<\/ul>\n\n\n\n<h3 class=\"wp-block-heading\"><strong>Rinn sinn cinnteach cuideachd gun:<\/strong><\/h3>\n\n\n\n<ul class=\"wp-block-list\">\n<li>Obraich an l\u00e0rach-l\u00ecn le meur-chl\u00e0r.<\/li>\n\n\n\n<li>Gu bheil cruth s\u00f9bailte air an l\u00e0rach-l\u00ecn agus gu bheil i a\u2019 coimhead ceart ged a bhithear a\u2019 s\u00f9madh a-mach no a-steach.<\/li>\n\n\n\n<li>Gu bheil susbaint air a dheagh chur ri ch\u00e8ile agus furasta a leughadh, le cinn soilleir agus gu le\u00f2r r\u00f9m geal air an duilleig.<\/li>\n\n\n\n<li>Gu bheil ar d\u00f2ighean se\u00f2laidh cunbhalach, tha e an c\u00f2mhnadh furasda an rud a thathas ag iarraidh a lorg.<\/li>\n\n\n\n<li>Gu bheil iomsgaradh l\u00e0idir nar cuid dathan, gus cuideachadh le leughadh.<\/li>\n<\/ul>\n\n\n\n<p>Faodaidh sibh na roghainnean air ur brabhsair atharrachadh gus an teacsa a dh\u00e8anamh nas motha air feadh nan l\u00e0rach-l\u00ecn. <a href=\"https:\/\/abilitynet.org.uk\/\">Tha s\u00e0r-sti\u00f9irichean aig AbilityNet gus ur cuideachadh ur n-uidheam a dh\u00e8anamh nas fhasa a chleachdadh, gheibhear an seo iad<\/a>.<\/p>\n\n\n\n<h3 class=\"wp-block-heading\"><strong>Easy Read:<\/strong><\/h3>\n\n\n\n<p>Gheibhear cuideachd dreach Easy Read de phr\u00ecomh dhuilleagan:<\/p>\n\n\n\n<ul class=\"wp-block-list\">\n<li><a href=\"https:\/\/allin.online\/wp-content\/uploads\/2024\/04\/Easy-Read-All-In-for-the-Sector.pdf\">Luchdaich a-nuas Easy Read: All In airson na Roinne<\/a><\/li>\n\n\n\n<li><a href=\"https:\/\/allin.online\/wp-content\/uploads\/2024\/04\/Easy-Read-All-In-for-the-Sector.pdf\">Luchdaich a-nuas Easy Read: All In do Dhaoine le Ciorram<\/a><\/li>\n<\/ul>\n\n\n\n<h3 class=\"wp-block-heading\"><strong>Inbhe Riaghailtean:<\/strong><\/h3>\n\n\n\n<p>Tha ar l\u00e0rach a\u2019 freagairt air sti\u00f9ireadh WCAG 2.2 gu \u00ecre. Am measg na h-obrach feabhas tha:<\/p>\n\n\n\n<ul class=\"wp-block-list\">\n<li>Soillearachadh gu bheil ceanglaichean a\u2019 fosgladh ann an uinneig \u00f9r: WCAG 2.1.4 Adhbhar Ceangail (Ann an Co-theacsa) (\u00ccre A) agus WCAG 3.2.5 Atharraich nuair a Dh\u2019iarrar (\u00ccre AAA)<\/li>\n\n\n\n<li>Leughadairean sgr\u00ecn agus Cuimris: WCAG 3.1.2 C\u00e0nan P\u00e0irtean (\u00ccre AA)<\/li>\n\n\n\n<li>Sti\u00f9ir bhidio Vimeo: WCAG 2.4.3 \u00d2rdugh F\u00f2cas (\u00ccre A)<\/li>\n\n\n\n<li>Fios mearachd air foirmichean: WCAG 3.3.1 Soillearachadh Mearachd (\u00ccre A) agus WCAG 3.3.3 Fideadh Mearachd (\u00ccre AA)<\/li>\n\n\n\n<li>\u00d2rdugh f\u00f2cas meur-chl\u00e0r bratach chriomagan: WCAG 2.4.3 \u00d2rdugh F\u00f2cas (\u00ccre A)<\/li>\n<\/ul>\n\n\n\n<h3 class=\"wp-block-heading\"><strong>Ullachadh an t-Sanais Seo:<\/strong><\/h3>\n\n\n\n<p>Rinneadh an sanas seo an toiseach air 16 Faoilleach 2025. Tha sinn a\u2019 dol tro l\u00e0n sgr\u00f9dadh an-dr\u00e0sta agus \u00f9raichidh sinn an sanas seo am broinn sia m\u00ecosan.<\/p>\n\n\n\n<p><\/p>\n","protected":false},"excerpt":{"rendered":"<p>Ar Gealltanas a Thaobh Ruigsinneachd Aig All In, tha sinn ag iarraidh gum faigh na h-uile cothrom is tlachd \u00e0s ar l\u00e0rach-l\u00ecn. Gu h-\u00ecosal, gheibh sibh fiosrachadh ciamar a dh\u2019ullaich sinn an l\u00e0rach gus am faigh gach neach cothrom oirre, luchd-cleachdaidh le ciorram nam measg. Tha sinn ag amas air ar l\u00e0rach-l\u00ecn a dh\u00e8anamh freagarrach [&hellip;]<\/p>\n","protected":false},"author":4,"featured_media":0,"parent":0,"menu_order":0,"comment_status":"closed","ping_status":"closed","template":"","meta":{"_acf_changed":false,"bsl_video":false,"register_block":false,"footnotes":""},"class_list":["post-1284","page","type-page","status-publish","hentry"],"acf":{"enable_signapse":true},"yoast_head":"<!-- This site is optimized with the Yoast SEO plugin v27.4 - https:\/\/yoast.com\/product\/yoast-seo-wordpress\/ -->\n<title>Aithris Ruigsinneachd - All In<\/title>\n<meta name=\"description\" content=\"We are committed to making our website accessible, in accordance with the Public Sector Bodies (Websites and Mobile Applications) (No. 2) Accessibility Regulations 2018.\" \/>\n<meta name=\"robots\" content=\"index, follow, max-snippet:-1, max-image-preview:large, max-video-preview:-1\" \/>\n<link rel=\"canonical\" href=\"https:\/\/allin.online\/gd-gb\/aithris-ruigsinneachd\/\" \/>\n<meta property=\"og:locale\" content=\"en_US\" \/>\n<meta property=\"og:type\" content=\"article\" \/>\n<meta property=\"og:title\" content=\"Aithris Ruigsinneachd - All In\" \/>\n<meta property=\"og:description\" content=\"We are committed to making our website accessible, in accordance with the Public Sector Bodies (Websites and Mobile Applications) (No. 2) Accessibility Regulations 2018.\" \/>\n<meta property=\"og:url\" content=\"https:\/\/allin.online\/gd-gb\/aithris-ruigsinneachd\/\" \/>\n<meta property=\"og:site_name\" content=\"All In\" \/>\n<meta property=\"article:modified_time\" content=\"2025-03-13T11:19:50+00:00\" \/>\n<meta property=\"og:image\" content=\"https:\/\/allin.online\/wp-content\/uploads\/2023\/11\/All-In_OG-image.png\" \/>\n\t<meta property=\"og:image:width\" content=\"1200\" \/>\n\t<meta property=\"og:image:height\" content=\"675\" \/>\n\t<meta property=\"og:image:type\" content=\"image\/png\" \/>\n<meta name=\"twitter:card\" content=\"summary_large_image\" \/>\n<meta name=\"twitter:label1\" content=\"Est. reading time\" \/>\n\t<meta name=\"twitter:data1\" content=\"4 minutes\" \/>\n<script type=\"application\/ld+json\" class=\"yoast-schema-graph\">{\"@context\":\"https:\\\/\\\/schema.org\",\"@graph\":[{\"@type\":\"WebPage\",\"@id\":\"https:\\\/\\\/allin.online\\\/gd-gb\\\/aithris-ruigsinneachd\\\/\",\"url\":\"https:\\\/\\\/allin.online\\\/gd-gb\\\/aithris-ruigsinneachd\\\/\",\"name\":\"Aithris Ruigsinneachd - All In\",\"isPartOf\":{\"@id\":\"https:\\\/\\\/allin.online\\\/gd-gb\\\/#website\"},\"datePublished\":\"2023-10-10T11:08:09+00:00\",\"dateModified\":\"2025-03-13T11:19:50+00:00\",\"description\":\"We are committed to making our website accessible, in accordance with the Public Sector Bodies (Websites and Mobile Applications) (No. 2) Accessibility Regulations 2018.\",\"breadcrumb\":{\"@id\":\"https:\\\/\\\/allin.online\\\/gd-gb\\\/aithris-ruigsinneachd\\\/#breadcrumb\"},\"inLanguage\":\"gd-GB\",\"potentialAction\":[{\"@type\":\"ReadAction\",\"target\":[\"https:\\\/\\\/allin.online\\\/gd-gb\\\/aithris-ruigsinneachd\\\/\"]}]},{\"@type\":\"BreadcrumbList\",\"@id\":\"https:\\\/\\\/allin.online\\\/gd-gb\\\/aithris-ruigsinneachd\\\/#breadcrumb\",\"itemListElement\":[{\"@type\":\"ListItem\",\"position\":1,\"name\":\"Duilleag-dhachaigh\",\"item\":\"https:\\\/\\\/allin.online\\\/gd-gb\\\/\"},{\"@type\":\"ListItem\",\"position\":2,\"name\":\"Aithris Ruigsinneachd\"}]},{\"@type\":\"WebSite\",\"@id\":\"https:\\\/\\\/allin.online\\\/gd-gb\\\/#website\",\"url\":\"https:\\\/\\\/allin.online\\\/gd-gb\\\/\",\"name\":\"All in\",\"description\":\"Tha f\u00e0ilte air a h-uile duine\",\"publisher\":{\"@id\":\"https:\\\/\\\/allin.online\\\/gd-gb\\\/#organization\"},\"potentialAction\":[{\"@type\":\"SearchAction\",\"target\":{\"@type\":\"EntryPoint\",\"urlTemplate\":\"https:\\\/\\\/allin.online\\\/gd-gb\\\/?s={search_term_string}\"},\"query-input\":{\"@type\":\"PropertyValueSpecification\",\"valueRequired\":true,\"valueName\":\"search_term_string\"}}],\"inLanguage\":\"gd-GB\"},{\"@type\":\"Organization\",\"@id\":\"https:\\\/\\\/allin.online\\\/gd-gb\\\/#organization\",\"name\":\"All in\",\"url\":\"https:\\\/\\\/allin.online\\\/gd-gb\\\/\",\"logo\":{\"@type\":\"ImageObject\",\"inLanguage\":\"gd-GB\",\"@id\":\"https:\\\/\\\/allin.online\\\/gd-gb\\\/#\\\/schema\\\/logo\\\/image\\\/\",\"url\":\"https:\\\/\\\/allin.online\\\/wp-content\\\/uploads\\\/2023\\\/11\\\/696x696.png\",\"contentUrl\":\"https:\\\/\\\/allin.online\\\/wp-content\\\/uploads\\\/2023\\\/11\\\/696x696.png\",\"width\":696,\"height\":696,\"caption\":\"All in\"},\"image\":{\"@id\":\"https:\\\/\\\/allin.online\\\/gd-gb\\\/#\\\/schema\\\/logo\\\/image\\\/\"}}]}<\/script>\n<!-- \/ Yoast SEO plugin. -->","yoast_head_json":{"title":"Aithris Ruigsinneachd - All In","description":"We are committed to making our website accessible, in accordance with the Public Sector Bodies (Websites and Mobile Applications) (No. 2) Accessibility Regulations 2018.","robots":{"index":"index","follow":"follow","max-snippet":"max-snippet:-1","max-image-preview":"max-image-preview:large","max-video-preview":"max-video-preview:-1"},"canonical":"https:\/\/allin.online\/gd-gb\/aithris-ruigsinneachd\/","og_locale":"en_US","og_type":"article","og_title":"Aithris Ruigsinneachd - All In","og_description":"We are committed to making our website accessible, in accordance with the Public Sector Bodies (Websites and Mobile Applications) (No. 2) Accessibility Regulations 2018.","og_url":"https:\/\/allin.online\/gd-gb\/aithris-ruigsinneachd\/","og_site_name":"All In","article_modified_time":"2025-03-13T11:19:50+00:00","og_image":[{"width":1200,"height":675,"url":"https:\/\/allin.online\/wp-content\/uploads\/2023\/11\/All-In_OG-image.png","type":"image\/png"}],"twitter_card":"summary_large_image","twitter_misc":{"Est. reading time":"4 minutes"},"schema":{"@context":"https:\/\/schema.org","@graph":[{"@type":"WebPage","@id":"https:\/\/allin.online\/gd-gb\/aithris-ruigsinneachd\/","url":"https:\/\/allin.online\/gd-gb\/aithris-ruigsinneachd\/","name":"Aithris Ruigsinneachd - All In","isPartOf":{"@id":"https:\/\/allin.online\/gd-gb\/#website"},"datePublished":"2023-10-10T11:08:09+00:00","dateModified":"2025-03-13T11:19:50+00:00","description":"We are committed to making our website accessible, in accordance with the Public Sector Bodies (Websites and Mobile Applications) (No. 2) Accessibility Regulations 2018.","breadcrumb":{"@id":"https:\/\/allin.online\/gd-gb\/aithris-ruigsinneachd\/#breadcrumb"},"inLanguage":"gd-GB","potentialAction":[{"@type":"ReadAction","target":["https:\/\/allin.online\/gd-gb\/aithris-ruigsinneachd\/"]}]},{"@type":"BreadcrumbList","@id":"https:\/\/allin.online\/gd-gb\/aithris-ruigsinneachd\/#breadcrumb","itemListElement":[{"@type":"ListItem","position":1,"name":"Duilleag-dhachaigh","item":"https:\/\/allin.online\/gd-gb\/"},{"@type":"ListItem","position":2,"name":"Aithris Ruigsinneachd"}]},{"@type":"WebSite","@id":"https:\/\/allin.online\/gd-gb\/#website","url":"https:\/\/allin.online\/gd-gb\/","name":"All in","description":"Tha f\u00e0ilte air a h-uile duine","publisher":{"@id":"https:\/\/allin.online\/gd-gb\/#organization"},"potentialAction":[{"@type":"SearchAction","target":{"@type":"EntryPoint","urlTemplate":"https:\/\/allin.online\/gd-gb\/?s={search_term_string}"},"query-input":{"@type":"PropertyValueSpecification","valueRequired":true,"valueName":"search_term_string"}}],"inLanguage":"gd-GB"},{"@type":"Organization","@id":"https:\/\/allin.online\/gd-gb\/#organization","name":"All in","url":"https:\/\/allin.online\/gd-gb\/","logo":{"@type":"ImageObject","inLanguage":"gd-GB","@id":"https:\/\/allin.online\/gd-gb\/#\/schema\/logo\/image\/","url":"https:\/\/allin.online\/wp-content\/uploads\/2023\/11\/696x696.png","contentUrl":"https:\/\/allin.online\/wp-content\/uploads\/2023\/11\/696x696.png","width":696,"height":696,"caption":"All in"},"image":{"@id":"https:\/\/allin.online\/gd-gb\/#\/schema\/logo\/image\/"}}]}},"_links":{"self":[{"href":"https:\/\/allin.online\/gd-gb\/wp-json\/wp\/v2\/pages\/1284","targetHints":{"allow":["GET"]}}],"collection":[{"href":"https:\/\/allin.online\/gd-gb\/wp-json\/wp\/v2\/pages"}],"about":[{"href":"https:\/\/allin.online\/gd-gb\/wp-json\/wp\/v2\/types\/page"}],"author":[{"embeddable":true,"href":"https:\/\/allin.online\/gd-gb\/wp-json\/wp\/v2\/users\/4"}],"replies":[{"embeddable":true,"href":"https:\/\/allin.online\/gd-gb\/wp-json\/wp\/v2\/comments?post=1284"}],"version-history":[{"count":5,"href":"https:\/\/allin.online\/gd-gb\/wp-json\/wp\/v2\/pages\/1284\/revisions"}],"predecessor-version":[{"id":2552,"href":"https:\/\/allin.online\/gd-gb\/wp-json\/wp\/v2\/pages\/1284\/revisions\/2552"}],"wp:attachment":[{"href":"https:\/\/allin.online\/gd-gb\/wp-json\/wp\/v2\/media?parent=1284"}],"curies":[{"name":"wp","href":"https:\/\/api.w.org\/{rel}","templated":true}]}}