{"id":1270,"date":"2023-10-09T14:05:26","date_gmt":"2023-10-09T14:05:26","guid":{"rendered":"https:\/\/allin.online\/all-in-airson-na-roinne\/"},"modified":"2026-03-19T11:43:51","modified_gmt":"2026-03-19T11:43:51","slug":"all-in-airson-na-roinne","status":"publish","type":"page","link":"https:\/\/allin.online\/gd-gb\/all-in-airson-na-roinne\/","title":{"rendered":"All In airson na Roinne"},"content":{"rendered":"\n<div class=\"wp-block-ace-content flex content-content bg_white padding indent two-column\"><div class=\"content_wrapper\"><h3 id=\"page_sub_nav\" class=\"mobile_only\">Rannsaich Goireasan Roinn<\/h3><select aria-labelledby=\"page_sub_nav\" class=\"mobile_only\" id=\"nav_select\"><option>All In airson na Roinne<\/option><option value=\"https:\/\/allin.online\/gd-gb\/all-in-airson-na-roinne\/ceistean-cumanta\/\">Ceistean Cumanta<\/option><option value=\"https:\/\/allin.online\/gd-gb\/all-in-airson-na-roinne\/eolaire-taic\/\">E\u00f2laire taic<\/option><option value=\"https:\/\/allin.online\/gd-gb\/fo-sgriobhadh-all-in\/\">Fo-sgr\u00ecobhadh All In<\/option><option value=\"https:\/\/allin.online\/gd-gb\/all-in-airson-na-roinne\/claraich-airson-cunntas-blasaid-an-asgaidh\/\">Cl\u00e0raich airson Cunntas Blasaid an-asgaidh<\/option><\/select>\n<h2 class=\"wp-block-ace-heading\">Thoiribh atharrachadh air ur d\u00f2ighean-obrach ruigsinneachd<\/h2>\n\n\n\n<div class=\"wp-block-ace-intro content-intro\"><p>Bheir All In an uidheamachd dhan bhuidhinn agaibh gus atharrachadh ceart a chur an s\u00e0s do ur luchd-tadhail le ciorraman.<\/p><\/div>\n\n\n\n<div class=\"wp-block-ace-image content-image alt-block\"><figure class=\"fill block-image alt-block\"><img decoding=\"async\" src=\"https:\/\/allin.online\/wp-content\/uploads\/2026\/03\/Trio-in-gallery.png\" alt=\"Bidh buidheann dhaoine a\u2019 g\u00e0ireachdainn agus iad a\u2019 faighinn tlachd \u00e0 taisbeanadh dhealbhan ann an gailearaidh ealain.\"\/><div class=\"alt_block\"><button class=\"alt_trigger\" aria-label=\"Open the Image Description\">Alt<\/button><div class=\"alt_modal\" id=\"image_block_7549\" role=\"dialog\" aria-label=\"Image Description\" aria-describedby=\"desc_image_block_7549\"><p id=\"desc_image_block_7549\">Bidh buidheann dhaoine a\u2019 g\u00e0ireachdainn agus iad a\u2019 faighinn tlachd \u00e0 taisbeanadh dhealbhan ann an gailearaidh ealain.<\/p><button class=\"close\">Close <span class=\"screen-reader-text\">Image Description<\/span><\/button><\/div><\/div><\/figure><\/div>\n\n\n\n<p>Faighibh sti\u00f9ireadh soilleir, pragtaigeach gus leasachaidhean a dh\u00e8anamh le ar pasgan cunbhalach de <strong>Inbhean Ruigsinneachd<\/strong>, an cois taic bho ar sgioba leasachadh sgilean c\u00e0irdeil a bhios a\u2019 tabhann sti\u00f9ireadh agus goireasan, agus a chuireas sibh air an slighe a dh\u2019ionnsaigh e\u00f2laichean ruigsinneachd.<\/p>\n\n\n\n<p>Tha All In a-nis ri fhaotainn do bhuidhnean ann an Sasainn, nam measg taighean-cluiche, taighean-tasgaidh, gailearaidhean, ionadan ealain, taighean-dealbh, f\u00e8isean, agus leabharlannan: mar chomharra air an ath cheum de chur air d\u00f2igh.<\/p>\n\n\n\n<p>Air a chruthachadh le daoine ciorramach airson daoine ciorramach, tha All In a\u2019 toirt c\u00f2mhla e\u00f2las bho bheatha agus comas teicnigeach gus atharrachadh a thoirt air ruigsinneachd san roinn chruthachalachd agus chultar.<\/p>\n\n\n<div class=\"page-links wp-block-ace-subscription-page-link\">\n\t\t\n\t\t<div class=\"block bg-grey link-block inner-padding\">\n\t\t\t<h3><strong>Fo-sgr\u00ecobhadh All In<\/strong><\/h3>\n\t\t\t<p>Faighibh goireasan innleachdail le fo-sgr\u00ecobhadh All In.<\/p>\n\t\t\t<a href=https:\/\/allin.online\/all-in-subscription\/ class=\"button decorative\">Faicibh pr\u00ecsean<\/a>\n\t\t\t\n\t\t<\/div>\n\t<\/div>\n\n\n<h3 class=\"wp-block-ace-heading\">D\u00e8 an ath rud bho All In?<\/h3>\n\n\n\n<p>Tha sinn a\u2019 gluasad don ath cheum de ch\u00f9isean a chur air d\u00f2igh do bhuidhnean st\u00e8idhichte ann an Sasainn. Bidh goireasan didseatach a bharrachd an cois All In Plus, leithid feumalachdan ruigsinneachd ball le ciorram fhaighinn gu t\u00e8arainte, ri fhaotainn san t-Samhradh 2026.<\/p>\n\n\n\n<p>Bidh fo-sgr\u00ecobhaidhean rim faighinn sa ch\u00f2rr den RA agus ann am Poblachd na h-\u00c8irinn r\u00e8 2026 agus tr\u00e0th ann an 2027. <a href=\"https:\/\/allin.online\/#express_your_interest\" type=\"link\" id=\"https:\/\/allin.online\/#express_your_interest\">Nochdaibh ur n-\u00f9idh<\/a>, agus leigidh sibh fios mun naidheachd as \u00f9ire airson a chur air d\u00f2igh nur d\u00f9thaich.<\/p>\n\n\n\n<blockquote class=\"wp-block-ace-block-quote block_quote bg_white indent\"><p>\u201cThug All In cothrom don sgioba againn cur ri ar cuid thuigse mun obair a rinn sinn mar-th\u00e0 gus ar l\u00e0raichean eachdraidheil a dh\u00e8anamh so-ruigsinn dha farsainneachd luchd-amhairc.&#8221;<\/p><footer><strong>Thuirt Wendy Cook, Ceannard Film, Hyde Park Picture House, Leeds Heritage Theatres<\/strong><\/footer><\/blockquote>\n\n\n\n<h2 class=\"wp-block-ace-heading\">Feartan<\/h2>\n\n\n\n<p>Le fo-sgr\u00ecobhadh do All In, gheibh ur buidheann air:<\/p>\n\n\n\n<h3 class=\"wp-block-ace-heading\">A\u2019 chiad sreath de inbhean ruigsinneachd airson na roinne chruthachail is chultarach san RA agus \u00c8irinn a leantainn<\/h3>\n\n\n\n<p>Bheir inbhean piseach air cunbhalachd agus cor ruigsinneachd do dhaoine le ciorram. Gan ullachadh le buidhnean fo sti\u00f9ir feadhainn le ciorram, <a href=\"https:\/\/allin.online\/gd-gb\/blog\/all-in-air-attitude-is-everything\/\">Attitude is Everything<\/a>, buinidh inbhean All In do cheithir raointean de ruigsinneachd: \u00e0rainneachd thogte, conaltradh didseatach, seirbheis do luchd-frithealaidh, agus coimiseanan, tachartasan, agus pr\u00f2graman. <\/p>\n\n\n\n<h3 class=\"wp-block-ace-heading\">Faighibh buannachd \u00e0 taic agus leasachadh sgilean gus coinneachadh ri inbhean ruigsinneachd<\/h3>\n\n\n\n<p>\u00c0s d\u00e8idh f\u00e8in-sgr\u00f9daidh, gheibh sibh air ur goireasan ruigsinneachd a mheas agus a chur romhaibh mar a dh\u2019iarras sibh piseach a thoirt air c\u00f9isean. Bidh sinn a\u2019 tabhann sti\u00f9ireadh agus goireasan gus ur cuideachadh inbhean ruigsinneachd All In a thuigsinn agus misneachd a thoirt do ur buidhinn atharraichean feumail a dh\u00e8anamh. <\/p>\n\n\n\n<h3 class=\"wp-block-ace-heading\">Cleachdaibh teicne\u00f2las \u00f9r-ghn\u00e0thach gus gabhail ri iarrtasan ruigsinneachd gu t\u00e8arainte<\/h3>\n\n\n\n<p>N\u00ec ar n-uidheaman didseatach c\u00f9isean nas fhasa do dhaoine le ciorram tiocaidean a fhreagras air am feumalachdan ruigsinneachd a lorg agus a ghl\u00e8idheil. Le am feumalachdan ruigsinneachd innse gu t\u00e8arainte tro All In, l\u00f9ghdaichidh sinn am feum airson f\u00f2nadh agus puist-dealain, rud a leigeas le ur luchd-obrach an \u00f9ine a chur gu barrachd feum. <\/p>\n\n\n\n<h3 class=\"wp-block-ace-heading\">D\u00e8anaibh conaltradh ri e\u00f2laichean ruigsinneachd air feadh na RA agus \u00c8irinn<\/h3>\n\n\n\n<p>Cleachdaibh ar <a href=\"https:\/\/allin.online\/gd-gb\/all-in-airson-na-roinne\/eolaire-taic\/\">i\u00f9l <\/a>gus an lorg sibh feadhainn a tha ag obair air an ceann fh\u00e8in, co-chomhairlichean agus buidhnean a chuidicheas sibh piseach a thoirt air ruigsinneachd.<\/p>\n\n\n\n<h3 class=\"wp-block-ace-heading\">D\u00e8anaibh sgr\u00f9dadh air fiosrachadh mu ur luchd-frithealaidh<\/h3>\n\n\n\n<p>Faighibh tuigse nas fhe\u00e0rr air feumalachdan ruigsinneachd ur luchd-tadhail tro l\u00e8irsinn agus fiosrachadh. Cumaibh s\u00f9il air sgr\u00f9dadh gus gleans a chur air ur margaideachd agus conaltradh gus an ruig sibh air barrachd dhaoine le ciorram. <\/p>\n\n\n\n<div class=\"wp-block-ace-video video\"><div class=\"video\"><div class=\"container container--sixteennine block-video\">\n\t\t\t\t\t<img decoding=\"async\" src=\"https:\/\/i.vimeocdn.com\/video\/1845166832-d632d0b26077285da0edeb14ba05dce21e1f887dfba2d7ba4c5fd87a24b98210-d?region=us\" alt=\"Poster image for the video WEBSITE ONLY - All In Animation (BSL, Gaelic Captions)\">\n\t\t\t\t\t<button class=\"play bsl-video-tracking-class\">\n\t\t\t\t\t\t<svg id=\"play-video\" xmlns=\"http:\/\/www.w3.org\/2000\/svg\" width=\"115.736\" height=\"115.736\" viewBox=\"0 0 115.736 115.736\">\n  <circle id=\"Ellipse_1\" data-name=\"Ellipse 1\" cx=\"57.868\" cy=\"57.868\" r=\"57.868\" fill=\"#fff\" class=\"has_white\"  opacity=\"0.646\"\/>\n  <path id=\"play\" d=\"M35,66.929a4.524,4.524,0,0,0,6.742,4.056L66.757,56.272a4.627,4.627,0,0,0,0-7.984L41.742,33.6A4.515,4.515,0,0,0,35,37.636Z\" transform=\"translate(10.812 5.578)\" fill=\"#fff\" class=\"has_white\" \/>\n<\/svg>\n\n\t\t\t\t\t\t<span class=\"screen-reader-text\">Play WEBSITE ONLY &#8211; All In Animation (BSL, Gaelic Captions)<\/span>\n\t\t\t\t\t<\/button>\n\t\t\t\t\t<div class=\"player vimeo\" data-id=\"941887289\"><\/div>\n\t\t\t\t<\/div><\/div><\/div>\n\n\n\n<p><\/p>\n<\/div><aside class=\"sidebar flex-item\"><h3 id=\"page_sub_nav\">Rannsaich Goireasan Roinn<\/h3><nav class=\"sub-nav\"><ul><li class=\"active\" aria-current=\"true\">All In airson na Roinne<\/li><li class=\"nav-item\"><a href=\"https:\/\/allin.online\/gd-gb\/all-in-airson-na-roinne\/ceistean-cumanta\/\">Ceistean Cumanta<\/a><\/li><li class=\"nav-item\"><a href=\"https:\/\/allin.online\/gd-gb\/all-in-airson-na-roinne\/eolaire-taic\/\">E\u00f2laire taic<\/a><\/li><li class=\"nav-item\"><a href=\"https:\/\/allin.online\/gd-gb\/fo-sgriobhadh-all-in\/\">Fo-sgr\u00ecobhadh All In<\/a><\/li><li class=\"nav-item\"><a href=\"https:\/\/allin.online\/gd-gb\/all-in-airson-na-roinne\/claraich-airson-cunntas-blasaid-an-asgaidh\/\">Cl\u00e0raich airson Cunntas Blasaid an-asgaidh<\/a><\/li><\/ul><\/nav><\/aside><\/div>\n\n\n\n<div class=\"wp-block-ace-register-your-interest register-form bg-primary-primary_sub indent padding\" id=\"express_your_interest\"><h2><strong>Nochdaibh ur n-\u00f9idh<\/strong><\/h2><p>Faigh na \u00f9rachaidhean, naidheachdan agus leasachaidhean as \u00f9ire bhon sgioba All In.<br><br>Tha sinn airson d\u00e8anamh cinnteach gun cuir sinn am fiosrachadh ceart gu na daoine ceart. Tagh d\u00e8 an se\u00f2rsa puist-d a tha thu airson fhaighinn bhuainn:<\/p>        <div id=\"form_response\" class=\"\" aria-live=\"polite\">        <\/div>\n        <form method=\"POST\" id=\"signupform\" class=\"register_form\">\n            <input type=\"hidden\" name=\"action\" value=\"register_form\">\n            <input type=\"hidden\" name=\"form\" value=\"sector_individual\">\n            <div class=\"label_group compressed\">\n                <label for=\"first_name\">Ciad Ainm<span aria-hidden=\"true\">*<\/span><\/label>\n                <input type=\"text\"  name=\"first_name\" id=\"first_name\" aria-required=\"true\">\n            <\/div>\n            <div class=\"label_group compressed\">\n                <label for=\"last_name\">Sloinneadh<span aria-hidden=\"true\">*<\/span><\/label>\n                <input type=\"text\"  name=\"last_name\" id=\"last_name\" aria-required=\"true\">\n            <\/div>\n            <div class=\"label_group\">\n                <label for=\"email\">Se\u00f2ladh puist-d<span aria-hidden=\"true\">*<\/span><\/label>\n                <input type=\"text\"  name=\"email\" id=\"email\" aria-required=\"true\">\n            <\/div>\n            <div class=\"label_group compressed checkbox_container\">\n                <input id=\"sector\" type=\"checkbox\" name=\"sector\" value=\"sector\">\n                <label for=\"sector\">Bidh mi ag obair anns an roinn cruthchail agus cultarail. <\/label>\n            <\/div>\n            <div class=\"label_group compressed checkbox_container\">\n                <input id=\"disabled\" type=\"checkbox\" name=\"disabled\" value=\"disabled\">\n                <label for=\"disabled\">\u2019S e neach le feumalachdan ruigsinneachd a th\u2019 annam. <\/label>\n            <\/div>\n            <div class=\"label_group compressed checkbox_container\">\n                <input id=\"carer\" type=\"checkbox\" name=\"carer\" value=\"carer\">\n                <label for=\"carer\">Tha mi nam neach-c\u00f9raim no neach-tagraidh airson cuideigin le feumalachdan ruigsinneachd<\/label>\n            <\/div>\n            <div class=\"label_group checkbox_container\">\n                <input type=\"checkbox\" name=\"consent\" id=\"consent\" aria-required=\"true\" data-error_message=\"To express your interest you need to agree to receive emails from us.\" >\n                <label for=\"consent\" class=\"smaller\">Tha mi ag aontachadh puist-d fhaighinn.<span aria-hidden=\"true\">*<\/span><\/label>\n            <\/div>\n            <input type=\"text\" name=\"require\" placeholder=\"This is bot protection. Don't fill in if you are human\" id=\"hp\">\n            <input type=\"submit\" class=\"button decorative\" id=\"submit\" value=\"Cuir a-steach\" >\n            <p class=\"small\" aria-hidden=\"true\">* Raon a tha a dh\u00ecth<\/p>\n        <\/form> \n    <\/div>\n\n\n\n<p><\/p>\n","protected":false},"excerpt":{"rendered":"","protected":false},"author":5,"featured_media":0,"parent":0,"menu_order":0,"comment_status":"closed","ping_status":"closed","template":"","meta":{"_acf_changed":false,"bsl_video":false,"register_block":true,"footnotes":""},"class_list":["post-1270","page","type-page","status-publish","hentry"],"acf":{"enable_signapse":true},"yoast_head":"<!-- This site is optimized with the Yoast SEO plugin v27.3 - https:\/\/yoast.com\/product\/yoast-seo-wordpress\/ -->\n<title>All In airson na Roinne - All In<\/title>\n<meta name=\"description\" content=\"Aig All In, is e ar misean ruigsinneachd a leasachadh do dhaoine B\/bodhar, ciorramach agus ni\u00f9ro-iomsgarach anns an roinn chruthachail is chultarach.\" \/>\n<meta name=\"robots\" content=\"index, follow, max-snippet:-1, max-image-preview:large, max-video-preview:-1\" \/>\n<link rel=\"canonical\" href=\"https:\/\/allin.online\/gd-gb\/all-in-airson-na-roinne\/\" \/>\n<meta property=\"og:locale\" content=\"en_US\" \/>\n<meta property=\"og:type\" content=\"article\" \/>\n<meta property=\"og:title\" content=\"All In airson na Roinne - All In\" \/>\n<meta property=\"og:description\" content=\"Aig All In, is e ar misean ruigsinneachd a leasachadh do dhaoine B\/bodhar, ciorramach agus ni\u00f9ro-iomsgarach anns an roinn chruthachail is chultarach.\" \/>\n<meta property=\"og:url\" content=\"https:\/\/allin.online\/gd-gb\/all-in-airson-na-roinne\/\" \/>\n<meta property=\"og:site_name\" content=\"All In\" \/>\n<meta property=\"article:modified_time\" content=\"2026-03-19T11:43:51+00:00\" \/>\n<meta property=\"og:image\" content=\"https:\/\/allin.online\/wp-content\/uploads\/2026\/03\/Trio-in-gallery.png\" \/>\n<meta name=\"twitter:card\" content=\"summary_large_image\" \/>\n<meta name=\"twitter:label1\" content=\"Est. reading time\" \/>\n\t<meta name=\"twitter:data1\" content=\"3 minutes\" \/>\n<script type=\"application\/ld+json\" class=\"yoast-schema-graph\">{\"@context\":\"https:\\\/\\\/schema.org\",\"@graph\":[{\"@type\":\"WebPage\",\"@id\":\"https:\\\/\\\/allin.online\\\/gd-gb\\\/all-in-airson-na-roinne\\\/\",\"url\":\"https:\\\/\\\/allin.online\\\/gd-gb\\\/all-in-airson-na-roinne\\\/\",\"name\":\"All In airson na Roinne - All In\",\"isPartOf\":{\"@id\":\"https:\\\/\\\/allin.online\\\/gd-gb\\\/#website\"},\"primaryImageOfPage\":{\"@id\":\"https:\\\/\\\/allin.online\\\/gd-gb\\\/all-in-airson-na-roinne\\\/#primaryimage\"},\"image\":{\"@id\":\"https:\\\/\\\/allin.online\\\/gd-gb\\\/all-in-airson-na-roinne\\\/#primaryimage\"},\"thumbnailUrl\":\"https:\\\/\\\/allin.online\\\/wp-content\\\/uploads\\\/2026\\\/03\\\/Trio-in-gallery.png\",\"datePublished\":\"2023-10-09T14:05:26+00:00\",\"dateModified\":\"2026-03-19T11:43:51+00:00\",\"description\":\"Aig All In, is e ar misean ruigsinneachd a leasachadh do dhaoine B\\\/bodhar, ciorramach agus ni\u00f9ro-iomsgarach anns an roinn chruthachail is chultarach.\",\"breadcrumb\":{\"@id\":\"https:\\\/\\\/allin.online\\\/gd-gb\\\/all-in-airson-na-roinne\\\/#breadcrumb\"},\"inLanguage\":\"gd-GB\",\"potentialAction\":[{\"@type\":\"ReadAction\",\"target\":[\"https:\\\/\\\/allin.online\\\/gd-gb\\\/all-in-airson-na-roinne\\\/\"]}]},{\"@type\":\"ImageObject\",\"inLanguage\":\"gd-GB\",\"@id\":\"https:\\\/\\\/allin.online\\\/gd-gb\\\/all-in-airson-na-roinne\\\/#primaryimage\",\"url\":\"https:\\\/\\\/allin.online\\\/wp-content\\\/uploads\\\/2026\\\/03\\\/Trio-in-gallery.png\",\"contentUrl\":\"https:\\\/\\\/allin.online\\\/wp-content\\\/uploads\\\/2026\\\/03\\\/Trio-in-gallery.png\"},{\"@type\":\"BreadcrumbList\",\"@id\":\"https:\\\/\\\/allin.online\\\/gd-gb\\\/all-in-airson-na-roinne\\\/#breadcrumb\",\"itemListElement\":[{\"@type\":\"ListItem\",\"position\":1,\"name\":\"Duilleag-dhachaigh\",\"item\":\"https:\\\/\\\/allin.online\\\/gd-gb\\\/\"},{\"@type\":\"ListItem\",\"position\":2,\"name\":\"All In airson na Roinne\"}]},{\"@type\":\"WebSite\",\"@id\":\"https:\\\/\\\/allin.online\\\/gd-gb\\\/#website\",\"url\":\"https:\\\/\\\/allin.online\\\/gd-gb\\\/\",\"name\":\"All in\",\"description\":\"Tha f\u00e0ilte air a h-uile duine\",\"publisher\":{\"@id\":\"https:\\\/\\\/allin.online\\\/gd-gb\\\/#organization\"},\"potentialAction\":[{\"@type\":\"SearchAction\",\"target\":{\"@type\":\"EntryPoint\",\"urlTemplate\":\"https:\\\/\\\/allin.online\\\/gd-gb\\\/?s={search_term_string}\"},\"query-input\":{\"@type\":\"PropertyValueSpecification\",\"valueRequired\":true,\"valueName\":\"search_term_string\"}}],\"inLanguage\":\"gd-GB\"},{\"@type\":\"Organization\",\"@id\":\"https:\\\/\\\/allin.online\\\/gd-gb\\\/#organization\",\"name\":\"All in\",\"url\":\"https:\\\/\\\/allin.online\\\/gd-gb\\\/\",\"logo\":{\"@type\":\"ImageObject\",\"inLanguage\":\"gd-GB\",\"@id\":\"https:\\\/\\\/allin.online\\\/gd-gb\\\/#\\\/schema\\\/logo\\\/image\\\/\",\"url\":\"https:\\\/\\\/allin.online\\\/wp-content\\\/uploads\\\/2023\\\/11\\\/696x696.png\",\"contentUrl\":\"https:\\\/\\\/allin.online\\\/wp-content\\\/uploads\\\/2023\\\/11\\\/696x696.png\",\"width\":696,\"height\":696,\"caption\":\"All in\"},\"image\":{\"@id\":\"https:\\\/\\\/allin.online\\\/gd-gb\\\/#\\\/schema\\\/logo\\\/image\\\/\"}}]}<\/script>\n<!-- \/ Yoast SEO plugin. -->","yoast_head_json":{"title":"All In airson na Roinne - All In","description":"Aig All In, is e ar misean ruigsinneachd a leasachadh do dhaoine B\/bodhar, ciorramach agus ni\u00f9ro-iomsgarach anns an roinn chruthachail is chultarach.","robots":{"index":"index","follow":"follow","max-snippet":"max-snippet:-1","max-image-preview":"max-image-preview:large","max-video-preview":"max-video-preview:-1"},"canonical":"https:\/\/allin.online\/gd-gb\/all-in-airson-na-roinne\/","og_locale":"en_US","og_type":"article","og_title":"All In airson na Roinne - All In","og_description":"Aig All In, is e ar misean ruigsinneachd a leasachadh do dhaoine B\/bodhar, ciorramach agus ni\u00f9ro-iomsgarach anns an roinn chruthachail is chultarach.","og_url":"https:\/\/allin.online\/gd-gb\/all-in-airson-na-roinne\/","og_site_name":"All In","article_modified_time":"2026-03-19T11:43:51+00:00","og_image":[{"url":"https:\/\/allin.online\/wp-content\/uploads\/2026\/03\/Trio-in-gallery.png","type":"","width":"","height":""}],"twitter_card":"summary_large_image","twitter_misc":{"Est. reading time":"3 minutes"},"schema":{"@context":"https:\/\/schema.org","@graph":[{"@type":"WebPage","@id":"https:\/\/allin.online\/gd-gb\/all-in-airson-na-roinne\/","url":"https:\/\/allin.online\/gd-gb\/all-in-airson-na-roinne\/","name":"All In airson na Roinne - All In","isPartOf":{"@id":"https:\/\/allin.online\/gd-gb\/#website"},"primaryImageOfPage":{"@id":"https:\/\/allin.online\/gd-gb\/all-in-airson-na-roinne\/#primaryimage"},"image":{"@id":"https:\/\/allin.online\/gd-gb\/all-in-airson-na-roinne\/#primaryimage"},"thumbnailUrl":"https:\/\/allin.online\/wp-content\/uploads\/2026\/03\/Trio-in-gallery.png","datePublished":"2023-10-09T14:05:26+00:00","dateModified":"2026-03-19T11:43:51+00:00","description":"Aig All In, is e ar misean ruigsinneachd a leasachadh do dhaoine B\/bodhar, ciorramach agus ni\u00f9ro-iomsgarach anns an roinn chruthachail is chultarach.","breadcrumb":{"@id":"https:\/\/allin.online\/gd-gb\/all-in-airson-na-roinne\/#breadcrumb"},"inLanguage":"gd-GB","potentialAction":[{"@type":"ReadAction","target":["https:\/\/allin.online\/gd-gb\/all-in-airson-na-roinne\/"]}]},{"@type":"ImageObject","inLanguage":"gd-GB","@id":"https:\/\/allin.online\/gd-gb\/all-in-airson-na-roinne\/#primaryimage","url":"https:\/\/allin.online\/wp-content\/uploads\/2026\/03\/Trio-in-gallery.png","contentUrl":"https:\/\/allin.online\/wp-content\/uploads\/2026\/03\/Trio-in-gallery.png"},{"@type":"BreadcrumbList","@id":"https:\/\/allin.online\/gd-gb\/all-in-airson-na-roinne\/#breadcrumb","itemListElement":[{"@type":"ListItem","position":1,"name":"Duilleag-dhachaigh","item":"https:\/\/allin.online\/gd-gb\/"},{"@type":"ListItem","position":2,"name":"All In airson na Roinne"}]},{"@type":"WebSite","@id":"https:\/\/allin.online\/gd-gb\/#website","url":"https:\/\/allin.online\/gd-gb\/","name":"All in","description":"Tha f\u00e0ilte air a h-uile duine","publisher":{"@id":"https:\/\/allin.online\/gd-gb\/#organization"},"potentialAction":[{"@type":"SearchAction","target":{"@type":"EntryPoint","urlTemplate":"https:\/\/allin.online\/gd-gb\/?s={search_term_string}"},"query-input":{"@type":"PropertyValueSpecification","valueRequired":true,"valueName":"search_term_string"}}],"inLanguage":"gd-GB"},{"@type":"Organization","@id":"https:\/\/allin.online\/gd-gb\/#organization","name":"All in","url":"https:\/\/allin.online\/gd-gb\/","logo":{"@type":"ImageObject","inLanguage":"gd-GB","@id":"https:\/\/allin.online\/gd-gb\/#\/schema\/logo\/image\/","url":"https:\/\/allin.online\/wp-content\/uploads\/2023\/11\/696x696.png","contentUrl":"https:\/\/allin.online\/wp-content\/uploads\/2023\/11\/696x696.png","width":696,"height":696,"caption":"All in"},"image":{"@id":"https:\/\/allin.online\/gd-gb\/#\/schema\/logo\/image\/"}}]}},"_links":{"self":[{"href":"https:\/\/allin.online\/gd-gb\/wp-json\/wp\/v2\/pages\/1270","targetHints":{"allow":["GET"]}}],"collection":[{"href":"https:\/\/allin.online\/gd-gb\/wp-json\/wp\/v2\/pages"}],"about":[{"href":"https:\/\/allin.online\/gd-gb\/wp-json\/wp\/v2\/types\/page"}],"author":[{"embeddable":true,"href":"https:\/\/allin.online\/gd-gb\/wp-json\/wp\/v2\/users\/5"}],"replies":[{"embeddable":true,"href":"https:\/\/allin.online\/gd-gb\/wp-json\/wp\/v2\/comments?post=1270"}],"version-history":[{"count":32,"href":"https:\/\/allin.online\/gd-gb\/wp-json\/wp\/v2\/pages\/1270\/revisions"}],"predecessor-version":[{"id":7690,"href":"https:\/\/allin.online\/gd-gb\/wp-json\/wp\/v2\/pages\/1270\/revisions\/7690"}],"wp:attachment":[{"href":"https:\/\/allin.online\/gd-gb\/wp-json\/wp\/v2\/media?parent=1270"}],"curies":[{"name":"wp","href":"https:\/\/api.w.org\/{rel}","templated":true}]}}