{"id":1262,"date":"2023-10-09T14:12:02","date_gmt":"2023-10-09T14:12:02","guid":{"rendered":"https:\/\/allin.online\/ceistean-cumanta\/"},"modified":"2025-09-04T11:04:30","modified_gmt":"2025-09-04T11:04:30","slug":"ceistean-cumanta","status":"publish","type":"page","link":"https:\/\/allin.online\/gd-gb\/all-in-airson-na-roinne\/ceistean-cumanta\/","title":{"rendered":"Ceistean Cumanta"},"content":{"rendered":"\n<div class=\"wp-block-ace-content flex content-content bg_white padding indent two-column\"><div class=\"content_wrapper\"><h3 id=\"page_sub_nav\" class=\"mobile_only\">Rannsaich Goireasan Roinn<\/h3><select aria-labelledby=\"page_sub_nav\" class=\"mobile_only\" id=\"nav_select\"><option>Ceistean Cumanta<\/option><option value=\"https:\/\/allin.online\/gd-gb\/all-in-airson-na-roinne\/\">All In airson na Roinne<\/option><option value=\"https:\/\/allin.online\/gd-gb\/all-in-airson-na-roinne\/eolaire-taic\/\">E\u00f2laire taic<\/option><option value=\"https:\/\/allin.online\/gd-gb\/fo-sgriobhadh-all-in\/\">Fo-sgr\u00ecobhadh All In<\/option><option value=\"https:\/\/allin.online\/gd-gb\/all-in-airson-na-roinne\/claraich-airson-cunntas-blasaid-an-asgaidh\/\">Cl\u00e0raich airson Cunntas Blasaid an-asgaidh<\/option><\/select>\n<div class=\"wp-block-ace-intro content-intro\"><p>A bheil ceist agad? Is d\u00f2cha gu bheil sinn air freagairt a thoirt dha mu thr\u00e0th. Thoir s\u00f9il air na ceistean cumanta againn gu h-\u00ecosal.<\/p><\/div>\n\n\n\n<details class=\"wp-block-ace-details\"><summary><h3>D\u00e8 se\u00f2rsa feumalachdan ruigsinneach a bhios All Ina\u2019 gabhail a-steach?<\/h3><\/summary><div class=\"panel\">\n<p>Tha sinn ag obair c\u00f2mhla ris an roinn chruthachail is chultarail gus tuigse nas fhe\u00e0rr fhaighinn air an raon de thairgsean ruigsinneachd a tha rim faighinn. Tha fios againn gu bheil diofar chnapan-starra aig daoine ciorramach. Dh\u2019fhaodadh na cnapan-starra seo a bhith a thaobh beachd, connaltradh, c\u00f9isean chorporra, s\u00f2isealta no ceangailte ri modhan-obrach. Tha sinn ag amas air taic a thoirt do bhuidhnean gus a h-uile cnap-starra neo-chuideachail a tha taobh a-staih an smachd a thoirt air falbh.<\/p>\n<\/div><\/details>\n\n\n\n<details class=\"wp-block-ace-details\"><summary><h3>Mar neach le feumalachdan ruigsinneachd, d\u00e8 an cosg a bhios ann a bhith na bhall de All In?<\/h3><\/summary><div class=\"panel\">\n<p>Bidh ballrachd All In saor an asgaidh airson daoine B\/bodhar, ciorramach agus ni\u00f9ro-iomsgarach.<\/p>\n<\/div><\/details>\n\n\n\n<details class=\"wp-block-ace-details\"><summary><h3>D\u00e8 se\u00f2rsa buidhnean a gheibh taic bho All In?<\/h3><\/summary><div class=\"panel\">\n<p>Tha ar pr\u00ecomh f\u00f2cas timcheall air taighean-cluiche, taighean-tasgaidh, gailearaidhean, ionadan ealain, taihean-dhealbh, ionadan ci\u00f9il, f\u00e8isean agus leabharlannan.<br><br>Ach, th\u00e8id All In a dhealbhachadh airson sreath fharsaing de bhuidhnean chruthachail agus chultarail. Gheibh buidheann sam bith a dh\u2019fheumas tuigse fhaighinn air feumalachdan ruigsinneach an luchd-\u00e8isteachd aca gus d\u00e8anamh cinnteach gu bheilear a\u2019 tabhann an fh\u00e0ilte as fh\u00e8arr a tha comasach buannachd bho fo-sgr\u00ecobhadh do All In.<\/p>\n<\/div><\/details>\n\n\n\n<details class=\"wp-block-ace-details\"><summary><h3>D\u00e8 an cuideachadh a gheibh sinn ann a bhith a\u2019 m\u00ecneachadh All In don luchd-ceannach againn?<\/h3><\/summary><div class=\"panel\">\n<p>Bidh sinn a\u2019 leasachadh taic, tr\u00e8anadh agus goireasan gus do fh\u00e8in agus don luchd-obrach agad chuideachadh All In a thuigsinn.<br><br>Nuair a bhios sinn nas fhaisge air an sgeama a chuir air bhog don mh\u00f2r-shluagh, cuiridh sinn a-mach pasganan margaidheachd a chuidicheas tu gus an sgeama a mh\u00ecneachadh don luchd-ceannach agad.<\/p>\n<\/div><\/details>\n\n\n\n<details class=\"wp-block-ace-details\"><summary><h3>Bidh mi a\u2019 siubhal dhan RA. Am bi e comasach dhomh All In a chleachdadh?<\/h3><\/summary><div class=\"panel\">\n<p>Faodaidh duine sam bith aig a bheil feumalachdan ruigsinneachd cl\u00e0radh gu All In, ge bith c\u00e0ite san t-saoghal anns a bheil thu. Ma tha thu an l\u00e0thair aig tachartas aig aon de na buidhnean ballrachd againn san RA bidh f\u00e0ilte oirbh cl\u00e0radh.<\/p>\n<\/div><\/details>\n\n\n\n<details class=\"wp-block-ace-details\"><summary><h3>Ciamar a dh\u2019obraicheas All In le sgeamaichean inntrigidh a th\u2019 ann mar-th\u00e0 neo solarachaidhean inntrigidh eile?<\/h3><\/summary><div class=\"panel\">\n<p>Tha e cudromach gun obraich sinn taobh staigh l\u00econradh nas fharsaing de sgeamaichean ruigsinneachd a tha ann do bhuidhnean air feadh na RA agus \u00c8irinn. Bho ar rannsachaidhean so-dh\u00e8antachd agus rannsachadh leantainneach le feadhainn le ciorram, tuigidh sinn gum faod na sgeamaichean a bhith m\u00ec-chunbhalach, sin as coireach gu bheileas a\u2019 cuimseachadh air uireasbhaidhean is raointean leasachaidh a chomharrachadh agus sinn a\u2019 cumail taic ris an roinn. Bheir t\u00f2iseachadh leis a\u2019 chiad sreath de \u00ecrean ruigsinneachd san RA agus \u00c8irinn cunbhalachd a tha gu m\u00f2r a dh\u00ecth do ruigsinneachd san roinn cruthachail is cultarach.  <\/p>\n<\/div><\/details>\n\n\n\n<details class=\"wp-block-ace-details\"><summary><h3>D\u00e8 tha All In a\u2019 ciallachadh airson \u00e0m ri teachd Hynt?\u00a0<\/h3><\/summary><div class=\"panel\">\n<p>Tha sinn ag obair gu dl\u00f9th le sgioba Hynt agus ar com-p\u00e0irtichean aig Comhairle Ealain na Cuimrigh. Chan fhada gus an innis sinn naidheachd a thaobh ciamar a dh\u2019obraicheas Hynt agus an sgeama ruigsinneachd \u00f9r c\u00f2mhla ri ch\u00e8ile. Chan atharraich cail an-dr\u00e0sta do ionadan is luchd-cleachdaidh Hynt.<\/p>\n<\/div><\/details>\n\n\n\n<details class=\"wp-block-ace-details\"><summary><h3>An robh daoine ciorramach an s\u00e0s ann an leasachadh All In?<\/h3><\/summary><div class=\"panel\">\n<p>Tha, tha All In air a sti\u00f9ireadh le sgioba a tha air a sti\u00f9ireadh le ciorram.<br><br>Bidh sinn a\u2019 sireadh comhairle bho Bhuidheann Comhairleachaidh anns a bheil daoine D\/bodhar, ciorramach agus ni\u00f9ro-iomsgarach. Bidh sinn a\u2019 d\u00e8anamh cinnteach gu bheil \u00ecre \u00e0rd de dheuchainnean luchd-cleachdaidh agus gn\u00ecomhachd buidhne f\u00f2cais ceangailte ris an leasachadh gu l\u00e8ir. Bidh sinn cuideachd a\u2019 frithealadh cho-labhairtean, seiminearan agus tachartasan san roinn chiorramaich gus am bi an fhios as \u00f9ire againn. Th\u00e8id All In a dhearbhadh gu cruaidh agus a leasachadh mar a th\u00e8id a sgaoileadh.<\/p>\n<\/div><\/details>\n\n\n\n<details class=\"wp-block-ace-details\"><summary><h3>An robh ionadan agus buidhnean ealain an s\u00e0s ann an leasachadh All In?<\/h3><\/summary><div class=\"panel\">\n<p>Bha, mar a tha sinn air a bhith a\u2019 leasachadh All In, tha sinn air rannsachadh a bharrantachadh gus na planaichean againn a dhearbhadh leis an roinn. Tha seo air leigeil leinn tuigse nas fhe\u00e0rr fhaighinn air far a bheil an roinn a\u2019 faicinn chothroman no chunnartan nar molaidhean agus far am faodadh barrachd taic a bhith a dh\u00ecth. \u00c0s deidh sin, tha sinn air Buidheann Comhairleachaidh Roinn a st\u00e8idheachadh a bhios a\u2019 riochdachadh bhuidhnean aig diofar \u00ecrean, \u00e0iteachan cruinn-e\u00f2lasach, agus diofar she\u00f2rsaichean cruthachail is cultarail. Bidh iad gar cuideachadh gus na buannachdan agus na d\u00f9bhlain a thuigsinn mar a bhios All In a\u2019 leasachadh. Bidh sinn cuideachd a\u2019 frithealadh thachartasan, seiminearan agus cho-labhairtean mu choinneamh na roinne.<\/p>\n<\/div><\/details>\n\n\n\n<details class=\"wp-block-ace-details\"><summary><h3>An robh solaraichean tiogaidean agus teignigeach iomchaidh eile an s\u00e0s ann an leasachadh All In?<\/h3><\/summary><div class=\"panel\">\n<p>Bha, tha sinn air a bhith ann an c\u00f2mhraidhean le m\u00f2ran sholaraichean tiogaidean is teignigeach a th\u2019 ann mar-th\u00e0 fhad \u2019s a bha iad a\u2019 leasachadh an sgeama agus tha cumadh an sgeama air fiosrachadh fhaighinn bhon chomhairle a thug iad seachad.<br><br>Is e ar n-amas sgeama a leasachadh a bhios ag obair le uimhir de sholaraichean a tha ann mar-th\u00e0. Mar a leasaicheas sinn an teicne\u00f2las air c\u00f9l an sgeama cumaidh sinn conaltradh fosgailte leis a\u2019 ph\u00e0irt seo den roinn againn.<\/p>\n<\/div><\/details>\n\n\n\n<details class=\"wp-block-ace-details\"><summary><h3>Am bi e comasach dhomh gabhail ri All In \u00e0s leth p\u00e0iste fo aois sia-deug?<\/h3><\/summary><div class=\"panel\">\n<p>Th\u00e8id All In a leasachadh gus leigeil le neach-d\u00econ laghail a bhith ag obair \u00e0s leth p\u00e0iste le feumalachdan ruigsinneachd. Buinidh am pr\u00f2ifil ruigsinneachd leis a\u2019 ph\u00e0iste, ach bidh e comasach dhut seo a riaghladh \u00e0s an leth.<br><br>Aig an \u00e0m iomchaidh, bidh e comasach dhut smachd air a\u2019 phr\u00f2fil ruigsinneachd a thoirt don leanabh.<\/p>\n<\/div><\/details>\n\n\n\n<details class=\"wp-block-ace-details\"><summary><h3>Am bi e comasach dhomh gabhail ri All In \u00e0s leth inbheach so-le\u00f2nte?<\/h3><\/summary><div class=\"panel\">\n<p>Th\u00e8id All In a leasachadh gus leigeil le neach-d\u00econ laghail a bhith ag obair \u00e0s leth inbheach so-le\u00f2nte. Faodaidh neach-d\u00econ laghail a bhith na bhall den teaghlach, neo \u00f9ghdarras ionadail. No is d\u00f2cha gu bheil co-luchd-d\u00econ aig cuideigin.<\/p>\n<\/div><\/details>\n<\/div><aside class=\"sidebar flex-item\"><h3 id=\"page_sub_nav\">Rannsaich Goireasan Roinn<\/h3><nav class=\"sub-nav\"><ul><li class=\"nav-item\"><a href=\"https:\/\/allin.online\/gd-gb\/all-in-airson-na-roinne\/\">All In airson na Roinne<\/a><\/li><li class=\"active\" aria-current=\"true\">Ceistean Cumanta<\/li><li class=\"nav-item\"><a href=\"https:\/\/allin.online\/gd-gb\/all-in-airson-na-roinne\/eolaire-taic\/\">E\u00f2laire taic<\/a><\/li><li class=\"nav-item\"><a href=\"https:\/\/allin.online\/gd-gb\/fo-sgriobhadh-all-in\/\">Fo-sgr\u00ecobhadh All In<\/a><\/li><li class=\"nav-item\"><a href=\"https:\/\/allin.online\/gd-gb\/all-in-airson-na-roinne\/claraich-airson-cunntas-blasaid-an-asgaidh\/\">Cl\u00e0raich airson Cunntas Blasaid an-asgaidh<\/a><\/li><\/ul><\/nav><\/aside><\/div>\n\n\n<div class=\"margins page-links wp-block-ace-page-links\">\n\t\t<div class=\"title_with_logo\">\n\t\t\t<svg xmlns=\"http:\/\/www.w3.org\/2000\/svg\" width=\"31.992\" height=\"32.342\" viewBox=\"0 0 31.992 32.342\" aria-hidden=\"true\">\n  <g id=\"pointer_device\" data-name=\"pointer device\" transform=\"translate(0 0.001)\">\n    <path id=\"Path_259\" data-name=\"Path 259\" d=\"M16,0V25.086L1.854,31.5,0,32.342V7.258L.126,7.2,15.694.138Z\" transform=\"translate(15.996 -0.002)\" fill=\"#472961\"\/>\n    <path id=\"Path_260\" data-name=\"Path 260\" d=\"M112.16,0l.3.137L128.031,7.2l.126.057V32.342L126.3,31.5,112.16,25.086Z\" transform=\"translate(-112.161 -0.002)\" fill=\"#5a347b\"\/>\n  <\/g>\n<\/svg>\n\n\t\t\t<h3>You may also be interested in&#8230;<\/h3>\n\t\t<\/div>\n\t\t<div class=\"flex flex_50 link_blocks\">\n\t\t\t<a href=\"https:\/\/allin.online\/all-in-for-the-sector\/support-organisations\/\" class = \"block bg-grey link-block flex--item inner-padding\">\n\t\t\t\t<h3 class=\"secondary\">Support Directory<\/h3>\n\t\t\t\t<p>Use the directory to find support from accessibility consultants, freelancers, and organisations from around the UK.<\/p>\n\t\t\t\t<svg xmlns=\"http:\/\/www.w3.org\/2000\/svg\" width=\"31.832\" height=\"24\" viewBox=\"0 0 31.832 24\">\n  <path id=\"arrow\" d=\"M33.728,24.848l-10.2-10.2a1.773,1.773,0,1,0-2.508,2.508l7.189,7.189H4.272a1.772,1.772,0,0,0,0,3.545H28.178L21.022,35.08a1.755,1.755,0,0,0,0,2.508,1.827,1.827,0,0,0,1.271.536,1.747,1.747,0,0,0,1.271-.536L33.8,27.355a1.827,1.827,0,0,0,.536-1.271,2.283,2.283,0,0,0-.6-1.237Z\" transform=\"translate(-2.499 -14.123)\" fill=\"#472961\"\/>\n<\/svg>\n\n\t\t\t\t\n\t\t\t<\/a><a href=\"https:\/\/allin.online\/all-in-for-the-sector\/\" class = \"block bg-grey link-block flex--item inner-padding\">\n\t\t\t\t<h3 class=\"secondary\">All In for the Sector<\/h3>\n\t\t\t\t<p><strong>I work in the creative and cultural sector and want to improve access.<\/strong> Find out how we will help you improve accessibility in your venue.<\/p>\n\t\t\t\t<svg xmlns=\"http:\/\/www.w3.org\/2000\/svg\" width=\"31.832\" height=\"24\" viewBox=\"0 0 31.832 24\">\n  <path id=\"arrow\" d=\"M33.728,24.848l-10.2-10.2a1.773,1.773,0,1,0-2.508,2.508l7.189,7.189H4.272a1.772,1.772,0,0,0,0,3.545H28.178L21.022,35.08a1.755,1.755,0,0,0,0,2.508,1.827,1.827,0,0,0,1.271.536,1.747,1.747,0,0,0,1.271-.536L33.8,27.355a1.827,1.827,0,0,0,.536-1.271,2.283,2.283,0,0,0-.6-1.237Z\" transform=\"translate(-2.499 -14.123)\" fill=\"#472961\"\/>\n<\/svg>\n\n\t\t\t\t\n\t\t\t<\/a>\n\t\t<\/div>\n\t<\/div>","protected":false},"excerpt":{"rendered":"","protected":false},"author":5,"featured_media":0,"parent":1270,"menu_order":0,"comment_status":"closed","ping_status":"closed","template":"","meta":{"_acf_changed":false,"bsl_video":false,"register_block":false,"footnotes":""},"class_list":["post-1262","page","type-page","status-publish","hentry"],"acf":{"enable_signapse":true},"yoast_head":"<!-- This site is optimized with the Yoast SEO plugin v27.3 - https:\/\/yoast.com\/product\/yoast-seo-wordpress\/ -->\n<title>Ceistean Cumanta - All In<\/title>\n<meta name=\"description\" content=\"Tha All In den bheachd gum bu ch\u00f2ir cruthachalachd agus cultar a bhith ruigsinneach don h-uile duine. A bheil ceist agad? Is d\u00f2cha gu bheil sinn air freagairt a thoirt dha mu thr\u00e0th. Thoir s\u00f9il air na ceistean cumanta againn.\" \/>\n<meta name=\"robots\" content=\"index, follow, max-snippet:-1, max-image-preview:large, max-video-preview:-1\" \/>\n<link rel=\"canonical\" href=\"https:\/\/allin.online\/gd-gb\/all-in-airson-na-roinne\/ceistean-cumanta\/\" \/>\n<meta property=\"og:locale\" content=\"en_US\" \/>\n<meta property=\"og:type\" content=\"article\" \/>\n<meta property=\"og:title\" content=\"Ceistean Cumanta - All In\" \/>\n<meta property=\"og:description\" content=\"Tha All In den bheachd gum bu ch\u00f2ir cruthachalachd agus cultar a bhith ruigsinneach don h-uile duine. A bheil ceist agad? Is d\u00f2cha gu bheil sinn air freagairt a thoirt dha mu thr\u00e0th. Thoir s\u00f9il air na ceistean cumanta againn.\" \/>\n<meta property=\"og:url\" content=\"https:\/\/allin.online\/gd-gb\/all-in-airson-na-roinne\/ceistean-cumanta\/\" \/>\n<meta property=\"og:site_name\" content=\"All In\" \/>\n<meta property=\"article:modified_time\" content=\"2025-09-04T11:04:30+00:00\" \/>\n<meta property=\"og:image\" content=\"https:\/\/allin.online\/wp-content\/uploads\/2023\/11\/All-In_OG-image.png\" \/>\n\t<meta property=\"og:image:width\" content=\"1200\" \/>\n\t<meta property=\"og:image:height\" content=\"675\" \/>\n\t<meta property=\"og:image:type\" content=\"image\/png\" \/>\n<meta name=\"twitter:card\" content=\"summary_large_image\" \/>\n<meta name=\"twitter:label1\" content=\"Est. reading time\" \/>\n\t<meta name=\"twitter:data1\" content=\"5 minutes\" \/>\n<script type=\"application\/ld+json\" class=\"yoast-schema-graph\">{\"@context\":\"https:\\\/\\\/schema.org\",\"@graph\":[{\"@type\":\"WebPage\",\"@id\":\"https:\\\/\\\/allin.online\\\/gd-gb\\\/all-in-airson-na-roinne\\\/ceistean-cumanta\\\/\",\"url\":\"https:\\\/\\\/allin.online\\\/gd-gb\\\/all-in-airson-na-roinne\\\/ceistean-cumanta\\\/\",\"name\":\"Ceistean Cumanta - All In\",\"isPartOf\":{\"@id\":\"https:\\\/\\\/allin.online\\\/gd-gb\\\/#website\"},\"datePublished\":\"2023-10-09T14:12:02+00:00\",\"dateModified\":\"2025-09-04T11:04:30+00:00\",\"description\":\"Tha All In den bheachd gum bu ch\u00f2ir cruthachalachd agus cultar a bhith ruigsinneach don h-uile duine. A bheil ceist agad? Is d\u00f2cha gu bheil sinn air freagairt a thoirt dha mu thr\u00e0th. Thoir s\u00f9il air na ceistean cumanta againn.\",\"breadcrumb\":{\"@id\":\"https:\\\/\\\/allin.online\\\/gd-gb\\\/all-in-airson-na-roinne\\\/ceistean-cumanta\\\/#breadcrumb\"},\"inLanguage\":\"gd-GB\",\"potentialAction\":[{\"@type\":\"ReadAction\",\"target\":[\"https:\\\/\\\/allin.online\\\/gd-gb\\\/all-in-airson-na-roinne\\\/ceistean-cumanta\\\/\"]}]},{\"@type\":\"BreadcrumbList\",\"@id\":\"https:\\\/\\\/allin.online\\\/gd-gb\\\/all-in-airson-na-roinne\\\/ceistean-cumanta\\\/#breadcrumb\",\"itemListElement\":[{\"@type\":\"ListItem\",\"position\":1,\"name\":\"Duilleag-dhachaigh\",\"item\":\"https:\\\/\\\/allin.online\\\/gd-gb\\\/\"},{\"@type\":\"ListItem\",\"position\":2,\"name\":\"All In airson na Roinne\",\"item\":\"https:\\\/\\\/allin.online\\\/gd-gb\\\/all-in-airson-na-roinne\\\/\"},{\"@type\":\"ListItem\",\"position\":3,\"name\":\"Ceistean Cumanta\"}]},{\"@type\":\"WebSite\",\"@id\":\"https:\\\/\\\/allin.online\\\/gd-gb\\\/#website\",\"url\":\"https:\\\/\\\/allin.online\\\/gd-gb\\\/\",\"name\":\"All in\",\"description\":\"Tha f\u00e0ilte air a h-uile duine\",\"publisher\":{\"@id\":\"https:\\\/\\\/allin.online\\\/gd-gb\\\/#organization\"},\"potentialAction\":[{\"@type\":\"SearchAction\",\"target\":{\"@type\":\"EntryPoint\",\"urlTemplate\":\"https:\\\/\\\/allin.online\\\/gd-gb\\\/?s={search_term_string}\"},\"query-input\":{\"@type\":\"PropertyValueSpecification\",\"valueRequired\":true,\"valueName\":\"search_term_string\"}}],\"inLanguage\":\"gd-GB\"},{\"@type\":\"Organization\",\"@id\":\"https:\\\/\\\/allin.online\\\/gd-gb\\\/#organization\",\"name\":\"All in\",\"url\":\"https:\\\/\\\/allin.online\\\/gd-gb\\\/\",\"logo\":{\"@type\":\"ImageObject\",\"inLanguage\":\"gd-GB\",\"@id\":\"https:\\\/\\\/allin.online\\\/gd-gb\\\/#\\\/schema\\\/logo\\\/image\\\/\",\"url\":\"https:\\\/\\\/allin.online\\\/wp-content\\\/uploads\\\/2023\\\/11\\\/696x696.png\",\"contentUrl\":\"https:\\\/\\\/allin.online\\\/wp-content\\\/uploads\\\/2023\\\/11\\\/696x696.png\",\"width\":696,\"height\":696,\"caption\":\"All in\"},\"image\":{\"@id\":\"https:\\\/\\\/allin.online\\\/gd-gb\\\/#\\\/schema\\\/logo\\\/image\\\/\"}}]}<\/script>\n<!-- \/ Yoast SEO plugin. -->","yoast_head_json":{"title":"Ceistean Cumanta - All In","description":"Tha All In den bheachd gum bu ch\u00f2ir cruthachalachd agus cultar a bhith ruigsinneach don h-uile duine. A bheil ceist agad? Is d\u00f2cha gu bheil sinn air freagairt a thoirt dha mu thr\u00e0th. Thoir s\u00f9il air na ceistean cumanta againn.","robots":{"index":"index","follow":"follow","max-snippet":"max-snippet:-1","max-image-preview":"max-image-preview:large","max-video-preview":"max-video-preview:-1"},"canonical":"https:\/\/allin.online\/gd-gb\/all-in-airson-na-roinne\/ceistean-cumanta\/","og_locale":"en_US","og_type":"article","og_title":"Ceistean Cumanta - All In","og_description":"Tha All In den bheachd gum bu ch\u00f2ir cruthachalachd agus cultar a bhith ruigsinneach don h-uile duine. A bheil ceist agad? Is d\u00f2cha gu bheil sinn air freagairt a thoirt dha mu thr\u00e0th. Thoir s\u00f9il air na ceistean cumanta againn.","og_url":"https:\/\/allin.online\/gd-gb\/all-in-airson-na-roinne\/ceistean-cumanta\/","og_site_name":"All In","article_modified_time":"2025-09-04T11:04:30+00:00","og_image":[{"width":1200,"height":675,"url":"https:\/\/allin.online\/wp-content\/uploads\/2023\/11\/All-In_OG-image.png","type":"image\/png"}],"twitter_card":"summary_large_image","twitter_misc":{"Est. reading time":"5 minutes"},"schema":{"@context":"https:\/\/schema.org","@graph":[{"@type":"WebPage","@id":"https:\/\/allin.online\/gd-gb\/all-in-airson-na-roinne\/ceistean-cumanta\/","url":"https:\/\/allin.online\/gd-gb\/all-in-airson-na-roinne\/ceistean-cumanta\/","name":"Ceistean Cumanta - All In","isPartOf":{"@id":"https:\/\/allin.online\/gd-gb\/#website"},"datePublished":"2023-10-09T14:12:02+00:00","dateModified":"2025-09-04T11:04:30+00:00","description":"Tha All In den bheachd gum bu ch\u00f2ir cruthachalachd agus cultar a bhith ruigsinneach don h-uile duine. A bheil ceist agad? Is d\u00f2cha gu bheil sinn air freagairt a thoirt dha mu thr\u00e0th. Thoir s\u00f9il air na ceistean cumanta againn.","breadcrumb":{"@id":"https:\/\/allin.online\/gd-gb\/all-in-airson-na-roinne\/ceistean-cumanta\/#breadcrumb"},"inLanguage":"gd-GB","potentialAction":[{"@type":"ReadAction","target":["https:\/\/allin.online\/gd-gb\/all-in-airson-na-roinne\/ceistean-cumanta\/"]}]},{"@type":"BreadcrumbList","@id":"https:\/\/allin.online\/gd-gb\/all-in-airson-na-roinne\/ceistean-cumanta\/#breadcrumb","itemListElement":[{"@type":"ListItem","position":1,"name":"Duilleag-dhachaigh","item":"https:\/\/allin.online\/gd-gb\/"},{"@type":"ListItem","position":2,"name":"All In airson na Roinne","item":"https:\/\/allin.online\/gd-gb\/all-in-airson-na-roinne\/"},{"@type":"ListItem","position":3,"name":"Ceistean Cumanta"}]},{"@type":"WebSite","@id":"https:\/\/allin.online\/gd-gb\/#website","url":"https:\/\/allin.online\/gd-gb\/","name":"All in","description":"Tha f\u00e0ilte air a h-uile duine","publisher":{"@id":"https:\/\/allin.online\/gd-gb\/#organization"},"potentialAction":[{"@type":"SearchAction","target":{"@type":"EntryPoint","urlTemplate":"https:\/\/allin.online\/gd-gb\/?s={search_term_string}"},"query-input":{"@type":"PropertyValueSpecification","valueRequired":true,"valueName":"search_term_string"}}],"inLanguage":"gd-GB"},{"@type":"Organization","@id":"https:\/\/allin.online\/gd-gb\/#organization","name":"All in","url":"https:\/\/allin.online\/gd-gb\/","logo":{"@type":"ImageObject","inLanguage":"gd-GB","@id":"https:\/\/allin.online\/gd-gb\/#\/schema\/logo\/image\/","url":"https:\/\/allin.online\/wp-content\/uploads\/2023\/11\/696x696.png","contentUrl":"https:\/\/allin.online\/wp-content\/uploads\/2023\/11\/696x696.png","width":696,"height":696,"caption":"All in"},"image":{"@id":"https:\/\/allin.online\/gd-gb\/#\/schema\/logo\/image\/"}}]}},"_links":{"self":[{"href":"https:\/\/allin.online\/gd-gb\/wp-json\/wp\/v2\/pages\/1262","targetHints":{"allow":["GET"]}}],"collection":[{"href":"https:\/\/allin.online\/gd-gb\/wp-json\/wp\/v2\/pages"}],"about":[{"href":"https:\/\/allin.online\/gd-gb\/wp-json\/wp\/v2\/types\/page"}],"author":[{"embeddable":true,"href":"https:\/\/allin.online\/gd-gb\/wp-json\/wp\/v2\/users\/5"}],"replies":[{"embeddable":true,"href":"https:\/\/allin.online\/gd-gb\/wp-json\/wp\/v2\/comments?post=1262"}],"version-history":[{"count":12,"href":"https:\/\/allin.online\/gd-gb\/wp-json\/wp\/v2\/pages\/1262\/revisions"}],"predecessor-version":[{"id":3853,"href":"https:\/\/allin.online\/gd-gb\/wp-json\/wp\/v2\/pages\/1262\/revisions\/3853"}],"up":[{"embeddable":true,"href":"https:\/\/allin.online\/gd-gb\/wp-json\/wp\/v2\/pages\/1270"}],"wp:attachment":[{"href":"https:\/\/allin.online\/gd-gb\/wp-json\/wp\/v2\/media?parent=1262"}],"curies":[{"name":"wp","href":"https:\/\/api.w.org\/{rel}","templated":true}]}}