{"id":1246,"date":"2023-10-10T11:08:30","date_gmt":"2023-10-10T11:08:30","guid":{"rendered":"https:\/\/allin.online\/ruigsinneachd\/"},"modified":"2023-12-11T15:27:49","modified_gmt":"2023-12-11T15:27:49","slug":"ruigsinneachd","status":"publish","type":"page","link":"https:\/\/allin.online\/gd-gb\/ruigsinneachd\/","title":{"rendered":"Ruigsinneachd"},"content":{"rendered":"\n<div class=\"wp-block-ace-content flex content-content bg_white padding indent one-column\"><div class=\"content_wrapper\">\n<p>Tha sinn airson gum faigh a h-uile duine cothrom air an l\u00e0rach-l\u00ecn againn. Tha an duilleag seo a\u2019 m\u00ecneachadh mar a chaidh an l\u00e0rach a dhealbhadh gus a bhith ruigsinneach.<\/p>\n\n\n\n<h3 class=\"wp-block-ace-heading\"><strong>Feartan ruigsinneachd<\/strong><\/h3>\n\n\n\n<ul class=\"wp-block-list\">\n<li>Ceangal \u2018rach gu susbaint\u2019 gus leughadair sgrion agus luchd-cleachdaidh meur-chl\u00e0r a chuideachadh gus susbaint fhaighinn<\/li>\n\n\n\n<li>Modh dath, a leigeas leat taghadh eadar e\u00f2las dath Vivid no Muted.<\/li>\n\n\n\n<li>Teacsa ath-mheudachadh (faic gu h-\u00ecosal)<\/li>\n\n\n\n<li>Ceangal sgiobalta gu susbaint BSL san oisean gu h-\u00e0rd air an l\u00e0imh dheis air duilleag sam bith aig a bheil dreach BSL<\/li>\n\n\n\n<li>Tha na ceanglaichean uile air an sgr\u00ecobhadh gus am bi iad furasta an tuigsinn a-mach \u00e0s a\u2019 cho-theacsa<\/li>\n\n\n\n<li>Far a bheilear a\u2019 cleachdadh bhidio is claisneachd, tha roghainnean teacsa eile air an toirt seachad<\/li>\n\n\n\n<li>Chaidh dreuchdan Aria a chleachdadh gus leughadairean sgrion a chuideachadh gus susbaint a sti\u00f9ireadh<\/li>\n<\/ul>\n\n\n\n<h3 class=\"wp-block-ace-heading\"><strong>Ag ath-mheudachadh teacsa<\/strong><\/h3>\n\n\n\n<p>Tha sinn air ath-mheudachadh teacsa a sholarachadh, anns a\u2019 bh\u00e0r inneal ruigsinneachd againn, a leigeas leat meud teacsa ar duilleag \u00e0rdachadh, a lughdachadh agus ath-shuidheachadh.<\/p>\n\n\n\n<p>Gabhaidh meud an teacsa ri roghainnean do bhrobhsair cuideachd. Ma lorgas tu gu bheil feum agad air teacsa nas motha air a h-uile l\u00e0rach-l\u00ecn, faodaidh tu meud a\u2019 chruth-cl\u00f2 atharrachadh tron bhrobhsair agad. Airson barrachd fiosrachaidh, tha tre\u00f2irichean sa Bheurla aig Abilitynet gus an inneal agad a dh\u00e8anamh nas fhasa a chleachdadh.<\/p>\n\n\n\n<h3 class=\"wp-block-ace-heading\">Fios air ais<\/h3>\n\n\n\n<p>Tha sinn a\u2019 cur f\u00e0ilte air fios air ais mu Ruigsinneachd agus cleachdadh na l\u00e0raich-l\u00ecn againn.\u00a0 Ma tha duilgheadas sam bith agad fhad \u2018s a bha thu a\u2019 cleachdadh na l\u00e0raich againn, cuir fios thugainn.<\/p>\n<\/div><\/div>\n","protected":false},"excerpt":{"rendered":"","protected":false},"author":4,"featured_media":0,"parent":0,"menu_order":0,"comment_status":"closed","ping_status":"closed","template":"","meta":{"_acf_changed":false,"bsl_video":false,"register_block":false,"footnotes":""},"class_list":["post-1246","page","type-page","status-publish","hentry"],"acf":{"enable_signapse":false},"yoast_head":"<!-- This site is optimized with the Yoast SEO plugin v27.4 - https:\/\/yoast.com\/product\/yoast-seo-wordpress\/ -->\n<title>Ruigsinneachd - All In<\/title>\n<meta name=\"description\" content=\"We want everyone to be able to access our website. This page explains how the site has been designed to be accessible.\" \/>\n<meta name=\"robots\" content=\"index, follow, max-snippet:-1, max-image-preview:large, max-video-preview:-1\" \/>\n<link rel=\"canonical\" href=\"https:\/\/allin.online\/gd-gb\/ruigsinneachd\/\" \/>\n<meta property=\"og:locale\" content=\"en_US\" \/>\n<meta property=\"og:type\" content=\"article\" \/>\n<meta property=\"og:title\" content=\"Ruigsinneachd - All In\" \/>\n<meta property=\"og:description\" content=\"We want everyone to be able to access our website. This page explains how the site has been designed to be accessible.\" \/>\n<meta property=\"og:url\" content=\"https:\/\/allin.online\/gd-gb\/ruigsinneachd\/\" \/>\n<meta property=\"og:site_name\" content=\"All In\" \/>\n<meta property=\"article:modified_time\" content=\"2023-12-11T15:27:49+00:00\" \/>\n<meta property=\"og:image\" content=\"https:\/\/allin.online\/wp-content\/uploads\/2023\/11\/All-In_OG-image.png\" \/>\n\t<meta property=\"og:image:width\" content=\"1200\" \/>\n\t<meta property=\"og:image:height\" content=\"675\" \/>\n\t<meta property=\"og:image:type\" content=\"image\/png\" \/>\n<meta name=\"twitter:card\" content=\"summary_large_image\" \/>\n<meta name=\"twitter:label1\" content=\"Est. reading time\" \/>\n\t<meta name=\"twitter:data1\" content=\"2 minutes\" \/>\n<script type=\"application\/ld+json\" class=\"yoast-schema-graph\">{\"@context\":\"https:\\\/\\\/schema.org\",\"@graph\":[{\"@type\":\"WebPage\",\"@id\":\"https:\\\/\\\/allin.online\\\/gd-gb\\\/ruigsinneachd\\\/\",\"url\":\"https:\\\/\\\/allin.online\\\/gd-gb\\\/ruigsinneachd\\\/\",\"name\":\"Ruigsinneachd - All In\",\"isPartOf\":{\"@id\":\"https:\\\/\\\/allin.online\\\/gd-gb\\\/#website\"},\"datePublished\":\"2023-10-10T11:08:30+00:00\",\"dateModified\":\"2023-12-11T15:27:49+00:00\",\"description\":\"We want everyone to be able to access our website. This page explains how the site has been designed to be accessible.\",\"breadcrumb\":{\"@id\":\"https:\\\/\\\/allin.online\\\/gd-gb\\\/ruigsinneachd\\\/#breadcrumb\"},\"inLanguage\":\"gd-GB\",\"potentialAction\":[{\"@type\":\"ReadAction\",\"target\":[\"https:\\\/\\\/allin.online\\\/gd-gb\\\/ruigsinneachd\\\/\"]}]},{\"@type\":\"BreadcrumbList\",\"@id\":\"https:\\\/\\\/allin.online\\\/gd-gb\\\/ruigsinneachd\\\/#breadcrumb\",\"itemListElement\":[{\"@type\":\"ListItem\",\"position\":1,\"name\":\"Duilleag-dhachaigh\",\"item\":\"https:\\\/\\\/allin.online\\\/gd-gb\\\/\"},{\"@type\":\"ListItem\",\"position\":2,\"name\":\"Ruigsinneachd\"}]},{\"@type\":\"WebSite\",\"@id\":\"https:\\\/\\\/allin.online\\\/gd-gb\\\/#website\",\"url\":\"https:\\\/\\\/allin.online\\\/gd-gb\\\/\",\"name\":\"All in\",\"description\":\"Tha f\u00e0ilte air a h-uile duine\",\"publisher\":{\"@id\":\"https:\\\/\\\/allin.online\\\/gd-gb\\\/#organization\"},\"potentialAction\":[{\"@type\":\"SearchAction\",\"target\":{\"@type\":\"EntryPoint\",\"urlTemplate\":\"https:\\\/\\\/allin.online\\\/gd-gb\\\/?s={search_term_string}\"},\"query-input\":{\"@type\":\"PropertyValueSpecification\",\"valueRequired\":true,\"valueName\":\"search_term_string\"}}],\"inLanguage\":\"gd-GB\"},{\"@type\":\"Organization\",\"@id\":\"https:\\\/\\\/allin.online\\\/gd-gb\\\/#organization\",\"name\":\"All in\",\"url\":\"https:\\\/\\\/allin.online\\\/gd-gb\\\/\",\"logo\":{\"@type\":\"ImageObject\",\"inLanguage\":\"gd-GB\",\"@id\":\"https:\\\/\\\/allin.online\\\/gd-gb\\\/#\\\/schema\\\/logo\\\/image\\\/\",\"url\":\"https:\\\/\\\/allin.online\\\/wp-content\\\/uploads\\\/2023\\\/11\\\/696x696.png\",\"contentUrl\":\"https:\\\/\\\/allin.online\\\/wp-content\\\/uploads\\\/2023\\\/11\\\/696x696.png\",\"width\":696,\"height\":696,\"caption\":\"All in\"},\"image\":{\"@id\":\"https:\\\/\\\/allin.online\\\/gd-gb\\\/#\\\/schema\\\/logo\\\/image\\\/\"}}]}<\/script>\n<!-- \/ Yoast SEO plugin. -->","yoast_head_json":{"title":"Ruigsinneachd - All In","description":"We want everyone to be able to access our website. This page explains how the site has been designed to be accessible.","robots":{"index":"index","follow":"follow","max-snippet":"max-snippet:-1","max-image-preview":"max-image-preview:large","max-video-preview":"max-video-preview:-1"},"canonical":"https:\/\/allin.online\/gd-gb\/ruigsinneachd\/","og_locale":"en_US","og_type":"article","og_title":"Ruigsinneachd - All In","og_description":"We want everyone to be able to access our website. This page explains how the site has been designed to be accessible.","og_url":"https:\/\/allin.online\/gd-gb\/ruigsinneachd\/","og_site_name":"All In","article_modified_time":"2023-12-11T15:27:49+00:00","og_image":[{"width":1200,"height":675,"url":"https:\/\/allin.online\/wp-content\/uploads\/2023\/11\/All-In_OG-image.png","type":"image\/png"}],"twitter_card":"summary_large_image","twitter_misc":{"Est. reading time":"2 minutes"},"schema":{"@context":"https:\/\/schema.org","@graph":[{"@type":"WebPage","@id":"https:\/\/allin.online\/gd-gb\/ruigsinneachd\/","url":"https:\/\/allin.online\/gd-gb\/ruigsinneachd\/","name":"Ruigsinneachd - All In","isPartOf":{"@id":"https:\/\/allin.online\/gd-gb\/#website"},"datePublished":"2023-10-10T11:08:30+00:00","dateModified":"2023-12-11T15:27:49+00:00","description":"We want everyone to be able to access our website. This page explains how the site has been designed to be accessible.","breadcrumb":{"@id":"https:\/\/allin.online\/gd-gb\/ruigsinneachd\/#breadcrumb"},"inLanguage":"gd-GB","potentialAction":[{"@type":"ReadAction","target":["https:\/\/allin.online\/gd-gb\/ruigsinneachd\/"]}]},{"@type":"BreadcrumbList","@id":"https:\/\/allin.online\/gd-gb\/ruigsinneachd\/#breadcrumb","itemListElement":[{"@type":"ListItem","position":1,"name":"Duilleag-dhachaigh","item":"https:\/\/allin.online\/gd-gb\/"},{"@type":"ListItem","position":2,"name":"Ruigsinneachd"}]},{"@type":"WebSite","@id":"https:\/\/allin.online\/gd-gb\/#website","url":"https:\/\/allin.online\/gd-gb\/","name":"All in","description":"Tha f\u00e0ilte air a h-uile duine","publisher":{"@id":"https:\/\/allin.online\/gd-gb\/#organization"},"potentialAction":[{"@type":"SearchAction","target":{"@type":"EntryPoint","urlTemplate":"https:\/\/allin.online\/gd-gb\/?s={search_term_string}"},"query-input":{"@type":"PropertyValueSpecification","valueRequired":true,"valueName":"search_term_string"}}],"inLanguage":"gd-GB"},{"@type":"Organization","@id":"https:\/\/allin.online\/gd-gb\/#organization","name":"All in","url":"https:\/\/allin.online\/gd-gb\/","logo":{"@type":"ImageObject","inLanguage":"gd-GB","@id":"https:\/\/allin.online\/gd-gb\/#\/schema\/logo\/image\/","url":"https:\/\/allin.online\/wp-content\/uploads\/2023\/11\/696x696.png","contentUrl":"https:\/\/allin.online\/wp-content\/uploads\/2023\/11\/696x696.png","width":696,"height":696,"caption":"All in"},"image":{"@id":"https:\/\/allin.online\/gd-gb\/#\/schema\/logo\/image\/"}}]}},"_links":{"self":[{"href":"https:\/\/allin.online\/gd-gb\/wp-json\/wp\/v2\/pages\/1246","targetHints":{"allow":["GET"]}}],"collection":[{"href":"https:\/\/allin.online\/gd-gb\/wp-json\/wp\/v2\/pages"}],"about":[{"href":"https:\/\/allin.online\/gd-gb\/wp-json\/wp\/v2\/types\/page"}],"author":[{"embeddable":true,"href":"https:\/\/allin.online\/gd-gb\/wp-json\/wp\/v2\/users\/4"}],"replies":[{"embeddable":true,"href":"https:\/\/allin.online\/gd-gb\/wp-json\/wp\/v2\/comments?post=1246"}],"version-history":[{"count":4,"href":"https:\/\/allin.online\/gd-gb\/wp-json\/wp\/v2\/pages\/1246\/revisions"}],"predecessor-version":[{"id":1251,"href":"https:\/\/allin.online\/gd-gb\/wp-json\/wp\/v2\/pages\/1246\/revisions\/1251"}],"wp:attachment":[{"href":"https:\/\/allin.online\/gd-gb\/wp-json\/wp\/v2\/media?parent=1246"}],"curies":[{"name":"wp","href":"https:\/\/api.w.org\/{rel}","templated":true}]}}