{"id":1238,"date":"2023-10-09T14:52:01","date_gmt":"2023-10-09T14:52:01","guid":{"rendered":"https:\/\/allin.online\/all-in-airson-daoine-le-feumalachdan-ruigsinneachd\/"},"modified":"2026-01-26T12:00:30","modified_gmt":"2026-01-26T12:00:30","slug":"all-in-airson-daoine-le-feumalachdan-ruigsinneachd","status":"publish","type":"page","link":"https:\/\/allin.online\/gd-gb\/all-in-airson-daoine-le-feumalachdan-ruigsinneachd\/","title":{"rendered":"All In do Dhaoine le Ciorram"},"content":{"rendered":"\n<div class=\"wp-block-ace-content flex content-content bg_white padding indent one-column\"><div class=\"content_wrapper\">\n<div class=\"wp-block-ace-intro content-intro\"><p>Tha All In ag iarraidh gum fairich na h-uile gu bheil f\u00e0ilte rompa. Sin as coireach gu bheil sinn ag obair leis an roinn chruthachail is chultarach gus piseach a thoirt air ruigsinneachd do dhaoine bodhar, ciorramach agus ni\u00f9ro-iomsgarach.<\/p><\/div>\n\n\n\n<p>Bu ch\u00f2ir s\u00e0r-f\u00e8in-fhiosrachaidhean a bhith agaibh bhon mh\u00f2maid a chuireas sibh romhaibh a dhol a-mach gun \u00e0m a ruigeas sibh an taigh. Cha bu ch\u00f2ir dha a bhith s\u00e0rachail no slaodach a bhith an s\u00e0s anns na rudan a bheir tlachd dhuibh, ged a b\u2019 e sin feasgar san taigh-dealbh, cuirm-chi\u00f9il, tadhal air taigh-tasgaidh, no coimhead ri sreath be\u00f2 \u00e0 taigh-cluiche.<\/p>\n\n\n\n<div class=\"wp-block-ace-image content-image alt-block\"><figure class=\"fill block-image alt-block\"><img decoding=\"async\" src=\"https:\/\/allinstaging-3tc9g.projectbeta.co.uk\/wp-content\/uploads\/2023\/10\/Access-Scheme-v1.2-HRes-2771-LR--scaled.jpg\" alt=\"A visually impaired person in a grand theatre uses a monocular to see the stage.\"\/><div class=\"alt_block\"><button class=\"alt_trigger\" aria-label=\"Open the Image Description\">Alt<\/button><div class=\"alt_modal\" id=\"image_block_308\" role=\"dialog\" aria-label=\"Image Description\" aria-describedby=\"desc_image_block_308\"><p id=\"desc_image_block_308\">A visually impaired person in a grand theatre uses a monocular to see the stage.<\/p><button class=\"close\">Close <span class=\"screen-reader-text\">Image Description<\/span><\/button><\/div><\/div><\/figure><figcaption><p class=\"caption has-small-font-size\">Photos by Karol Wyszynski<\/p><\/figcaption><\/div>\n\n\n\n<p>Agus ciamar a n\u00ec sinn seo? An toiseach, bheir sinn inbhean ruigsinneachd a-steach gus an aithnich buidhnean c\u00f2 ris a tha ruigsinneachd nas fhe\u00e0rr a\u2019 coimhead. Bheir sinn taic do bhuidhnean sgilean a leasachadh a tha a dh\u00ecth orra gus coinneachadh ris na h-inbhean sin. <\/p>\n\n\n\n<p>Tha sinn airson piseach a thoirt air tiocaidean a ghl\u00e8idheil gus am bi e nas fhasa dhuibh innse mu ur feumalachdan ruigsinneachd. Tha sin a\u2019 ciallachadh nach bithear s\u00ecorraidheachd tuilleadh air am f\u00f2n, ag innse a-rithist agus a-rithist mu ghnothaichean pearsanta no a bhith fo uallach a bheil c\u00e0ch a\u2019 tuigse na tha dh\u00ecth oirbh.<\/p>\n\n\n\n<p>Nas fhe\u00e0rr buileach. Bidh All In saor is an-asgaidh do dhaoine le ciorram.<\/p>\n\n\n\n<p>Mar sgioba fo sti\u00f9ir feadhainn le ciorram, tuigidh sinn cho cudromach is a tha e seo a dh\u00e8anamh ceart. Tha sinn a\u2019 gabhail air ar socair ar beachdan fheuchainn agus bruidhinn ri daoine eile le ciorram feuch d\u00e8 d\u00ecreach a tha a-dh\u00ecth air ar coimhearsnachd gus an soirbhich le All In.<\/p>\n\n\n\n<p>Ma tha sibh sa Chuimrigh is cairt Hynt agaibh, chan fhada gus an innis sinn ciamar a dh\u2019obraicheas Hynt agus All In c\u00f2mhla ri ch\u00e8ile. Chan atharraich cail an-dr\u00e0sta do ionadan is luchd-cleachdaidh Hynt.<\/p>\n\n\n\n<p>Tha sinn ri sgeama p\u00ecleat de All In gus d\u00e8anamh cinnteach gun obraich e do na h-uile. Tha e cudromach gun toir sinn rud dhuibh a ch\u00f2rdas ribh nuair a dh\u2019fhosglas ar dorsan san d\u00e0rna leth de 2025. <\/p>\n\n\n\n<p>Bu mhiann leinn fios a chumail ribh mar a tha a\u2019 dol dhuinn. Airson naidheachdan fhaighinn bhuainn air thoiseach, l\u00econaibh am foirm gu h-\u00ecosal agus cumaidh sinn fios dhuibh.<\/p>\n<\/div><\/div>\n\n\n\n<div class=\"wp-block-ace-register-your-interest register-form bg-primary-primary_sub indent padding\" id=\"express_your_interest\"><h2><strong>Nochdaibh ur n-\u00f9idh<\/strong><\/h2><p>Faigh na \u00f9rachaidhean, naidheachdan agus leasachaidhean as \u00f9ire bhon sgioba All In.<br><br>Tha sinn airson d\u00e8anamh cinnteach gun cuir sinn am fiosrachadh ceart gu na daoine ceart. Tagh d\u00e8 an se\u00f2rsa puist-d a tha thu airson fhaighinn bhuainn:<\/p>        <div id=\"form_response\" class=\"\" aria-live=\"polite\">        <\/div>\n        <form method=\"POST\" id=\"signupform\" class=\"register_form\">\n            <input type=\"hidden\" name=\"action\" value=\"register_form\">\n            <input type=\"hidden\" name=\"form\" value=\"sector_individual\">\n            <div class=\"label_group compressed\">\n                <label for=\"first_name\">Ciad Ainm<span aria-hidden=\"true\">*<\/span><\/label>\n                <input type=\"text\"  name=\"first_name\" id=\"first_name\" aria-required=\"true\">\n            <\/div>\n            <div class=\"label_group compressed\">\n                <label for=\"last_name\">Sloinneadh<span aria-hidden=\"true\">*<\/span><\/label>\n                <input type=\"text\"  name=\"last_name\" id=\"last_name\" aria-required=\"true\">\n            <\/div>\n            <div class=\"label_group\">\n                <label for=\"email\">Se\u00f2ladh puist-d<span aria-hidden=\"true\">*<\/span><\/label>\n                <input type=\"text\"  name=\"email\" id=\"email\" aria-required=\"true\">\n            <\/div>\n            <div class=\"label_group compressed checkbox_container\">\n                <input id=\"sector\" type=\"checkbox\" name=\"sector\" value=\"sector\">\n                <label for=\"sector\">Bidh mi ag obair anns an roinn cruthchail agus cultarail. <\/label>\n            <\/div>\n            <div class=\"label_group compressed checkbox_container\">\n                <input id=\"disabled\" type=\"checkbox\" name=\"disabled\" value=\"disabled\">\n                <label for=\"disabled\">\u2019S e neach le feumalachdan ruigsinneachd a th\u2019 annam. <\/label>\n            <\/div>\n            <div class=\"label_group compressed checkbox_container\">\n                <input id=\"carer\" type=\"checkbox\" name=\"carer\" value=\"carer\">\n                <label for=\"carer\">Tha mi nam neach-c\u00f9raim no neach-tagraidh airson cuideigin le feumalachdan ruigsinneachd<\/label>\n            <\/div>\n            <div class=\"label_group checkbox_container\">\n                <input type=\"checkbox\" name=\"consent\" id=\"consent\" aria-required=\"true\" data-error_message=\"To express your interest you need to agree to receive emails from us.\" >\n                <label for=\"consent\" class=\"smaller\">Tha mi ag aontachadh puist-d fhaighinn.<span aria-hidden=\"true\">*<\/span><\/label>\n            <\/div>\n            <input type=\"text\" name=\"require\" placeholder=\"This is bot protection. Don't fill in if you are human\" id=\"hp\">\n            <input type=\"submit\" class=\"button decorative\" id=\"submit\" value=\"Cuir a-steach\" >\n            <p class=\"small\" aria-hidden=\"true\">* Raon a tha a dh\u00ecth<\/p>\n        <\/form> \n    <\/div>\n","protected":false},"excerpt":{"rendered":"","protected":false},"author":5,"featured_media":0,"parent":0,"menu_order":0,"comment_status":"closed","ping_status":"closed","template":"","meta":{"_acf_changed":false,"bsl_video":true,"register_block":true,"footnotes":""},"class_list":["post-1238","page","type-page","status-publish","hentry"],"acf":{"enable_signapse":true},"yoast_head":"<!-- This site is optimized with the Yoast SEO plugin v27.3 - https:\/\/yoast.com\/product\/yoast-seo-wordpress\/ -->\n<title>All In do Dhaoine le Ciorram - All In<\/title>\n<meta name=\"description\" content=\"Tha All In airson gum bi f\u00e0ilte air a h-uile duine. Sin as coireach gu bheil sinn ag obair leis an roinn chruthachail is chultarail gus ruigsinneachd a leasachadh do dhaoine B\/bodhar, ciorramach agus ni\u00f9ro-iomsgarach.\" \/>\n<meta name=\"robots\" content=\"index, follow, max-snippet:-1, max-image-preview:large, max-video-preview:-1\" \/>\n<link rel=\"canonical\" href=\"https:\/\/allin.online\/gd-gb\/all-in-airson-daoine-le-feumalachdan-ruigsinneachd\/\" \/>\n<meta property=\"og:locale\" content=\"en_US\" \/>\n<meta property=\"og:type\" content=\"article\" \/>\n<meta property=\"og:title\" content=\"All In do Dhaoine le Ciorram - All In\" \/>\n<meta property=\"og:description\" content=\"Tha All In airson gum bi f\u00e0ilte air a h-uile duine. Sin as coireach gu bheil sinn ag obair leis an roinn chruthachail is chultarail gus ruigsinneachd a leasachadh do dhaoine B\/bodhar, ciorramach agus ni\u00f9ro-iomsgarach.\" \/>\n<meta property=\"og:url\" content=\"https:\/\/allin.online\/gd-gb\/all-in-airson-daoine-le-feumalachdan-ruigsinneachd\/\" \/>\n<meta property=\"og:site_name\" content=\"All In\" \/>\n<meta property=\"article:modified_time\" content=\"2026-01-26T12:00:30+00:00\" \/>\n<meta property=\"og:image\" content=\"https:\/\/allinstaging-3tc9g.projectbeta.co.uk\/wp-content\/uploads\/2023\/10\/Access-Scheme-v1.2-HRes-2771-LR--scaled.jpg\" \/>\n<meta name=\"twitter:card\" content=\"summary_large_image\" \/>\n<meta name=\"twitter:label1\" content=\"Est. reading time\" \/>\n\t<meta name=\"twitter:data1\" content=\"3 minutes\" \/>\n<script type=\"application\/ld+json\" class=\"yoast-schema-graph\">{\"@context\":\"https:\\\/\\\/schema.org\",\"@graph\":[{\"@type\":\"WebPage\",\"@id\":\"https:\\\/\\\/allin.online\\\/gd-gb\\\/all-in-airson-daoine-le-feumalachdan-ruigsinneachd\\\/\",\"url\":\"https:\\\/\\\/allin.online\\\/gd-gb\\\/all-in-airson-daoine-le-feumalachdan-ruigsinneachd\\\/\",\"name\":\"All In do Dhaoine le Ciorram - All In\",\"isPartOf\":{\"@id\":\"https:\\\/\\\/allin.online\\\/gd-gb\\\/#website\"},\"primaryImageOfPage\":{\"@id\":\"https:\\\/\\\/allin.online\\\/gd-gb\\\/all-in-airson-daoine-le-feumalachdan-ruigsinneachd\\\/#primaryimage\"},\"image\":{\"@id\":\"https:\\\/\\\/allin.online\\\/gd-gb\\\/all-in-airson-daoine-le-feumalachdan-ruigsinneachd\\\/#primaryimage\"},\"thumbnailUrl\":\"https:\\\/\\\/allinstaging-3tc9g.projectbeta.co.uk\\\/wp-content\\\/uploads\\\/2023\\\/10\\\/Access-Scheme-v1.2-HRes-2771-LR--scaled.jpg\",\"datePublished\":\"2023-10-09T14:52:01+00:00\",\"dateModified\":\"2026-01-26T12:00:30+00:00\",\"description\":\"Tha All In airson gum bi f\u00e0ilte air a h-uile duine. Sin as coireach gu bheil sinn ag obair leis an roinn chruthachail is chultarail gus ruigsinneachd a leasachadh do dhaoine B\\\/bodhar, ciorramach agus ni\u00f9ro-iomsgarach.\",\"breadcrumb\":{\"@id\":\"https:\\\/\\\/allin.online\\\/gd-gb\\\/all-in-airson-daoine-le-feumalachdan-ruigsinneachd\\\/#breadcrumb\"},\"inLanguage\":\"gd-GB\",\"potentialAction\":[{\"@type\":\"ReadAction\",\"target\":[\"https:\\\/\\\/allin.online\\\/gd-gb\\\/all-in-airson-daoine-le-feumalachdan-ruigsinneachd\\\/\"]}]},{\"@type\":\"ImageObject\",\"inLanguage\":\"gd-GB\",\"@id\":\"https:\\\/\\\/allin.online\\\/gd-gb\\\/all-in-airson-daoine-le-feumalachdan-ruigsinneachd\\\/#primaryimage\",\"url\":\"https:\\\/\\\/allinstaging-3tc9g.projectbeta.co.uk\\\/wp-content\\\/uploads\\\/2023\\\/10\\\/Access-Scheme-v1.2-HRes-2771-LR--scaled.jpg\",\"contentUrl\":\"https:\\\/\\\/allinstaging-3tc9g.projectbeta.co.uk\\\/wp-content\\\/uploads\\\/2023\\\/10\\\/Access-Scheme-v1.2-HRes-2771-LR--scaled.jpg\"},{\"@type\":\"BreadcrumbList\",\"@id\":\"https:\\\/\\\/allin.online\\\/gd-gb\\\/all-in-airson-daoine-le-feumalachdan-ruigsinneachd\\\/#breadcrumb\",\"itemListElement\":[{\"@type\":\"ListItem\",\"position\":1,\"name\":\"Duilleag-dhachaigh\",\"item\":\"https:\\\/\\\/allin.online\\\/gd-gb\\\/\"},{\"@type\":\"ListItem\",\"position\":2,\"name\":\"All In do Dhaoine le Ciorram\"}]},{\"@type\":\"WebSite\",\"@id\":\"https:\\\/\\\/allin.online\\\/gd-gb\\\/#website\",\"url\":\"https:\\\/\\\/allin.online\\\/gd-gb\\\/\",\"name\":\"All in\",\"description\":\"Tha f\u00e0ilte air a h-uile duine\",\"publisher\":{\"@id\":\"https:\\\/\\\/allin.online\\\/gd-gb\\\/#organization\"},\"potentialAction\":[{\"@type\":\"SearchAction\",\"target\":{\"@type\":\"EntryPoint\",\"urlTemplate\":\"https:\\\/\\\/allin.online\\\/gd-gb\\\/?s={search_term_string}\"},\"query-input\":{\"@type\":\"PropertyValueSpecification\",\"valueRequired\":true,\"valueName\":\"search_term_string\"}}],\"inLanguage\":\"gd-GB\"},{\"@type\":\"Organization\",\"@id\":\"https:\\\/\\\/allin.online\\\/gd-gb\\\/#organization\",\"name\":\"All in\",\"url\":\"https:\\\/\\\/allin.online\\\/gd-gb\\\/\",\"logo\":{\"@type\":\"ImageObject\",\"inLanguage\":\"gd-GB\",\"@id\":\"https:\\\/\\\/allin.online\\\/gd-gb\\\/#\\\/schema\\\/logo\\\/image\\\/\",\"url\":\"https:\\\/\\\/allin.online\\\/wp-content\\\/uploads\\\/2023\\\/11\\\/696x696.png\",\"contentUrl\":\"https:\\\/\\\/allin.online\\\/wp-content\\\/uploads\\\/2023\\\/11\\\/696x696.png\",\"width\":696,\"height\":696,\"caption\":\"All in\"},\"image\":{\"@id\":\"https:\\\/\\\/allin.online\\\/gd-gb\\\/#\\\/schema\\\/logo\\\/image\\\/\"}}]}<\/script>\n<!-- \/ Yoast SEO plugin. -->","yoast_head_json":{"title":"All In do Dhaoine le Ciorram - All In","description":"Tha All In airson gum bi f\u00e0ilte air a h-uile duine. Sin as coireach gu bheil sinn ag obair leis an roinn chruthachail is chultarail gus ruigsinneachd a leasachadh do dhaoine B\/bodhar, ciorramach agus ni\u00f9ro-iomsgarach.","robots":{"index":"index","follow":"follow","max-snippet":"max-snippet:-1","max-image-preview":"max-image-preview:large","max-video-preview":"max-video-preview:-1"},"canonical":"https:\/\/allin.online\/gd-gb\/all-in-airson-daoine-le-feumalachdan-ruigsinneachd\/","og_locale":"en_US","og_type":"article","og_title":"All In do Dhaoine le Ciorram - All In","og_description":"Tha All In airson gum bi f\u00e0ilte air a h-uile duine. Sin as coireach gu bheil sinn ag obair leis an roinn chruthachail is chultarail gus ruigsinneachd a leasachadh do dhaoine B\/bodhar, ciorramach agus ni\u00f9ro-iomsgarach.","og_url":"https:\/\/allin.online\/gd-gb\/all-in-airson-daoine-le-feumalachdan-ruigsinneachd\/","og_site_name":"All In","article_modified_time":"2026-01-26T12:00:30+00:00","og_image":[{"url":"https:\/\/allinstaging-3tc9g.projectbeta.co.uk\/wp-content\/uploads\/2023\/10\/Access-Scheme-v1.2-HRes-2771-LR--scaled.jpg","type":"","width":"","height":""}],"twitter_card":"summary_large_image","twitter_misc":{"Est. reading time":"3 minutes"},"schema":{"@context":"https:\/\/schema.org","@graph":[{"@type":"WebPage","@id":"https:\/\/allin.online\/gd-gb\/all-in-airson-daoine-le-feumalachdan-ruigsinneachd\/","url":"https:\/\/allin.online\/gd-gb\/all-in-airson-daoine-le-feumalachdan-ruigsinneachd\/","name":"All In do Dhaoine le Ciorram - All In","isPartOf":{"@id":"https:\/\/allin.online\/gd-gb\/#website"},"primaryImageOfPage":{"@id":"https:\/\/allin.online\/gd-gb\/all-in-airson-daoine-le-feumalachdan-ruigsinneachd\/#primaryimage"},"image":{"@id":"https:\/\/allin.online\/gd-gb\/all-in-airson-daoine-le-feumalachdan-ruigsinneachd\/#primaryimage"},"thumbnailUrl":"https:\/\/allinstaging-3tc9g.projectbeta.co.uk\/wp-content\/uploads\/2023\/10\/Access-Scheme-v1.2-HRes-2771-LR--scaled.jpg","datePublished":"2023-10-09T14:52:01+00:00","dateModified":"2026-01-26T12:00:30+00:00","description":"Tha All In airson gum bi f\u00e0ilte air a h-uile duine. Sin as coireach gu bheil sinn ag obair leis an roinn chruthachail is chultarail gus ruigsinneachd a leasachadh do dhaoine B\/bodhar, ciorramach agus ni\u00f9ro-iomsgarach.","breadcrumb":{"@id":"https:\/\/allin.online\/gd-gb\/all-in-airson-daoine-le-feumalachdan-ruigsinneachd\/#breadcrumb"},"inLanguage":"gd-GB","potentialAction":[{"@type":"ReadAction","target":["https:\/\/allin.online\/gd-gb\/all-in-airson-daoine-le-feumalachdan-ruigsinneachd\/"]}]},{"@type":"ImageObject","inLanguage":"gd-GB","@id":"https:\/\/allin.online\/gd-gb\/all-in-airson-daoine-le-feumalachdan-ruigsinneachd\/#primaryimage","url":"https:\/\/allinstaging-3tc9g.projectbeta.co.uk\/wp-content\/uploads\/2023\/10\/Access-Scheme-v1.2-HRes-2771-LR--scaled.jpg","contentUrl":"https:\/\/allinstaging-3tc9g.projectbeta.co.uk\/wp-content\/uploads\/2023\/10\/Access-Scheme-v1.2-HRes-2771-LR--scaled.jpg"},{"@type":"BreadcrumbList","@id":"https:\/\/allin.online\/gd-gb\/all-in-airson-daoine-le-feumalachdan-ruigsinneachd\/#breadcrumb","itemListElement":[{"@type":"ListItem","position":1,"name":"Duilleag-dhachaigh","item":"https:\/\/allin.online\/gd-gb\/"},{"@type":"ListItem","position":2,"name":"All In do Dhaoine le Ciorram"}]},{"@type":"WebSite","@id":"https:\/\/allin.online\/gd-gb\/#website","url":"https:\/\/allin.online\/gd-gb\/","name":"All in","description":"Tha f\u00e0ilte air a h-uile duine","publisher":{"@id":"https:\/\/allin.online\/gd-gb\/#organization"},"potentialAction":[{"@type":"SearchAction","target":{"@type":"EntryPoint","urlTemplate":"https:\/\/allin.online\/gd-gb\/?s={search_term_string}"},"query-input":{"@type":"PropertyValueSpecification","valueRequired":true,"valueName":"search_term_string"}}],"inLanguage":"gd-GB"},{"@type":"Organization","@id":"https:\/\/allin.online\/gd-gb\/#organization","name":"All in","url":"https:\/\/allin.online\/gd-gb\/","logo":{"@type":"ImageObject","inLanguage":"gd-GB","@id":"https:\/\/allin.online\/gd-gb\/#\/schema\/logo\/image\/","url":"https:\/\/allin.online\/wp-content\/uploads\/2023\/11\/696x696.png","contentUrl":"https:\/\/allin.online\/wp-content\/uploads\/2023\/11\/696x696.png","width":696,"height":696,"caption":"All in"},"image":{"@id":"https:\/\/allin.online\/gd-gb\/#\/schema\/logo\/image\/"}}]}},"_links":{"self":[{"href":"https:\/\/allin.online\/gd-gb\/wp-json\/wp\/v2\/pages\/1238","targetHints":{"allow":["GET"]}}],"collection":[{"href":"https:\/\/allin.online\/gd-gb\/wp-json\/wp\/v2\/pages"}],"about":[{"href":"https:\/\/allin.online\/gd-gb\/wp-json\/wp\/v2\/types\/page"}],"author":[{"embeddable":true,"href":"https:\/\/allin.online\/gd-gb\/wp-json\/wp\/v2\/users\/5"}],"replies":[{"embeddable":true,"href":"https:\/\/allin.online\/gd-gb\/wp-json\/wp\/v2\/comments?post=1238"}],"version-history":[{"count":10,"href":"https:\/\/allin.online\/gd-gb\/wp-json\/wp\/v2\/pages\/1238\/revisions"}],"predecessor-version":[{"id":2737,"href":"https:\/\/allin.online\/gd-gb\/wp-json\/wp\/v2\/pages\/1238\/revisions\/2737"}],"wp:attachment":[{"href":"https:\/\/allin.online\/gd-gb\/wp-json\/wp\/v2\/media?parent=1238"}],"curies":[{"name":"wp","href":"https:\/\/api.w.org\/{rel}","templated":true}]}}