{"id":868,"date":"2023-10-10T11:07:07","date_gmt":"2023-10-10T11:07:07","guid":{"rendered":"https:\/\/allin.online\/cwcis-a-phreifatrwydd\/"},"modified":"2023-11-27T10:02:50","modified_gmt":"2023-11-27T10:02:50","slug":"cwcis-a-phreifatrwydd","status":"publish","type":"page","link":"https:\/\/allin.online\/cy\/cwcis-a-phreifatrwydd\/","title":{"rendered":"Cwcis a Phreifatrwydd"},"content":{"rendered":"\n<p> <\/p>\n\n\n\n<h3 class=\"wp-block-ace-heading\">Polisi Cwcis<\/h3>\n\n\n\n<p>Dyddiad dod i rym: 03-Tachwedd-2023<br>Diweddarwyd Ddiwethaf: 03-Tach-2023<\/p>\n\n\n\n<p><strong>Beth yw cwcis?<\/strong><\/p>\n\n\n\n<p>Mae&#8217;r Polisi Cwcis hwn yn egluro beth yw cwcis a sut rydym yn eu defnyddio, y math o gwcis rydym yn eu defnyddio h.y, y wybodaeth rydym yn ei chasglu wrth ddefnyddio cwcis a sut mae\u2019r wybodaeth honno\u2019n cael ei defnyddio a sut i addasu\u2019r dewisiadau cwcis.<\/p>\n\n\n\n<p>Ffeiliau testun bychan yw cwcis sy&#8217;n cael eu defnyddio i gadw darnau bach o wybodaeth. Maent yn cael eu cadw ar eich dyfais pan fyddwch yn llwytho\u2019r wefan ar eich porwr. Mae&#8217;r cwcis hyn yn ein helpu ni i wneud i\u2019r wefan weithio\u2019n iawn, i wneud y wefan yn fwy diogel, i ddarparu profiad gwell i\u2019r defnyddiwr, ac i ddeall sut mae\u2019r wefan yn perfformio a dadansoddi beth sy\u2019n gweithio a pha rannau sydd angen eu gwella.<\/p>\n\n\n\n<p><strong>Sut ydym ni\u2019n defnyddio cwcis?<\/strong><\/p>\n\n\n\n<p>Yn yr un modd \u00e2\u2019r rhan fwyaf o wasanaethau ar-lein, mae ein gwefan yn defnyddio cwcis parti cyntaf a chwcis trydydd parti at nifer o ddibenion. Mae&#8217;r cwcis parti cyntaf yn angenrheidiol er mwyn i\u2019r wefan weithio\u2019n iawn, a dydyn nhw ddim yn casglu data sy\u2019n gallu datgelu pwy ydych chi.<\/p>\n\n\n\n<p>Diben y cwcis trydydd parti a ddefnyddir ar ein gwefannau yn bennaf yw er mwyn deall sut mae\u2019r wefan yn perfformio, sut rydych chi\u2019n rhyngweithio \u00e2\u2019n gwefan, cadw ein gwasanaethau\u2019n ddiogel, darparu hysbysebion sy\u2019n berthnasol i chi a darparu, drwyddi draw, brofiad gwell i chi fel defnyddiwr a helpu i gyflymu pethau pan fyddwch yn mynd i\u2019r wefan i\u2019r dyfodol.<\/p>\n\n\n\n<p><strong>Y mathau o gwcis rydym ni\u2019n eu defnyddio<\/strong><\/p>\n\n\n\n<p>Angenrheidiol<\/p>\n\n\n\n<p>Mae angen cwcis angenrheidiol i alluogi nodweddion sylfaenol y wefan hon, fel mewngofnodi\u2019n ddiogel neu addasu eich dewisiadau caniat\u00e2d. Nid yw\u2019r cwcis hyn yn storio unrhyw wybodaeth sy\u2019n gallu datgelu pwy ydych chi.<\/p>\n\n\n\n<p>Cwcis: __cf_bm<\/p>\n\n\n\n<p>Hyd: 29 munud<\/p>\n\n\n\n<p>Disgrifiad: Mae\u2019r cwci hwn, sydd wedi\u2019i osod gan Cloudflare, yn cael ei ddefnyddio i gefnogi Cloudflare Bot Management.<\/p>\n\n\n\n<p>Cwcis: cookieyes-consent<\/p>\n\n\n\n<p>Hyd: 1 flwyddyn<\/p>\n\n\n\n<p>Disgrifiad: Mae CookieYes yn gosod y cwci hwn i gofio dewisiadau caniat\u00e2d defnyddwyr fel bod eu dewisiadau\u2019n cael eu parchu pan ddychwelant i\u2019r wefan hon. Nid yw\u2019n casglu nac yn storio unrhyw wybodaeth bersonol am ymwelwyr \u00e2\u2019r wefan.<\/p>\n\n\n\n<p><strong>Swyddogaethol<\/strong><\/p>\n\n\n\n<p>Mae cwcis swyddogaethol yn helpu i gyflawni rhai swyddogaethau penodol fel rhannu cynnwys y wefan ar lwyfannau cyfryngau cymdeithasol, casglu adborth, a nodweddion trydydd parti eraill.<\/p>\n\n\n\n<p>Cwcis: wp-wpml_current_language<\/p>\n\n\n\n<p>Hyd: sesiwn<\/p>\n\n\n\n<p>Disgrifiad: Mae ategyn amlieithog WordPress yn gosod y cwci hwn i storio\u2019r iaith\/gosodiadau iaith presennol.<\/p>\n\n\n\n<p><strong>Dadansoddeg<\/strong><\/p>\n\n\n\n<p>Defnyddir cwcis dadansoddol i ddeall sut mae ymwelwyr yn rhyngweithio \u00e2\u2019r wefan. Mae\u2019r cwcis hyn yn helpu i ddarparu gwybodaeth am fetrigau fel nifer yr ymwelwyr, cyfradd bownsio, ffynhonnell traffig, ac ati.<\/p>\n\n\n\n<p>Cwcis: _ga_*<\/p>\n\n\n\n<p>Hyd: 1 flwyddyn 1 mis 4 diwrnod<\/p>\n\n\n\n<p>Disgrifiad: Mae Google Analytics yn gosod y cwci hwn i storio a chyfrif yr ymweliadau \u00e2 thudalennau.<\/p>\n\n\n\n<p>Cwcis: _ga<\/p>\n\n\n\n<p>Hyd: 1 flwyddyn 1 mis 4 diwrnod<\/p>\n\n\n\n<p>Disgrifiad: Mae Google Analytics yn gosod y cwci hwn i gyfrifo data ymwelwyr, sesiynau ac ymgyrchoedd ac i olrhain faint a ddefnyddir ar y wefan ar gyfer adroddiad dadansoddi\u2019r wefan. Mae\u2019r cwci yn storio gwybodaeth yn ddienw ac yn neilltuo rhif a gynhyrchir ar hap i adnabod ymwelwyr unigryw.<\/p>\n\n\n\n<p><strong>Gosod dewisiadau cwcis<\/strong><\/p>\n\n\n\n<p>Gallwch newid eich dewisiadau cwcis unrhyw bryd drwy glicio\u2019r botwm \u201cGosod eich dewisiadau cwcis\u201d yng nghornel chwith isaf y sgrin. Bydd hyn yn gadael i chi ailedrych ar y faner caniat\u00e2d cwcis a newid eich dewisiadau neu dynnu eich caniat\u00e2d yn \u00f4l ar unwaith.<\/p>\n\n\n\n<p>Hefyd, mae porwyr gwahanol yn cynnig ffyrdd gwahanol o rwystro a dileu\u2019r cwcis a ddefnyddir gan wefannau. Gallwch newid gosodiadau eich porwr i rwystro\/dileu\u2019r cwcis. Rhestrir isod y dolenni i\u2019r dogfennau cymorth ar sut i reoli a dileu cwcis o\u2019r prif borwyr gwe.<\/p>\n\n\n\n<p>Os ydych chi\u2019n defnyddio unrhyw borwr gwe arall, ewch i ddogfennau cymorth swyddogol eich porwr.<\/p>\n\n\n\n<p>Polisi Cwcis a Gynhyrchir Gan <a href=\"https:\/\/www.cookieyes.com\/?utm_source=CP&amp;utm_medium=footer&amp;utm_campaign=UW\" target=\"_blank\" rel=\"noreferrer noopener\">CookieYes \u2013 Cookie Policy Generator<\/a>.<\/p>\n","protected":false},"excerpt":{"rendered":"<p>Dyddiad dod i rym: 03-Tachwedd-2023Diweddarwyd Ddiwethaf: 03-Tach-2023 Beth yw cwcis? Mae&#8217;r Polisi Cwcis hwn yn egluro beth yw cwcis a sut rydym yn eu defnyddio, y math o gwcis rydym yn eu defnyddio h.y, y wybodaeth rydym yn ei chasglu wrth ddefnyddio cwcis a sut mae\u2019r wybodaeth honno\u2019n cael ei defnyddio a sut i addasu\u2019r [&hellip;]<\/p>\n","protected":false},"author":4,"featured_media":0,"parent":0,"menu_order":0,"comment_status":"closed","ping_status":"closed","template":"","meta":{"_acf_changed":false,"bsl_video":false,"register_block":false,"footnotes":""},"class_list":["post-868","page","type-page","status-publish","hentry"],"acf":{"enable_signapse":true},"yoast_head":"<!-- This site is optimized with the Yoast SEO plugin v27.3 - https:\/\/yoast.com\/product\/yoast-seo-wordpress\/ -->\n<title>Cwcis a Phreifatrwydd - All In<\/title>\n<meta name=\"description\" content=\"Mae All In yn credu y dylai creadigrwydd a diwylliant fod yn hygyrch i bawb. Dyna pam ein bod yn datblygu cynllun mynediad ledled y DU.\" \/>\n<meta name=\"robots\" content=\"index, follow, max-snippet:-1, max-image-preview:large, max-video-preview:-1\" \/>\n<link rel=\"canonical\" href=\"https:\/\/allin.online\/cy\/cwcis-a-phreifatrwydd\/\" \/>\n<meta property=\"og:locale\" content=\"cy_GB\" \/>\n<meta property=\"og:type\" content=\"article\" \/>\n<meta property=\"og:title\" content=\"Cwcis a Phreifatrwydd - All In\" \/>\n<meta property=\"og:description\" content=\"Mae All In yn credu y dylai creadigrwydd a diwylliant fod yn hygyrch i bawb. Dyna pam ein bod yn datblygu cynllun mynediad ledled y DU.\" \/>\n<meta property=\"og:url\" content=\"https:\/\/allin.online\/cy\/cwcis-a-phreifatrwydd\/\" \/>\n<meta property=\"og:site_name\" content=\"All In\" \/>\n<meta property=\"article:modified_time\" content=\"2023-11-27T10:02:50+00:00\" \/>\n<meta property=\"og:image\" content=\"https:\/\/allin.online\/wp-content\/uploads\/2023\/11\/All-In_OG-image.png\" \/>\n\t<meta property=\"og:image:width\" content=\"1200\" \/>\n\t<meta property=\"og:image:height\" content=\"675\" \/>\n\t<meta property=\"og:image:type\" content=\"image\/png\" \/>\n<meta name=\"twitter:card\" content=\"summary_large_image\" \/>\n<meta name=\"twitter:label1\" content=\"Est. reading time\" \/>\n\t<meta name=\"twitter:data1\" content=\"3 minutes\" \/>\n<script type=\"application\/ld+json\" class=\"yoast-schema-graph\">{\"@context\":\"https:\\\/\\\/schema.org\",\"@graph\":[{\"@type\":\"WebPage\",\"@id\":\"https:\\\/\\\/allin.online\\\/cy\\\/cwcis-a-phreifatrwydd\\\/\",\"url\":\"https:\\\/\\\/allin.online\\\/cy\\\/cwcis-a-phreifatrwydd\\\/\",\"name\":\"Cwcis a Phreifatrwydd - All In\",\"isPartOf\":{\"@id\":\"https:\\\/\\\/allin.online\\\/cy\\\/#website\"},\"datePublished\":\"2023-10-10T11:07:07+00:00\",\"dateModified\":\"2023-11-27T10:02:50+00:00\",\"description\":\"Mae All In yn credu y dylai creadigrwydd a diwylliant fod yn hygyrch i bawb. Dyna pam ein bod yn datblygu cynllun mynediad ledled y DU.\",\"breadcrumb\":{\"@id\":\"https:\\\/\\\/allin.online\\\/cy\\\/cwcis-a-phreifatrwydd\\\/#breadcrumb\"},\"inLanguage\":\"cy-GB\",\"potentialAction\":[{\"@type\":\"ReadAction\",\"target\":[\"https:\\\/\\\/allin.online\\\/cy\\\/cwcis-a-phreifatrwydd\\\/\"]}]},{\"@type\":\"BreadcrumbList\",\"@id\":\"https:\\\/\\\/allin.online\\\/cy\\\/cwcis-a-phreifatrwydd\\\/#breadcrumb\",\"itemListElement\":[{\"@type\":\"ListItem\",\"position\":1,\"name\":\"Hafan\",\"item\":\"https:\\\/\\\/allin.online\\\/cy\\\/\"},{\"@type\":\"ListItem\",\"position\":2,\"name\":\"Cwcis a Phreifatrwydd\"}]},{\"@type\":\"WebSite\",\"@id\":\"https:\\\/\\\/allin.online\\\/cy\\\/#website\",\"url\":\"https:\\\/\\\/allin.online\\\/cy\\\/\",\"name\":\"All in\",\"description\":\"Croeso i bawb\",\"publisher\":{\"@id\":\"https:\\\/\\\/allin.online\\\/cy\\\/#organization\"},\"potentialAction\":[{\"@type\":\"SearchAction\",\"target\":{\"@type\":\"EntryPoint\",\"urlTemplate\":\"https:\\\/\\\/allin.online\\\/cy\\\/?s={search_term_string}\"},\"query-input\":{\"@type\":\"PropertyValueSpecification\",\"valueRequired\":true,\"valueName\":\"search_term_string\"}}],\"inLanguage\":\"cy-GB\"},{\"@type\":\"Organization\",\"@id\":\"https:\\\/\\\/allin.online\\\/cy\\\/#organization\",\"name\":\"All in\",\"url\":\"https:\\\/\\\/allin.online\\\/cy\\\/\",\"logo\":{\"@type\":\"ImageObject\",\"inLanguage\":\"cy-GB\",\"@id\":\"https:\\\/\\\/allin.online\\\/cy\\\/#\\\/schema\\\/logo\\\/image\\\/\",\"url\":\"https:\\\/\\\/allin.online\\\/wp-content\\\/uploads\\\/2023\\\/11\\\/696x696.png\",\"contentUrl\":\"https:\\\/\\\/allin.online\\\/wp-content\\\/uploads\\\/2023\\\/11\\\/696x696.png\",\"width\":696,\"height\":696,\"caption\":\"All in\"},\"image\":{\"@id\":\"https:\\\/\\\/allin.online\\\/cy\\\/#\\\/schema\\\/logo\\\/image\\\/\"}}]}<\/script>\n<!-- \/ Yoast SEO plugin. -->","yoast_head_json":{"title":"Cwcis a Phreifatrwydd - All In","description":"Mae All In yn credu y dylai creadigrwydd a diwylliant fod yn hygyrch i bawb. Dyna pam ein bod yn datblygu cynllun mynediad ledled y DU.","robots":{"index":"index","follow":"follow","max-snippet":"max-snippet:-1","max-image-preview":"max-image-preview:large","max-video-preview":"max-video-preview:-1"},"canonical":"https:\/\/allin.online\/cy\/cwcis-a-phreifatrwydd\/","og_locale":"cy_GB","og_type":"article","og_title":"Cwcis a Phreifatrwydd - All In","og_description":"Mae All In yn credu y dylai creadigrwydd a diwylliant fod yn hygyrch i bawb. Dyna pam ein bod yn datblygu cynllun mynediad ledled y DU.","og_url":"https:\/\/allin.online\/cy\/cwcis-a-phreifatrwydd\/","og_site_name":"All In","article_modified_time":"2023-11-27T10:02:50+00:00","og_image":[{"width":1200,"height":675,"url":"https:\/\/allin.online\/wp-content\/uploads\/2023\/11\/All-In_OG-image.png","type":"image\/png"}],"twitter_card":"summary_large_image","twitter_misc":{"Est. reading time":"3 minutes"},"schema":{"@context":"https:\/\/schema.org","@graph":[{"@type":"WebPage","@id":"https:\/\/allin.online\/cy\/cwcis-a-phreifatrwydd\/","url":"https:\/\/allin.online\/cy\/cwcis-a-phreifatrwydd\/","name":"Cwcis a Phreifatrwydd - All In","isPartOf":{"@id":"https:\/\/allin.online\/cy\/#website"},"datePublished":"2023-10-10T11:07:07+00:00","dateModified":"2023-11-27T10:02:50+00:00","description":"Mae All In yn credu y dylai creadigrwydd a diwylliant fod yn hygyrch i bawb. Dyna pam ein bod yn datblygu cynllun mynediad ledled y DU.","breadcrumb":{"@id":"https:\/\/allin.online\/cy\/cwcis-a-phreifatrwydd\/#breadcrumb"},"inLanguage":"cy-GB","potentialAction":[{"@type":"ReadAction","target":["https:\/\/allin.online\/cy\/cwcis-a-phreifatrwydd\/"]}]},{"@type":"BreadcrumbList","@id":"https:\/\/allin.online\/cy\/cwcis-a-phreifatrwydd\/#breadcrumb","itemListElement":[{"@type":"ListItem","position":1,"name":"Hafan","item":"https:\/\/allin.online\/cy\/"},{"@type":"ListItem","position":2,"name":"Cwcis a Phreifatrwydd"}]},{"@type":"WebSite","@id":"https:\/\/allin.online\/cy\/#website","url":"https:\/\/allin.online\/cy\/","name":"All in","description":"Croeso i bawb","publisher":{"@id":"https:\/\/allin.online\/cy\/#organization"},"potentialAction":[{"@type":"SearchAction","target":{"@type":"EntryPoint","urlTemplate":"https:\/\/allin.online\/cy\/?s={search_term_string}"},"query-input":{"@type":"PropertyValueSpecification","valueRequired":true,"valueName":"search_term_string"}}],"inLanguage":"cy-GB"},{"@type":"Organization","@id":"https:\/\/allin.online\/cy\/#organization","name":"All in","url":"https:\/\/allin.online\/cy\/","logo":{"@type":"ImageObject","inLanguage":"cy-GB","@id":"https:\/\/allin.online\/cy\/#\/schema\/logo\/image\/","url":"https:\/\/allin.online\/wp-content\/uploads\/2023\/11\/696x696.png","contentUrl":"https:\/\/allin.online\/wp-content\/uploads\/2023\/11\/696x696.png","width":696,"height":696,"caption":"All in"},"image":{"@id":"https:\/\/allin.online\/cy\/#\/schema\/logo\/image\/"}}]}},"_links":{"self":[{"href":"https:\/\/allin.online\/cy\/wp-json\/wp\/v2\/pages\/868","targetHints":{"allow":["GET"]}}],"collection":[{"href":"https:\/\/allin.online\/cy\/wp-json\/wp\/v2\/pages"}],"about":[{"href":"https:\/\/allin.online\/cy\/wp-json\/wp\/v2\/types\/page"}],"author":[{"embeddable":true,"href":"https:\/\/allin.online\/cy\/wp-json\/wp\/v2\/users\/4"}],"replies":[{"embeddable":true,"href":"https:\/\/allin.online\/cy\/wp-json\/wp\/v2\/comments?post=868"}],"version-history":[{"count":7,"href":"https:\/\/allin.online\/cy\/wp-json\/wp\/v2\/pages\/868\/revisions"}],"predecessor-version":[{"id":1207,"href":"https:\/\/allin.online\/cy\/wp-json\/wp\/v2\/pages\/868\/revisions\/1207"}],"wp:attachment":[{"href":"https:\/\/allin.online\/cy\/wp-json\/wp\/v2\/media?parent=868"}],"curies":[{"name":"wp","href":"https:\/\/api.w.org\/{rel}","templated":true}]}}