{"id":3799,"date":"2025-09-04T06:23:47","date_gmt":"2025-09-04T06:23:47","guid":{"rendered":"https:\/\/allin.online\/all-in-ar-gyfer-y-sector\/sign-up-for-a-free-taster-account\/"},"modified":"2025-09-04T12:49:11","modified_gmt":"2025-09-04T12:49:11","slug":"cofrestrwch-ar-gyfer-cyfrif-blasu-am-ddim","status":"publish","type":"page","link":"https:\/\/allin.online\/cy\/all-in-ar-gyfer-y-sector\/cofrestrwch-ar-gyfer-cyfrif-blasu-am-ddim\/","title":{"rendered":"Cofrestrwch ar gyfer Cyfrif Blasu am ddim"},"content":{"rendered":"\n<div class=\"wp-block-ace-content flex content-content bg_white padding indent two-column\"><div class=\"content_wrapper\"><h3 id=\"page_sub_nav\" class=\"mobile_only\">Archwilio Adnoddau Sector<\/h3><select aria-labelledby=\"page_sub_nav\" class=\"mobile_only\" id=\"nav_select\"><option>Cofrestrwch ar gyfer Cyfrif Blasu am ddim<\/option><option value=\"https:\/\/allin.online\/cy\/all-in-ar-gyfer-y-sector\/\">All In ar gyfer y Sector<\/option><option value=\"https:\/\/allin.online\/cy\/all-in-ar-gyfer-y-sector\/cwestiynau-cyffredin\/\">Cwestiynau Cyffredin<\/option><option value=\"https:\/\/allin.online\/cy\/all-in-ar-gyfer-y-sector\/dod-o-hyd-i-sefydliad-cymorth\/\">Dod o hyd i Sefydliad Cymorth<\/option><option value=\"https:\/\/allin.online\/cy\/tanysgrifiad-all-in\/\">Tanysgrifiad All In<\/option><\/select>\n<div class=\"wp-block-ace-intro content-intro\"><p>Eisiau gwybod mwy am All In? Dyma eich cyfle i edrych ar enghraifft o\u2019n hadnoddau &#8211; ac mae am ddim! <\/p><\/div>\n\n\n\n<p>All In yw&#8217;r cynllun mynediad newydd ar gyfer creadigrwydd a diwylliant. Ei bwrpas yw helpu sefydliadau fel eich un chi i gael gwared ar rwystrau a gwella profiadau i bobl anabl a&#8217;r rhai sydd \u00e2 gofynion mynediad. <\/p>\n\n\n\n<p>Cyn i ni gyflwyno pecynnau tanysgrifio, rydym yn cynnig cyfle i sefydliadau creadigol a diwylliannol sydd wedi&#8217;u <strong>lleoli yn Lloegr<\/strong> weld rhai o&#8217;n nodweddion allweddol am ddim. <\/p>\n\n\n\n<p><a href=\"https:\/\/allin.online\/cy\/sign-up\/\">Cofrestrwch i gael cipolwg cyntaf ar yr hyn sydd i ddod gyda chyfrif llawn!<\/a><\/p>\n\n\n\n<p>Os ydych chi wedi&#8217;ch lleoli mewn mannau eraill yn y DU ac Iwerddon, <a href=\"https:\/\/allin.online\/#express_your_interest\">mynegwch eich diddordeb<\/a>, a byddwn yn rhoi gwybod i chi cyn gynted ag y bydd Cyfrifon Blasu ar gael yn eich gwlad<\/p>\n\n\n\n<div class=\"wp-block-ace-image content-image alt-block\"><figure class=\"fill block-image alt-block\"><img decoding=\"async\" src=\"https:\/\/allin.online\/wp-content\/uploads\/2023\/10\/Access-Scheme-v1.2-HRes-2981-LR--scaled.jpg\" alt=\"A black woman with a learning disability admires a grand theatre.\"\/><div class=\"alt_block\"><button class=\"alt_trigger\" aria-label=\"Open the Image Description\">Alt<\/button><div class=\"alt_modal\" id=\"image_block_317\" role=\"dialog\" aria-label=\"Image Description\" aria-describedby=\"desc_image_block_317\"><p id=\"desc_image_block_317\">A black woman with a learning disability admires a grand theatre.<\/p><button class=\"close\">Close <span class=\"screen-reader-text\">Image Description<\/span><\/button><\/div><\/div><\/figure><figcaption><p class=\"caption has-small-font-size\">Photos by Karol Wyszynski<\/p><\/figcaption><\/div>\n\n\n\n<h2 class=\"wp-block-ace-heading\"><strong>Beth sydd wedi\u2019i gynnwys yn eich Cyfrif Blasu?<\/strong><\/h2>\n\n\n\n<h4 class=\"wp-block-ace-heading\"><br><br>Cr\u00ebwch eich lleoliad proffil hygyrchedd<\/h4>\n\n\n\n<p>Dilynwch ein proses gam wrth gam clir i adolygu pa ddarpariaethau mynediad sydd gennych eisoes ar waith. Trwy greu proffil mynediad ar gyfer eich lleoliad, mae hwn yn gyfle i hunan-archwilio&#8217;ch lleoliad, deall eich darpariaethau mynediad presennol a ble yr hoffech wneud mwy. Cymerwch y cam cyntaf i nodi beth sy&#8217;n gweithio, beth allai fod yn well, a pharatoi cynllun gweithredu ar gyfer gwella.  <\/p>\n\n\n\n<h4 class=\"wp-block-ace-heading\">Gweld enghraifft ymlaen llaw o\u2019n Safonau Hygyrchedd <\/h4>\n\n\n\n<p>Beth am weld safonau hygyrchedd cyntaf y DU ac Iwerddon ar gyfer creadigrwydd a diwylliant. P&#8217;un a ydych chi&#8217;n ystyried uwchraddio&#8217;ch toiledau hygyrch neu ddeall sut y gall hyfforddiant staff roi hwb i hyder a chyfathrebu \u00e2 phobl anabl, bydd ein Safonau yn rhoi arweiniad clir ac ymarferol i chi wneud gwelliannau.<\/p>\n\n\n\n<p>Bydd y Safonau\u2019n cynnwys:<\/p>\n\n\n\n<ul class=\"wp-block-list\">\n<li>yr Amgylchedd Adeiledig<\/li>\n\n\n\n<li>Cyfathrebu Digidol<\/li>\n\n\n\n<li>Profiadau Creadigol a Diwylliannol<\/li>\n\n\n\n<li>Gwasanaeth Cwsmeriaid<\/li>\n<\/ul>\n\n\n\n<p>Ar \u00f4l i chi fewngofnodi, gallwch sefydlu Cyfrif Blasu eich sefydliad. Dyma lle y gallwch chi a&#8217;ch t\u00eem weithio gyda&#8217;ch gilydd ar All In. Ar \u00f4l ei gyflwyno, bydd ein t\u00eem yn ei adolygu i wneud yn si\u0175r bod popeth mewn trefn.  <\/p>\n\n\n\n<p>Peidiwch \u00e2 phoeni, byddwn yn rhoi gwybod i chi pan fyddwch chi&#8217;n barod, yna gallwch fewngofnodi a dechrau arni!<\/p>\n<\/div><aside class=\"sidebar flex-item\"><h3 id=\"page_sub_nav\">Archwilio Adnoddau Sector<\/h3><nav class=\"sub-nav\"><ul><li class=\"nav-item\"><a href=\"https:\/\/allin.online\/cy\/all-in-ar-gyfer-y-sector\/\">All In ar gyfer y Sector<\/a><\/li><li class=\"nav-item\"><a href=\"https:\/\/allin.online\/cy\/all-in-ar-gyfer-y-sector\/cwestiynau-cyffredin\/\">Cwestiynau Cyffredin<\/a><\/li><li class=\"nav-item\"><a href=\"https:\/\/allin.online\/cy\/all-in-ar-gyfer-y-sector\/dod-o-hyd-i-sefydliad-cymorth\/\">Dod o hyd i Sefydliad Cymorth<\/a><\/li><li class=\"nav-item\"><a href=\"https:\/\/allin.online\/cy\/tanysgrifiad-all-in\/\">Tanysgrifiad All In<\/a><\/li><li class=\"active\" aria-current=\"true\">Cofrestrwch ar gyfer Cyfrif Blasu am ddim<\/li><\/ul><\/nav><\/aside><\/div>\n\n\n<div class=\"wp-block-ace-support-footer\">\n\t\t<div class=\"block bg-primary-primary_sub padding\">\n\t\t<h2 class=\"secondary_sub\"><\/h2>\n\t\t\n\t\t<\/div>\n\t<\/div>\n\n<div class=\"wp-block-ace-support-footer\">\n\t\t<div class=\"block bg-primary-primary_sub padding\">\n\t\t<h2 class=\"secondary_sub\">Rydyn All In. Ydych chi?<\/h2>\n\t\t<a href=https:\/\/allin.online\/cy\/sign-up\/ class=\"button decorative\"><strong>Cr\u00ebwch eich Cyfrif Blasu<\/strong><\/a>\n\t\t<\/div>\n\t<\/div>","protected":false},"excerpt":{"rendered":"","protected":false},"author":1,"featured_media":0,"parent":781,"menu_order":0,"comment_status":"closed","ping_status":"closed","template":"","meta":{"_acf_changed":false,"bsl_video":false,"register_block":false,"footnotes":""},"class_list":["post-3799","page","type-page","status-publish","hentry"],"acf":{"enable_signapse":true},"yoast_head":"<!-- This site is optimized with the Yoast SEO plugin v27.3 - https:\/\/yoast.com\/product\/yoast-seo-wordpress\/ -->\n<title>Cofrestrwch ar gyfer Cyfrif Blasu am ddim - All In<\/title>\n<meta name=\"description\" content=\"All In believes creativity and culture should be accessible to everyone. That\u2019s why we are developing a UK-wide access scheme.\" \/>\n<meta name=\"robots\" content=\"index, follow, max-snippet:-1, max-image-preview:large, max-video-preview:-1\" \/>\n<link rel=\"canonical\" href=\"https:\/\/allin.online\/cy\/all-in-ar-gyfer-y-sector\/cofrestrwch-ar-gyfer-cyfrif-blasu-am-ddim\/\" \/>\n<meta property=\"og:locale\" content=\"cy_GB\" \/>\n<meta property=\"og:type\" content=\"article\" \/>\n<meta property=\"og:title\" content=\"Cofrestrwch ar gyfer Cyfrif Blasu am ddim - All In\" \/>\n<meta property=\"og:description\" content=\"All In believes creativity and culture should be accessible to everyone. That\u2019s why we are developing a UK-wide access scheme.\" \/>\n<meta property=\"og:url\" content=\"https:\/\/allin.online\/cy\/all-in-ar-gyfer-y-sector\/cofrestrwch-ar-gyfer-cyfrif-blasu-am-ddim\/\" \/>\n<meta property=\"og:site_name\" content=\"All In\" \/>\n<meta property=\"article:modified_time\" content=\"2025-09-04T12:49:11+00:00\" \/>\n<meta property=\"og:image\" content=\"https:\/\/allin.online\/wp-content\/uploads\/2023\/10\/Access-Scheme-v1.2-HRes-2981-LR--scaled.jpg\" \/>\n<meta name=\"twitter:card\" content=\"summary_large_image\" \/>\n<meta name=\"twitter:label1\" content=\"Est. reading time\" \/>\n\t<meta name=\"twitter:data1\" content=\"2 minutes\" \/>\n<script type=\"application\/ld+json\" class=\"yoast-schema-graph\">{\"@context\":\"https:\\\/\\\/schema.org\",\"@graph\":[{\"@type\":\"WebPage\",\"@id\":\"https:\\\/\\\/allin.online\\\/cy\\\/all-in-ar-gyfer-y-sector\\\/cofrestrwch-ar-gyfer-cyfrif-blasu-am-ddim\\\/\",\"url\":\"https:\\\/\\\/allin.online\\\/cy\\\/all-in-ar-gyfer-y-sector\\\/cofrestrwch-ar-gyfer-cyfrif-blasu-am-ddim\\\/\",\"name\":\"Cofrestrwch ar gyfer Cyfrif Blasu am ddim - All In\",\"isPartOf\":{\"@id\":\"https:\\\/\\\/allin.online\\\/cy\\\/#website\"},\"primaryImageOfPage\":{\"@id\":\"https:\\\/\\\/allin.online\\\/cy\\\/all-in-ar-gyfer-y-sector\\\/cofrestrwch-ar-gyfer-cyfrif-blasu-am-ddim\\\/#primaryimage\"},\"image\":{\"@id\":\"https:\\\/\\\/allin.online\\\/cy\\\/all-in-ar-gyfer-y-sector\\\/cofrestrwch-ar-gyfer-cyfrif-blasu-am-ddim\\\/#primaryimage\"},\"thumbnailUrl\":\"https:\\\/\\\/allin.online\\\/wp-content\\\/uploads\\\/2023\\\/10\\\/Access-Scheme-v1.2-HRes-2981-LR--scaled.jpg\",\"datePublished\":\"2025-09-04T06:23:47+00:00\",\"dateModified\":\"2025-09-04T12:49:11+00:00\",\"description\":\"All In believes creativity and culture should be accessible to everyone. That\u2019s why we are developing a UK-wide access scheme.\",\"breadcrumb\":{\"@id\":\"https:\\\/\\\/allin.online\\\/cy\\\/all-in-ar-gyfer-y-sector\\\/cofrestrwch-ar-gyfer-cyfrif-blasu-am-ddim\\\/#breadcrumb\"},\"inLanguage\":\"cy-GB\",\"potentialAction\":[{\"@type\":\"ReadAction\",\"target\":[\"https:\\\/\\\/allin.online\\\/cy\\\/all-in-ar-gyfer-y-sector\\\/cofrestrwch-ar-gyfer-cyfrif-blasu-am-ddim\\\/\"]}]},{\"@type\":\"ImageObject\",\"inLanguage\":\"cy-GB\",\"@id\":\"https:\\\/\\\/allin.online\\\/cy\\\/all-in-ar-gyfer-y-sector\\\/cofrestrwch-ar-gyfer-cyfrif-blasu-am-ddim\\\/#primaryimage\",\"url\":\"https:\\\/\\\/allin.online\\\/wp-content\\\/uploads\\\/2023\\\/10\\\/Access-Scheme-v1.2-HRes-2981-LR--scaled.jpg\",\"contentUrl\":\"https:\\\/\\\/allin.online\\\/wp-content\\\/uploads\\\/2023\\\/10\\\/Access-Scheme-v1.2-HRes-2981-LR--scaled.jpg\"},{\"@type\":\"BreadcrumbList\",\"@id\":\"https:\\\/\\\/allin.online\\\/cy\\\/all-in-ar-gyfer-y-sector\\\/cofrestrwch-ar-gyfer-cyfrif-blasu-am-ddim\\\/#breadcrumb\",\"itemListElement\":[{\"@type\":\"ListItem\",\"position\":1,\"name\":\"Hafan\",\"item\":\"https:\\\/\\\/allin.online\\\/cy\\\/\"},{\"@type\":\"ListItem\",\"position\":2,\"name\":\"All In ar gyfer y Sector\",\"item\":\"https:\\\/\\\/allin.online\\\/cy\\\/all-in-ar-gyfer-y-sector\\\/\"},{\"@type\":\"ListItem\",\"position\":3,\"name\":\"Cofrestrwch ar gyfer Cyfrif Blasu am ddim\"}]},{\"@type\":\"WebSite\",\"@id\":\"https:\\\/\\\/allin.online\\\/cy\\\/#website\",\"url\":\"https:\\\/\\\/allin.online\\\/cy\\\/\",\"name\":\"All in\",\"description\":\"Croeso i bawb\",\"publisher\":{\"@id\":\"https:\\\/\\\/allin.online\\\/cy\\\/#organization\"},\"potentialAction\":[{\"@type\":\"SearchAction\",\"target\":{\"@type\":\"EntryPoint\",\"urlTemplate\":\"https:\\\/\\\/allin.online\\\/cy\\\/?s={search_term_string}\"},\"query-input\":{\"@type\":\"PropertyValueSpecification\",\"valueRequired\":true,\"valueName\":\"search_term_string\"}}],\"inLanguage\":\"cy-GB\"},{\"@type\":\"Organization\",\"@id\":\"https:\\\/\\\/allin.online\\\/cy\\\/#organization\",\"name\":\"All in\",\"url\":\"https:\\\/\\\/allin.online\\\/cy\\\/\",\"logo\":{\"@type\":\"ImageObject\",\"inLanguage\":\"cy-GB\",\"@id\":\"https:\\\/\\\/allin.online\\\/cy\\\/#\\\/schema\\\/logo\\\/image\\\/\",\"url\":\"https:\\\/\\\/allin.online\\\/wp-content\\\/uploads\\\/2023\\\/11\\\/696x696.png\",\"contentUrl\":\"https:\\\/\\\/allin.online\\\/wp-content\\\/uploads\\\/2023\\\/11\\\/696x696.png\",\"width\":696,\"height\":696,\"caption\":\"All in\"},\"image\":{\"@id\":\"https:\\\/\\\/allin.online\\\/cy\\\/#\\\/schema\\\/logo\\\/image\\\/\"}}]}<\/script>\n<!-- \/ Yoast SEO plugin. -->","yoast_head_json":{"title":"Cofrestrwch ar gyfer Cyfrif Blasu am ddim - All In","description":"All In believes creativity and culture should be accessible to everyone. That\u2019s why we are developing a UK-wide access scheme.","robots":{"index":"index","follow":"follow","max-snippet":"max-snippet:-1","max-image-preview":"max-image-preview:large","max-video-preview":"max-video-preview:-1"},"canonical":"https:\/\/allin.online\/cy\/all-in-ar-gyfer-y-sector\/cofrestrwch-ar-gyfer-cyfrif-blasu-am-ddim\/","og_locale":"cy_GB","og_type":"article","og_title":"Cofrestrwch ar gyfer Cyfrif Blasu am ddim - All In","og_description":"All In believes creativity and culture should be accessible to everyone. That\u2019s why we are developing a UK-wide access scheme.","og_url":"https:\/\/allin.online\/cy\/all-in-ar-gyfer-y-sector\/cofrestrwch-ar-gyfer-cyfrif-blasu-am-ddim\/","og_site_name":"All In","article_modified_time":"2025-09-04T12:49:11+00:00","og_image":[{"url":"https:\/\/allin.online\/wp-content\/uploads\/2023\/10\/Access-Scheme-v1.2-HRes-2981-LR--scaled.jpg","type":"","width":"","height":""}],"twitter_card":"summary_large_image","twitter_misc":{"Est. reading time":"2 minutes"},"schema":{"@context":"https:\/\/schema.org","@graph":[{"@type":"WebPage","@id":"https:\/\/allin.online\/cy\/all-in-ar-gyfer-y-sector\/cofrestrwch-ar-gyfer-cyfrif-blasu-am-ddim\/","url":"https:\/\/allin.online\/cy\/all-in-ar-gyfer-y-sector\/cofrestrwch-ar-gyfer-cyfrif-blasu-am-ddim\/","name":"Cofrestrwch ar gyfer Cyfrif Blasu am ddim - All In","isPartOf":{"@id":"https:\/\/allin.online\/cy\/#website"},"primaryImageOfPage":{"@id":"https:\/\/allin.online\/cy\/all-in-ar-gyfer-y-sector\/cofrestrwch-ar-gyfer-cyfrif-blasu-am-ddim\/#primaryimage"},"image":{"@id":"https:\/\/allin.online\/cy\/all-in-ar-gyfer-y-sector\/cofrestrwch-ar-gyfer-cyfrif-blasu-am-ddim\/#primaryimage"},"thumbnailUrl":"https:\/\/allin.online\/wp-content\/uploads\/2023\/10\/Access-Scheme-v1.2-HRes-2981-LR--scaled.jpg","datePublished":"2025-09-04T06:23:47+00:00","dateModified":"2025-09-04T12:49:11+00:00","description":"All In believes creativity and culture should be accessible to everyone. That\u2019s why we are developing a UK-wide access scheme.","breadcrumb":{"@id":"https:\/\/allin.online\/cy\/all-in-ar-gyfer-y-sector\/cofrestrwch-ar-gyfer-cyfrif-blasu-am-ddim\/#breadcrumb"},"inLanguage":"cy-GB","potentialAction":[{"@type":"ReadAction","target":["https:\/\/allin.online\/cy\/all-in-ar-gyfer-y-sector\/cofrestrwch-ar-gyfer-cyfrif-blasu-am-ddim\/"]}]},{"@type":"ImageObject","inLanguage":"cy-GB","@id":"https:\/\/allin.online\/cy\/all-in-ar-gyfer-y-sector\/cofrestrwch-ar-gyfer-cyfrif-blasu-am-ddim\/#primaryimage","url":"https:\/\/allin.online\/wp-content\/uploads\/2023\/10\/Access-Scheme-v1.2-HRes-2981-LR--scaled.jpg","contentUrl":"https:\/\/allin.online\/wp-content\/uploads\/2023\/10\/Access-Scheme-v1.2-HRes-2981-LR--scaled.jpg"},{"@type":"BreadcrumbList","@id":"https:\/\/allin.online\/cy\/all-in-ar-gyfer-y-sector\/cofrestrwch-ar-gyfer-cyfrif-blasu-am-ddim\/#breadcrumb","itemListElement":[{"@type":"ListItem","position":1,"name":"Hafan","item":"https:\/\/allin.online\/cy\/"},{"@type":"ListItem","position":2,"name":"All In ar gyfer y Sector","item":"https:\/\/allin.online\/cy\/all-in-ar-gyfer-y-sector\/"},{"@type":"ListItem","position":3,"name":"Cofrestrwch ar gyfer Cyfrif Blasu am ddim"}]},{"@type":"WebSite","@id":"https:\/\/allin.online\/cy\/#website","url":"https:\/\/allin.online\/cy\/","name":"All in","description":"Croeso i bawb","publisher":{"@id":"https:\/\/allin.online\/cy\/#organization"},"potentialAction":[{"@type":"SearchAction","target":{"@type":"EntryPoint","urlTemplate":"https:\/\/allin.online\/cy\/?s={search_term_string}"},"query-input":{"@type":"PropertyValueSpecification","valueRequired":true,"valueName":"search_term_string"}}],"inLanguage":"cy-GB"},{"@type":"Organization","@id":"https:\/\/allin.online\/cy\/#organization","name":"All in","url":"https:\/\/allin.online\/cy\/","logo":{"@type":"ImageObject","inLanguage":"cy-GB","@id":"https:\/\/allin.online\/cy\/#\/schema\/logo\/image\/","url":"https:\/\/allin.online\/wp-content\/uploads\/2023\/11\/696x696.png","contentUrl":"https:\/\/allin.online\/wp-content\/uploads\/2023\/11\/696x696.png","width":696,"height":696,"caption":"All in"},"image":{"@id":"https:\/\/allin.online\/cy\/#\/schema\/logo\/image\/"}}]}},"_links":{"self":[{"href":"https:\/\/allin.online\/cy\/wp-json\/wp\/v2\/pages\/3799","targetHints":{"allow":["GET"]}}],"collection":[{"href":"https:\/\/allin.online\/cy\/wp-json\/wp\/v2\/pages"}],"about":[{"href":"https:\/\/allin.online\/cy\/wp-json\/wp\/v2\/types\/page"}],"author":[{"embeddable":true,"href":"https:\/\/allin.online\/cy\/wp-json\/wp\/v2\/users\/1"}],"replies":[{"embeddable":true,"href":"https:\/\/allin.online\/cy\/wp-json\/wp\/v2\/comments?post=3799"}],"version-history":[{"count":12,"href":"https:\/\/allin.online\/cy\/wp-json\/wp\/v2\/pages\/3799\/revisions"}],"predecessor-version":[{"id":3893,"href":"https:\/\/allin.online\/cy\/wp-json\/wp\/v2\/pages\/3799\/revisions\/3893"}],"up":[{"embeddable":true,"href":"https:\/\/allin.online\/cy\/wp-json\/wp\/v2\/pages\/781"}],"wp:attachment":[{"href":"https:\/\/allin.online\/cy\/wp-json\/wp\/v2\/media?parent=3799"}],"curies":[{"name":"wp","href":"https:\/\/api.w.org\/{rel}","templated":true}]}}